{"id":13899,"date":"2023-08-10T09:08:42","date_gmt":"2023-08-10T08:08:42","guid":{"rendered":"https:\/\/www.sibo.it\/prodotto\/fmr-c\/"},"modified":"2023-11-02T18:22:41","modified_gmt":"2023-11-02T17:22:41","slug":"fmr-c","status":"publish","type":"product","link":"https:\/\/www.sibo.it\/de\/Produkt\/fmr-c\/","title":{"rendered":"FMR\/C"},"content":{"rendered":"\t\t<div data-elementor-type=\"product-post\" data-elementor-id=\"13899\" class=\"elementor elementor-13899 elementor-10594\" data-elementor-post-type=\"product\">\n\t\t\t\t<div class=\"elementor-element elementor-element-cf1f3ba e-con-full e-flex e-con e-parent\" data-id=\"cf1f3ba\" data-element_type=\"container\" data-e-type=\"container\">\r\n\t\t<div class=\"elementor-element elementor-element-6d430be e-con-full e-flex e-con e-parent\" data-id=\"6d430be\" data-element_type=\"container\" data-e-type=\"container\">\r\n\t\t\t\t<div class=\"elementor-element elementor-element-ddd2f7f elementor-widget elementor-widget-text-editor\" data-id=\"ddd2f7f\" data-element_type=\"widget\" data-e-type=\"widget\" data-widget_type=\"text-editor.default\">\n\t\t\t\t<div class=\"elementor-widget-container\">\n\t\t\t\t\t\t\t\t\t<table border=\"0\" cellspacing=\"0\" cellpadding=\"0\">\n<tbody>\n<tr>\n<td>\n<table border=\"0\" cellspacing=\"0\" cellpadding=\"0\">\n<tbody>\n<tr>\n<td>Max. Breite des Stuckes<\/td>\n<td><strong> 50 mm.<\/strong><\/td>\n<\/tr>\n<tr>\n<td>Max. L\u00e4nge des Stuckes<\/td>\n<td><strong>150 mm.<\/strong><\/td>\n<\/tr>\n<tr>\n<td>ver\u00e4nderliche Herstellung<\/td>\n<td><strong>500\u00f7900 Stc.\/h.<\/strong><\/td>\n<\/tr>\n<\/tbody>\n<\/table>\n<\/td>\n<td> <\/td>\n<\/tr>\n<tr>\n<td> <\/td>\n<td><strong>.<\/strong><\/td>\n<\/tr>\n<\/tbody>\n<\/table>\n<p style=\"text-align: left;\"><b>EXTRA AUSR\u00dcSTUNG<\/b><\/p>\n<p style=\"text-align: left;\">\n\t\t\t\t\t\t\t\t<\/div>\n\t\t\t\t<\/div>\n\t\t\t\t<\/div>\n\t\t<div class=\"elementor-element elementor-element-8616444 e-con-full e-flex e-con e-parent\" data-id=\"8616444\" data-element_type=\"container\" data-e-type=\"container\">\r\n\t\t\t\t<div class=\"elementor-element elementor-element-e1de2a1 elementor-widget elementor-widget-text-editor\" data-id=\"e1de2a1\" data-element_type=\"widget\" data-e-type=\"widget\" data-widget_type=\"text-editor.default\">\n\t\t\t\t<div class=\"elementor-widget-container\">\n\t\t\t\t\t\t\t\t\t<p><b>EINIGE HERSTELLABARE PRODUKTE<\/b><\/p>\n<p><img decoding=\"async\" class=\"alignnone size-medium wp-image-10441\" src=\"https:\/\/www.sibo.it\/wp-content\/uploads\/2023\/08\/FMRC-300x150.jpg\" alt=\"\" width=\"300\" height=\"150\"><\/p>\n\t\t\t\t\t\t\t\t<\/div>\n\t\t\t\t<\/div>\n\t\t\t\t<\/div>\n\t\t\t\t<\/div>\n\t\t\t\t<\/div>\n\t\t","protected":false},"excerpt":{"rendered":"<p><strong>AUTOMATISCHE BOHRUNG-SCHNEIDERMASCHINE MODELL &#8222;FMR\/C&#8220;<\/strong><\/p>\n<p>Diese Maschine wurde entwickelt und hergestellt, um das automatische Bohren, Anfasen und Schneiden von Messergriffen auszuf\u00fchren. Die Maschine ist mit einem automatischen Lader und einem hochpr\u00e4zisen Drehtisch mit 4 Arbeitspositionen ausgestattet.<br \/>\nIn der ersten Position wird das Werkst\u00fcck mit Hilfe eines vertikalen Laders geladen.<br \/>\nIn der zweiten Position wird gleichzeitig das Bohren der Ober- und Unterseite mit Hilfe von zwei Mehrfachbohrk\u00f6pfen durchgef\u00fchrt, die auf linearen F\u00fchrungen montiert sind und jeweils durch einen Pneumatikzylinder bet\u00e4tigt und durch einen hydraulischen Geschwindigkeitsregler geregelt werden.<br \/>\nIn der dritten Position wird das Schneiden f\u00fcr die Montage der Klinge durchgef\u00fchrt. Der Fr\u00e4ser ist auf einer Elektrospindel mit 18000 U\/min montiert, die auf linearen F\u00fchrungen montiert ist und von einem Pneumatikzylinder angetrieben wird.<br \/>\nIn der vierten Position wird das Werkst\u00fcck automatisch entladen.<\/p>\n","protected":false},"featured_media":8978,"comment_status":"closed","ping_status":"closed","template":"","meta":{"_acf_changed":false},"product_brand":[],"product_cat":[315,135],"product_tag":[],"class_list":{"0":"post-13899","1":"product","2":"type-product","3":"status-publish","4":"has-post-thumbnail","6":"product_cat-gewindemaschinen-bohrmaschinen","7":"product_cat-holzmaschinen","8":"pa_applicazioni-messergriffe","10":"first","11":"instock","12":"shipping-taxable","13":"product-type-simple"},"acf":[],"_links":{"self":[{"href":"https:\/\/www.sibo.it\/de\/wp-json\/wp\/v2\/product\/13899","targetHints":{"allow":["GET"]}}],"collection":[{"href":"https:\/\/www.sibo.it\/de\/wp-json\/wp\/v2\/product"}],"about":[{"href":"https:\/\/www.sibo.it\/de\/wp-json\/wp\/v2\/types\/product"}],"replies":[{"embeddable":true,"href":"https:\/\/www.sibo.it\/de\/wp-json\/wp\/v2\/comments?post=13899"}],"version-history":[{"count":5,"href":"https:\/\/www.sibo.it\/de\/wp-json\/wp\/v2\/product\/13899\/revisions"}],"predecessor-version":[{"id":13904,"href":"https:\/\/www.sibo.it\/de\/wp-json\/wp\/v2\/product\/13899\/revisions\/13904"}],"wp:featuredmedia":[{"embeddable":true,"href":"https:\/\/www.sibo.it\/de\/wp-json\/wp\/v2\/media\/8978"}],"wp:attachment":[{"href":"https:\/\/www.sibo.it\/de\/wp-json\/wp\/v2\/media?parent=13899"}],"wp:term":[{"taxonomy":"product_brand","embeddable":true,"href":"https:\/\/www.sibo.it\/de\/wp-json\/wp\/v2\/product_brand?post=13899"},{"taxonomy":"product_cat","embeddable":true,"href":"https:\/\/www.sibo.it\/de\/wp-json\/wp\/v2\/product_cat?post=13899"},{"taxonomy":"product_tag","embeddable":true,"href":"https:\/\/www.sibo.it\/de\/wp-json\/wp\/v2\/product_tag?post=13899"}],"curies":[{"name":"wp","href":"https:\/\/api.w.org\/{rel}","templated":true}]}}