{"id":13853,"date":"2023-08-10T11:27:52","date_gmt":"2023-08-10T10:27:52","guid":{"rendered":"https:\/\/www.sibo.it\/prodotto\/fa-f\/"},"modified":"2024-01-24T15:10:06","modified_gmt":"2024-01-24T14:10:06","slug":"fa-f","status":"publish","type":"product","link":"https:\/\/www.sibo.it\/de\/Produkt\/fa-f\/","title":{"rendered":"FA\/F"},"content":{"rendered":"\t\t<div data-elementor-type=\"product-post\" data-elementor-id=\"13853\" class=\"elementor elementor-13853 elementor-10619\" data-elementor-post-type=\"product\">\n\t\t\t\t<div class=\"elementor-element elementor-element-cf1f3ba e-con-full e-flex e-con e-parent\" data-id=\"cf1f3ba\" data-element_type=\"container\" data-e-type=\"container\">\r\n\t\t<div class=\"elementor-element elementor-element-6d430be e-con-full e-flex e-con e-child\" data-id=\"6d430be\" data-element_type=\"container\" data-e-type=\"container\">\r\n\t\t\t\t<div class=\"elementor-element elementor-element-ddd2f7f elementor-widget elementor-widget-text-editor\" data-id=\"ddd2f7f\" data-element_type=\"widget\" data-e-type=\"widget\" data-widget_type=\"text-editor.default\">\n\t\t\t\t<div class=\"elementor-widget-container\">\n\t\t\t\t\t\t\t\t\t<table border=\"0\" cellspacing=\"0\" cellpadding=\"0\">\n<tbody>\n<tr>\n<td>\n<table border=\"0\" cellspacing=\"0\" cellpadding=\"0\">\n<tbody>\n<tr>\n<td><span style=\"font-size: 16px;\">Max. Arbeitsl\u00e4nge<\/span><\/td>\n<td><span style=\"font-size: 16px;\"><strong>400 mm.<\/strong><\/span><\/td>\n<\/tr>\n<tr>\n<td><span style=\"font-size: 16px;\">Max. Arbeitsvreite<\/span><\/td>\n<td><span style=\"font-size: 16px;\"><strong>100 mm.<\/strong><\/span><\/td>\n<\/tr>\n<tr>\n<td><span style=\"font-size: 16px;\">Max. Arbeitsh\u00f6he<\/span><\/td>\n<td><span style=\"font-size: 16px;\"><strong>70 mm.<\/strong><\/span><\/td>\n<\/tr>\n<tr>\n<td><span style=\"font-size: 16px;\">Herstellung<\/span><\/td>\n<td><span style=\"font-size: 16px;\"><strong>200\u00f7400 Stk.\/h.<\/strong><\/span><\/td>\n<\/tr>\n<\/tbody>\n<\/table>\n<\/td>\n<td> <\/td>\n<\/tr>\n<\/tbody>\n<\/table>\n<p style=\"text-align: left;\">\n\t\t\t\t\t\t\t\t<\/div>\n\t\t\t\t<\/div>\n\t\t\t\t<\/div>\n\t\t<div class=\"elementor-element elementor-element-8616444 e-con-full e-flex e-con e-child\" data-id=\"8616444\" data-element_type=\"container\" data-e-type=\"container\">\r\n\t\t\t\t<div class=\"elementor-element elementor-element-e1de2a1 elementor-widget elementor-widget-text-editor\" data-id=\"e1de2a1\" data-element_type=\"widget\" data-e-type=\"widget\" data-widget_type=\"text-editor.default\">\n\t\t\t\t<div class=\"elementor-widget-container\">\n\t\t\t\t\t\t\t\t\t<p><b>EINIGE HERSTELLABARE PRODUKTE<\/b><\/p>\n<p><img decoding=\"async\" class=\"alignnone size-medium wp-image-9041\" src=\"https:\/\/www.sibo.it\/wp-content\/uploads\/2023\/03\/Example-of-samples-produced-FAF-300x150.jpg\" alt=\"\" width=\"300\" height=\"150\"><\/p>\n\t\t\t\t\t\t\t\t<\/div>\n\t\t\t\t<\/div>\n\t\t\t\t<\/div>\n\t\t\t\t<\/div>\n\t\t\t\t<\/div>\n\t\t","protected":false},"excerpt":{"rendered":"<p><strong>AUTOMATISCHE BOHR-GEWINDEMASCHINE MODEL &#8222;FA\/F&#8220;<\/strong><\/p>\n<p>Automatische Maschine mit numerischer Steuerung, um gleichzeitig das Bohr und die Gewinde zu machen. Die Maschien ist geeignet f\u00fcr Sackl\u00f6chern zu machen und Gewinde auf Besen, B\u00fcrsten usw.<\/p>\n","protected":false},"featured_media":9038,"comment_status":"closed","ping_status":"closed","template":"","meta":{"_acf_changed":false},"product_brand":[],"product_cat":[315,135],"product_tag":[],"class_list":{"0":"post-13853","1":"product","2":"type-product","3":"status-publish","4":"has-post-thumbnail","6":"product_cat-gewindemaschinen-bohrmaschinen","7":"product_cat-holzmaschinen","8":"pa_applicazioni-besen-und-bursten","10":"first","11":"instock","12":"shipping-taxable","13":"product-type-simple"},"acf":[],"_links":{"self":[{"href":"https:\/\/www.sibo.it\/de\/wp-json\/wp\/v2\/product\/13853","targetHints":{"allow":["GET"]}}],"collection":[{"href":"https:\/\/www.sibo.it\/de\/wp-json\/wp\/v2\/product"}],"about":[{"href":"https:\/\/www.sibo.it\/de\/wp-json\/wp\/v2\/types\/product"}],"replies":[{"embeddable":true,"href":"https:\/\/www.sibo.it\/de\/wp-json\/wp\/v2\/comments?post=13853"}],"version-history":[{"count":2,"href":"https:\/\/www.sibo.it\/de\/wp-json\/wp\/v2\/product\/13853\/revisions"}],"predecessor-version":[{"id":15817,"href":"https:\/\/www.sibo.it\/de\/wp-json\/wp\/v2\/product\/13853\/revisions\/15817"}],"wp:featuredmedia":[{"embeddable":true,"href":"https:\/\/www.sibo.it\/de\/wp-json\/wp\/v2\/media\/9038"}],"wp:attachment":[{"href":"https:\/\/www.sibo.it\/de\/wp-json\/wp\/v2\/media?parent=13853"}],"wp:term":[{"taxonomy":"product_brand","embeddable":true,"href":"https:\/\/www.sibo.it\/de\/wp-json\/wp\/v2\/product_brand?post=13853"},{"taxonomy":"product_cat","embeddable":true,"href":"https:\/\/www.sibo.it\/de\/wp-json\/wp\/v2\/product_cat?post=13853"},{"taxonomy":"product_tag","embeddable":true,"href":"https:\/\/www.sibo.it\/de\/wp-json\/wp\/v2\/product_tag?post=13853"}],"curies":[{"name":"wp","href":"https:\/\/api.w.org\/{rel}","templated":true}]}}