{"id":13670,"date":"2023-08-09T15:45:30","date_gmt":"2023-08-09T14:45:30","guid":{"rendered":"https:\/\/www.sibo.it\/prodotto\/ca-2t\/"},"modified":"2024-01-23T16:58:21","modified_gmt":"2024-01-23T15:58:21","slug":"ca-2t","status":"publish","type":"product","link":"https:\/\/www.sibo.it\/de\/Produkt\/ca-2t\/","title":{"rendered":"CA\/2T"},"content":{"rendered":"\t\t<div data-elementor-type=\"product-post\" data-elementor-id=\"13670\" class=\"elementor elementor-13670 elementor-10491\" data-elementor-post-type=\"product\">\n\t\t\t\t<div class=\"elementor-element elementor-element-cf1f3ba e-con-full e-flex e-con e-parent\" data-id=\"cf1f3ba\" data-element_type=\"container\" data-e-type=\"container\">\r\n\t\t<div class=\"elementor-element elementor-element-6d430be e-con-full e-flex e-con e-child\" data-id=\"6d430be\" data-element_type=\"container\" data-e-type=\"container\">\r\n\t\t\t\t<div class=\"elementor-element elementor-element-ddd2f7f elementor-widget elementor-widget-text-editor\" data-id=\"ddd2f7f\" data-element_type=\"widget\" data-e-type=\"widget\" data-widget_type=\"text-editor.default\">\n\t\t\t\t<div class=\"elementor-widget-container\">\n\t\t\t\t\t\t\t\t\t<table border=\"0\" cellspacing=\"0\" cellpadding=\"0\">\n<tbody>\n<tr>\n<td>Max. Durchmesser<\/td>\n<td><strong>280&nbsp;mm.&nbsp;<\/strong><\/td>\n<\/tr>\n<tr>\n<td>Min. Durchmesser<\/td>\n<td><strong>&nbsp;15&nbsp;mm.&nbsp;<\/strong><\/td>\n<\/tr>\n<tr>\n<td>Max. Arbeitsh\u00f6he<\/td>\n<td><strong>&nbsp;35&nbsp;mm.&nbsp;<\/strong><\/td>\n<\/tr>\n<tr>\n<td>Fr\u00e4serdrehung&nbsp;<\/td>\n<td>&nbsp;<strong>6000\u00f718000&nbsp;RPM<\/strong><\/td>\n<\/tr>\n<tr>\n<td>einstellbare Werkst\u00fcckrotation&nbsp;<\/td>\n<td><strong>&nbsp; 5\u00f720 RPM<\/strong><\/td>\n<\/tr>\n<tr>\n<td colspan=\"2\">M\u00f6glichkeit nur 3 Seiten zu arbeiten, ohne die vierte Seite zu arbeiten &nbsp; &nbsp; &nbsp; &nbsp; &nbsp; &nbsp; &nbsp; &nbsp; &nbsp; &nbsp; &nbsp; <strong>Extra<\/strong><\/td>\n<\/tr>\n<\/tbody>\n<\/table>\n<p style=\"text-align: left;\">\n<\/p><p style=\"text-align: left;\">\n<\/p>\t\t\t\t\t\t\t\t<\/div>\n\t\t\t\t<\/div>\n\t\t\t\t<\/div>\n\t\t<div class=\"elementor-element elementor-element-8616444 e-con-full e-flex e-con e-child\" data-id=\"8616444\" data-element_type=\"container\" data-e-type=\"container\">\r\n\t\t\t\t<div class=\"elementor-element elementor-element-e1de2a1 elementor-widget elementor-widget-text-editor\" data-id=\"e1de2a1\" data-element_type=\"widget\" data-e-type=\"widget\" data-widget_type=\"text-editor.default\">\n\t\t\t\t<div class=\"elementor-widget-container\">\n\t\t\t\t\t\t\t\t\t<p><b> EINIGE HERSTELLABARE PRODUKTE<\/b><\/p>\n<p><img decoding=\"async\" class=\"alignnone size-medium wp-image-10493\" src=\"https:\/\/www.sibo.it\/wp-content\/uploads\/2023\/08\/CAMPION-CA2T-300x150.jpg\" alt=\"\" width=\"300\" height=\"150\"><\/p>\n\t\t\t\t\t\t\t\t<\/div>\n\t\t\t\t<\/div>\n\t\t\t\t<\/div>\n\t\t\t\t<\/div>\n\t\t\t\t<\/div>\n\t\t","protected":false},"excerpt":{"rendered":"<p><strong>DOPPEL KONTUR\/FR\u00c4SMASCHINE F\u00dcR KLEINE GEGENST\u00c4NDE MODELL &#8222;CA\/2T&#8220;<\/strong><\/p>\n<p>Diese Kontur\/Fr\u00e4smaschine ist geeignet um besondere Bearbeitungen zu machen. Die Maschine hat 2 Arbeitstischen um 2 St\u00fccke gleichzeitigen zu arbeiten. Mit dieser Maschine man kann das \u00c4u\u00dferen Profil von B\u00fcrste, Radfenster, Platten usw. Der Schnitt kann rund, oval, viereckig usw.<\/p>\n","protected":false},"featured_media":8576,"comment_status":"closed","ping_status":"closed","template":"","meta":{"_acf_changed":false},"product_brand":[],"product_cat":[135,313],"product_tag":[],"class_list":{"0":"post-13670","1":"product","2":"type-product","3":"status-publish","4":"has-post-thumbnail","6":"product_cat-holzmaschinen","7":"product_cat-konturfrasmaschinen","8":"pa_applicazioni-besen-und-bursten","10":"first","11":"instock","12":"shipping-taxable","13":"product-type-simple"},"acf":[],"_links":{"self":[{"href":"https:\/\/www.sibo.it\/de\/wp-json\/wp\/v2\/product\/13670","targetHints":{"allow":["GET"]}}],"collection":[{"href":"https:\/\/www.sibo.it\/de\/wp-json\/wp\/v2\/product"}],"about":[{"href":"https:\/\/www.sibo.it\/de\/wp-json\/wp\/v2\/types\/product"}],"replies":[{"embeddable":true,"href":"https:\/\/www.sibo.it\/de\/wp-json\/wp\/v2\/comments?post=13670"}],"version-history":[{"count":2,"href":"https:\/\/www.sibo.it\/de\/wp-json\/wp\/v2\/product\/13670\/revisions"}],"predecessor-version":[{"id":15654,"href":"https:\/\/www.sibo.it\/de\/wp-json\/wp\/v2\/product\/13670\/revisions\/15654"}],"wp:featuredmedia":[{"embeddable":true,"href":"https:\/\/www.sibo.it\/de\/wp-json\/wp\/v2\/media\/8576"}],"wp:attachment":[{"href":"https:\/\/www.sibo.it\/de\/wp-json\/wp\/v2\/media?parent=13670"}],"wp:term":[{"taxonomy":"product_brand","embeddable":true,"href":"https:\/\/www.sibo.it\/de\/wp-json\/wp\/v2\/product_brand?post=13670"},{"taxonomy":"product_cat","embeddable":true,"href":"https:\/\/www.sibo.it\/de\/wp-json\/wp\/v2\/product_cat?post=13670"},{"taxonomy":"product_tag","embeddable":true,"href":"https:\/\/www.sibo.it\/de\/wp-json\/wp\/v2\/product_tag?post=13670"}],"curies":[{"name":"wp","href":"https:\/\/api.w.org\/{rel}","templated":true}]}}