{"id":13611,"date":"2023-08-09T14:43:45","date_gmt":"2023-08-09T13:43:45","guid":{"rendered":"https:\/\/www.sibo.it\/prodotto\/ca-450\/"},"modified":"2023-10-24T16:21:12","modified_gmt":"2023-10-24T15:21:12","slug":"ca-450","status":"publish","type":"product","link":"https:\/\/www.sibo.it\/de\/Produkt\/ca-450\/","title":{"rendered":"CA\/450"},"content":{"rendered":"\t\t<div data-elementor-type=\"product-post\" data-elementor-id=\"13611\" class=\"elementor elementor-13611 elementor-10477\" data-elementor-post-type=\"product\">\n\t\t\t\t<div class=\"elementor-element elementor-element-cf1f3ba e-con-full e-flex e-con e-parent\" data-id=\"cf1f3ba\" data-element_type=\"container\" data-e-type=\"container\">\r\n\t\t<div class=\"elementor-element elementor-element-6d430be e-con-full e-flex e-con e-parent\" data-id=\"6d430be\" data-element_type=\"container\" data-e-type=\"container\">\r\n\t\t\t\t<div class=\"elementor-element elementor-element-ddd2f7f elementor-widget elementor-widget-text-editor\" data-id=\"ddd2f7f\" data-element_type=\"widget\" data-e-type=\"widget\" data-widget_type=\"text-editor.default\">\n\t\t\t\t<div class=\"elementor-widget-container\">\n\t\t\t\t\t\t\t\t\t<table border=\"0\" cellspacing=\"0\" cellpadding=\"0\">\n<tbody>\n<tr>\n<td>Max. Durchmesser des Stuckes <\/td>\n<td><strong>800 mm. <\/strong><\/td>\n<\/tr>\n<tr>\n<td>Max. Arbeitsh\u00f6he<\/td>\n<td><strong>100 mm<\/strong>.<\/td>\n<\/tr>\n<tr>\n<td>Spindel Durchmesser <\/td>\n<td><strong>30 mm. <\/strong><\/td>\n<\/tr>\n<tr>\n<td>Arbeitsdruck <\/td>\n<td><strong>5-6 ATM<\/strong><\/td>\n<\/tr>\n<tr>\n<td>Luftverbrauch pro Zyklus<\/td>\n<td><strong> 50 Lt.<\/strong><\/td>\n<\/tr>\n<tr>\n<td>Spindeldrehung<\/td>\n<td><strong>6000 RPM<\/strong><\/td>\n<\/tr>\n<\/tbody>\n<\/table>\n<p style=\"text-align: left;\"><b>EXTRA AUSR\u00dcSTUNG<\/b><\/p>\n<p style=\"text-align: left;\">\n\t\t\t\t\t\t\t\t<\/div>\n\t\t\t\t<\/div>\n\t\t\t\t<\/div>\n\t\t<div class=\"elementor-element elementor-element-8616444 e-con-full e-flex e-con e-parent\" data-id=\"8616444\" data-element_type=\"container\" data-e-type=\"container\">\r\n\t\t\t\t<div class=\"elementor-element elementor-element-e1de2a1 elementor-widget elementor-widget-text-editor\" data-id=\"e1de2a1\" data-element_type=\"widget\" data-e-type=\"widget\" data-widget_type=\"text-editor.default\">\n\t\t\t\t<div class=\"elementor-widget-container\">\n\t\t\t\t\t\t\t\t\t<p><b>EINIGE HERSTELLABARE PRODUKTE<\/b><\/p>\n<p><img decoding=\"async\" class=\"alignnone size-medium wp-image-10481\" src=\"https:\/\/www.sibo.it\/wp-content\/uploads\/2023\/08\/CA-450-300x150.jpg\" alt=\"\" width=\"300\" height=\"150\"><\/p>\n\t\t\t\t\t\t\t\t<\/div>\n\t\t\t\t<\/div>\n\t\t\t\t<\/div>\n\t\t\t\t<\/div>\n\t\t\t\t<\/div>\n\t\t","protected":false},"excerpt":{"rendered":"<p><strong>VERTIKALE KONTUR\/FR\u00c4SMASCHINE MODELL &#8222;CA\/450&#8220;<\/strong><\/p>\n<p>Kontur\/Fr\u00e4smaschine ist geeignet um besondere Bearbeitungen zu machen. Mit dieser Maschine sind folgende Bearbeitungen m\u00f6glich: das \u00e4u\u03b2ere Profil von Radfenster, Platten, St\u00fchle und Tischen Elemente, B\u00fcrste, Besen und andere Holzartikeln. Der Schnitt kann rund, oval, viereckig.<\/p>\n<p><strong>Die Maschine kann it folgenden Zubeh\u00f6rteilen ausstattet werden:<\/strong><\/p>\n<ul>\n<li>Elektropneumatischer Magazin 500x150mm.<\/li>\n<li>brushless Motor zum Antrieb der Tischrotation<\/li>\n<\/ul>\n","protected":false},"featured_media":20101,"comment_status":"closed","ping_status":"closed","template":"","meta":{"_acf_changed":false},"product_brand":[],"product_cat":[135,313],"product_tag":[],"class_list":{"0":"post-13611","1":"product","2":"type-product","3":"status-publish","4":"has-post-thumbnail","6":"product_cat-holzmaschinen","7":"product_cat-konturfrasmaschinen","8":"pa_applicazioni-besen-und-bursten","10":"first","11":"instock","12":"shipping-taxable","13":"product-type-simple"},"acf":[],"_links":{"self":[{"href":"https:\/\/www.sibo.it\/de\/wp-json\/wp\/v2\/product\/13611","targetHints":{"allow":["GET"]}}],"collection":[{"href":"https:\/\/www.sibo.it\/de\/wp-json\/wp\/v2\/product"}],"about":[{"href":"https:\/\/www.sibo.it\/de\/wp-json\/wp\/v2\/types\/product"}],"replies":[{"embeddable":true,"href":"https:\/\/www.sibo.it\/de\/wp-json\/wp\/v2\/comments?post=13611"}],"version-history":[{"count":3,"href":"https:\/\/www.sibo.it\/de\/wp-json\/wp\/v2\/product\/13611\/revisions"}],"predecessor-version":[{"id":13614,"href":"https:\/\/www.sibo.it\/de\/wp-json\/wp\/v2\/product\/13611\/revisions\/13614"}],"wp:featuredmedia":[{"embeddable":true,"href":"https:\/\/www.sibo.it\/de\/wp-json\/wp\/v2\/media\/20101"}],"wp:attachment":[{"href":"https:\/\/www.sibo.it\/de\/wp-json\/wp\/v2\/media?parent=13611"}],"wp:term":[{"taxonomy":"product_brand","embeddable":true,"href":"https:\/\/www.sibo.it\/de\/wp-json\/wp\/v2\/product_brand?post=13611"},{"taxonomy":"product_cat","embeddable":true,"href":"https:\/\/www.sibo.it\/de\/wp-json\/wp\/v2\/product_cat?post=13611"},{"taxonomy":"product_tag","embeddable":true,"href":"https:\/\/www.sibo.it\/de\/wp-json\/wp\/v2\/product_tag?post=13611"}],"curies":[{"name":"wp","href":"https:\/\/api.w.org\/{rel}","templated":true}]}}