{"id":12408,"date":"2023-08-24T16:13:27","date_gmt":"2023-08-24T15:13:27","guid":{"rendered":"https:\/\/www.sibo.it\/prodotto\/ldt-1000\/"},"modified":"2023-08-30T10:10:31","modified_gmt":"2023-08-30T09:10:31","slug":"ldt-1000","status":"publish","type":"product","link":"https:\/\/www.sibo.it\/de\/Produkt\/ldt-1000\/","title":{"rendered":"LDT\/1000"},"content":{"rendered":"\t\t<div data-elementor-type=\"product-post\" data-elementor-id=\"12408\" class=\"elementor elementor-12408 elementor-11472\" data-elementor-post-type=\"product\">\n\t\t\t\t<div class=\"elementor-element elementor-element-cf1f3ba e-con-full e-flex e-con e-parent\" data-id=\"cf1f3ba\" data-element_type=\"container\" data-e-type=\"container\">\r\n\t\t<div class=\"elementor-element elementor-element-6d430be e-con-full e-flex e-con e-parent\" data-id=\"6d430be\" data-element_type=\"container\" data-e-type=\"container\">\r\n\t\t\t\t<div class=\"elementor-element elementor-element-ddd2f7f elementor-widget elementor-widget-text-editor\" data-id=\"ddd2f7f\" data-element_type=\"widget\" data-e-type=\"widget\" data-widget_type=\"text-editor.default\">\n\t\t\t\t<div class=\"elementor-widget-container\">\n\t\t\t\t\t\t\t\t\t<table border=\"0\" cellspacing=\"0\" cellpadding=\"0\">\n<tbody>\n<tr>\n<td>Min. St\u00fcckesl\u00e4nge<\/td>\n<td><strong>100 mm.<\/strong><\/td>\n<\/tr>\n<tr>\n<td>Max. St\u00fcckesl\u00e4nge<\/td>\n<td><strong> 1000 mm.<\/strong><\/td>\n<\/tr>\n<tr>\n<td>Min. Arbeitsdurchmesser<\/td>\n<td><strong> 13 mm.<\/strong><\/td>\n<\/tr>\n<tr>\n<td>Max. Arbeitsdurchmesser<\/td>\n<td><strong> 50 mm.<\/strong><\/td>\n<\/tr>\n<tr>\n<td>B\u00fcrstendrehung<\/td>\n<td><strong>2880 RPM<\/strong><\/td>\n<\/tr>\n<tr>\n<td>St\u00fcckdrehung<\/td>\n<td><strong>10\u00f750 RPM<\/strong><\/td>\n<\/tr>\n<tr>\n<td>max. B\u00fcrstendurchmesser<\/td>\n<td><strong>400 mm.<\/strong><\/td>\n<\/tr>\n<tr>\n<td>max. B\u00fcrstendicke<\/td>\n<td><strong>50 mm.<\/strong><\/td>\n<\/tr>\n<tr>\n<td>Netto Gewicht<\/td>\n<td><strong>830 kg.<\/strong><\/td>\n<\/tr>\n<\/tbody>\n<\/table>\n\t\t\t\t\t\t\t\t<\/div>\n\t\t\t\t<\/div>\n\t\t\t\t<\/div>\n\t\t<div class=\"elementor-element elementor-element-8616444 e-con-full e-flex e-con e-parent\" data-id=\"8616444\" data-element_type=\"container\" data-e-type=\"container\">\r\n\t\t\t\t<div class=\"elementor-element elementor-element-e1de2a1 elementor-widget elementor-widget-text-editor\" data-id=\"e1de2a1\" data-element_type=\"widget\" data-e-type=\"widget\" data-widget_type=\"text-editor.default\">\n\t\t\t\t<div class=\"elementor-widget-container\">\n\t\t\t\t\t\t\t\t\t<p style=\"text-align: center;\"><b>EINIGE HERSTELLABARE PRODUKTE<br \/><img decoding=\"async\" class=\"alignnone size-medium wp-image-11450\" src=\"https:\/\/www.sibo.it\/wp-content\/uploads\/2023\/08\/samples-LDT-2500-300x150.jpg\" alt=\"\" width=\"300\" height=\"150\"><br \/><\/b><\/p>\n<p><b> <\/b><\/p>\n\t\t\t\t\t\t\t\t<\/div>\n\t\t\t\t<\/div>\n\t\t\t\t<\/div>\n\t\t\t\t<\/div>\n\t\t\t\t<\/div>\n\t\t","protected":false},"excerpt":{"rendered":"<p><strong>POLIERMASCHINE MODELL \u201cLDT\/1000\u201d<\/strong><br \/>\nSpezialmaschine um geraden Rohren mit rundem, ovalem, quadratischem und rechteckigem Querschnitt aus Stahl, Messing, Plexiglas usw. zu polieren.<\/p>\n<p>Beschreibung:<br \/>\nDer erste St\u00fcck zu bearbeiten wird zwischen 2 drehende Spitzen (auf einen 3 Stellungen Teilkopf montiert) festgeklemmt. An jeden Drehung des Teilkopfs, geht der St\u00fcck (schon in der Ladungsstelle) in die erste Bearbeitungsstation (Vorschleifen) wo beginnt er sich zu drehen; und der St\u00fcck in der ersten Station geht in die zweite Station (Fertigbearbeitung), w\u00e4hrend der St\u00fcck, der in der zweite Station war, geht in die Ladungsstelle wieder.. Jede Arbeitungsgruppe ist mit 2 Schlitten versehen, eine erm\u00f6glicht die Ann\u00e4herung des Polierscheibens an den St\u00fcck, die andere erm\u00f6glicht das longitudinales Gleiten der B\u00fcrsten in die 2 Richtungen. Der Arbeitszyklus wird mit einem Timer reguliert, w\u00e4hrend mit einem Motorregler kann man die Geschwindigkeit der St\u00fcckesdrehung einstellen.<\/p>\n","protected":false},"featured_media":11459,"comment_status":"closed","ping_status":"closed","template":"","meta":{"_acf_changed":false},"product_brand":[],"product_cat":[320,323],"product_tag":[],"class_list":{"0":"post-12408","1":"product","2":"type-product","3":"status-publish","4":"has-post-thumbnail","6":"product_cat-metallmaschinen","7":"product_cat-polieren-von-rohren","8":"pa_applicazioni-gerade-rohren","10":"first","11":"instock","12":"shipping-taxable","13":"product-type-simple"},"acf":[],"_links":{"self":[{"href":"https:\/\/www.sibo.it\/de\/wp-json\/wp\/v2\/product\/12408","targetHints":{"allow":["GET"]}}],"collection":[{"href":"https:\/\/www.sibo.it\/de\/wp-json\/wp\/v2\/product"}],"about":[{"href":"https:\/\/www.sibo.it\/de\/wp-json\/wp\/v2\/types\/product"}],"replies":[{"embeddable":true,"href":"https:\/\/www.sibo.it\/de\/wp-json\/wp\/v2\/comments?post=12408"}],"version-history":[{"count":1,"href":"https:\/\/www.sibo.it\/de\/wp-json\/wp\/v2\/product\/12408\/revisions"}],"predecessor-version":[{"id":12409,"href":"https:\/\/www.sibo.it\/de\/wp-json\/wp\/v2\/product\/12408\/revisions\/12409"}],"wp:featuredmedia":[{"embeddable":true,"href":"https:\/\/www.sibo.it\/de\/wp-json\/wp\/v2\/media\/11459"}],"wp:attachment":[{"href":"https:\/\/www.sibo.it\/de\/wp-json\/wp\/v2\/media?parent=12408"}],"wp:term":[{"taxonomy":"product_brand","embeddable":true,"href":"https:\/\/www.sibo.it\/de\/wp-json\/wp\/v2\/product_brand?post=12408"},{"taxonomy":"product_cat","embeddable":true,"href":"https:\/\/www.sibo.it\/de\/wp-json\/wp\/v2\/product_cat?post=12408"},{"taxonomy":"product_tag","embeddable":true,"href":"https:\/\/www.sibo.it\/de\/wp-json\/wp\/v2\/product_tag?post=12408"}],"curies":[{"name":"wp","href":"https:\/\/api.w.org\/{rel}","templated":true}]}}