{"id":12367,"date":"2023-08-24T16:24:23","date_gmt":"2023-08-24T15:24:23","guid":{"rendered":"https:\/\/www.sibo.it\/prodotto\/ttf-800\/"},"modified":"2024-04-03T09:23:31","modified_gmt":"2024-04-03T08:23:31","slug":"ttf-800","status":"publish","type":"product","link":"https:\/\/www.sibo.it\/de\/Produkt\/ttf-800\/","title":{"rendered":"TTF\/800"},"content":{"rendered":"\t\t<div data-elementor-type=\"product-post\" data-elementor-id=\"12367\" class=\"elementor elementor-12367 elementor-11478\" data-elementor-post-type=\"product\">\n\t\t\t\t<div class=\"elementor-element elementor-element-cf1f3ba e-con-full e-flex e-con e-parent\" data-id=\"cf1f3ba\" data-element_type=\"container\" data-e-type=\"container\">\r\n\t\t<div class=\"elementor-element elementor-element-6d430be e-con-full e-flex e-con e-parent\" data-id=\"6d430be\" data-element_type=\"container\" data-e-type=\"container\">\r\n\t\t\t\t<div class=\"elementor-element elementor-element-9fc01f2 elementor-widget elementor-widget-text-editor\" data-id=\"9fc01f2\" data-element_type=\"widget\" data-e-type=\"widget\" data-widget_type=\"text-editor.default\">\n\t\t\t\t<div class=\"elementor-widget-container\">\n\t\t\t\t\t\t\t\t\t<table border=\"0\" cellspacing=\"0\" cellpadding=\"0\">\n<tbody>\n<tr>\n<td>Max. Arbeitsl\u00e4nge<\/td>\n<td><strong>3500 mm.<\/strong><\/td>\n<\/tr>\n<tr>\n<td>Min. Arbeitsl\u00e4nge<\/td>\n<td><strong> 500 mm.<\/strong><\/td>\n<\/tr>\n<tr>\n<td>Max. Durchmesser<\/td>\n<td><strong>800 mm.<\/strong><\/td>\n<\/tr>\n<tr>\n<td>Min. Durchmesser<\/td>\n<td><strong>90 mm.<\/strong><\/td>\n<\/tr>\n<tr>\n<td>Rohrrotationsgeschwindigkeit<\/td>\n<td><b>6<strong>\u00f730 mt.\/min.<\/strong><\/b><\/td>\n<\/tr>\n<tr>\n<td>Kreismesserdurchmesser<\/td>\n<td><b>300 mm.<\/b><\/td>\n<\/tr>\n<tr>\n<td>Netto Gewicht<\/td>\n<td><strong>6440 kg.<\/strong><\/td>\n<\/tr>\n<\/tbody>\n<\/table>\n<p style=\"text-align: left;\">\n\t\t\t\t\t\t\t\t<\/div>\n\t\t\t\t<\/div>\n\t\t\t\t<\/div>\n\t\t<div class=\"elementor-element elementor-element-8616444 e-con-full e-flex e-con e-parent\" data-id=\"8616444\" data-element_type=\"container\" data-e-type=\"container\">\r\n\t\t\t\t<div class=\"elementor-element elementor-element-e1de2a1 elementor-widget elementor-widget-text-editor\" data-id=\"e1de2a1\" data-element_type=\"widget\" data-e-type=\"widget\" data-widget_type=\"text-editor.default\">\n\t\t\t\t<div class=\"elementor-widget-container\">\n\t\t\t\t\t\t\t\t\t<p style=\"text-align: center;\"><b>EINIGE HERSTELLABARE PRODUKTE<br \/><img decoding=\"async\" class=\"alignnone size-medium wp-image-11486\" src=\"https:\/\/www.sibo.it\/wp-content\/uploads\/2023\/08\/Tubo-in-fibra-di-carbonio-300x150.jpg\" alt=\"\" width=\"300\" height=\"150\"><br \/><\/b><\/p>\n<p><b> <\/b><\/p>\n\t\t\t\t\t\t\t\t<\/div>\n\t\t\t\t<\/div>\n\t\t\t\t<\/div>\n\t\t\t\t<\/div>\n\t\t\t\t<\/div>\n\t\t","protected":false},"excerpt":{"rendered":"<p><strong>AUTOMATISCHER SCHNEIDER MASCHINE F\u00dcR KOHLENSTOFFFASERROHREN MODELL &#8222;TTF\/800&#8220;<\/strong><\/p>\n<p>Die CNC-Maschine eignet sich zum Schneiden von Kohlefaser-, Karton- und Plexiglasrohren. In der CN ist es m\u00f6glich, zwischen drei verschiedenen Programmen zu w\u00e4hlen: Endschneiden der Extremit\u00e4ten, mehrfacher symmetrischer Schnitt und mehrfacher asymmetrischer Schnitt; F\u00fcr jedes dieser Programme k\u00f6nnen die folgenden Parameter eingestellt werden: Durchmesser, Dicke und L\u00e4nge des Rohrs; Durchmesser Dicke und Geschwindigkeit der kreisf\u00f6rmigen Klinge; Position und Drehgeschwindigkeit des Rollenf\u00f6rderers. Sobald der Bediener das Programm ausgew\u00e4hlt und alle Parameter eingestellt hat, dr\u00fcckt er den Startknopf, das Rohr beginnt sich zu drehen und die kreisf\u00f6rmige Klinge f\u00fchrt den gew\u00fcnschten Schnitt aus.<\/p>\n","protected":false},"featured_media":11483,"comment_status":"closed","ping_status":"closed","template":"","meta":{"_acf_changed":false},"product_brand":[],"product_cat":[320,326],"product_tag":[],"class_list":{"0":"post-12367","1":"product","2":"type-product","3":"status-publish","4":"has-post-thumbnail","6":"product_cat-metallmaschinen","7":"product_cat-sondermaschinen","8":"pa_applicazioni-nach-wunsch","10":"first","11":"instock","12":"shipping-taxable","13":"product-type-simple"},"acf":[],"_links":{"self":[{"href":"https:\/\/www.sibo.it\/de\/wp-json\/wp\/v2\/product\/12367","targetHints":{"allow":["GET"]}}],"collection":[{"href":"https:\/\/www.sibo.it\/de\/wp-json\/wp\/v2\/product"}],"about":[{"href":"https:\/\/www.sibo.it\/de\/wp-json\/wp\/v2\/types\/product"}],"replies":[{"embeddable":true,"href":"https:\/\/www.sibo.it\/de\/wp-json\/wp\/v2\/comments?post=12367"}],"version-history":[{"count":4,"href":"https:\/\/www.sibo.it\/de\/wp-json\/wp\/v2\/product\/12367\/revisions"}],"predecessor-version":[{"id":13649,"href":"https:\/\/www.sibo.it\/de\/wp-json\/wp\/v2\/product\/12367\/revisions\/13649"}],"wp:featuredmedia":[{"embeddable":true,"href":"https:\/\/www.sibo.it\/de\/wp-json\/wp\/v2\/media\/11483"}],"wp:attachment":[{"href":"https:\/\/www.sibo.it\/de\/wp-json\/wp\/v2\/media?parent=12367"}],"wp:term":[{"taxonomy":"product_brand","embeddable":true,"href":"https:\/\/www.sibo.it\/de\/wp-json\/wp\/v2\/product_brand?post=12367"},{"taxonomy":"product_cat","embeddable":true,"href":"https:\/\/www.sibo.it\/de\/wp-json\/wp\/v2\/product_cat?post=12367"},{"taxonomy":"product_tag","embeddable":true,"href":"https:\/\/www.sibo.it\/de\/wp-json\/wp\/v2\/product_tag?post=12367"}],"curies":[{"name":"wp","href":"https:\/\/api.w.org\/{rel}","templated":true}]}}