{"id":12341,"date":"2023-08-24T16:48:00","date_gmt":"2023-08-24T15:48:00","guid":{"rendered":"https:\/\/www.sibo.it\/prodotto\/sab-cnc\/"},"modified":"2024-03-25T11:05:52","modified_gmt":"2024-03-25T10:05:52","slug":"sab-cnc","status":"publish","type":"product","link":"https:\/\/www.sibo.it\/de\/Produkt\/sab-cnc\/","title":{"rendered":"SAB\/CNC"},"content":{"rendered":"\t\t<div data-elementor-type=\"product-post\" data-elementor-id=\"12341\" class=\"elementor elementor-12341 elementor-11534\" data-elementor-post-type=\"product\">\n\t\t\t\t<div class=\"elementor-element elementor-element-cf1f3ba e-con-full e-flex e-con e-parent\" data-id=\"cf1f3ba\" data-element_type=\"container\" data-e-type=\"container\">\r\n\t\t<div class=\"elementor-element elementor-element-6d430be e-con-full e-flex e-con e-parent\" data-id=\"6d430be\" data-element_type=\"container\" data-e-type=\"container\">\r\n\t\t\t\t<div class=\"elementor-element elementor-element-ddd2f7f elementor-widget elementor-widget-text-editor\" data-id=\"ddd2f7f\" data-element_type=\"widget\" data-e-type=\"widget\" data-widget_type=\"text-editor.default\">\n\t\t\t\t<div class=\"elementor-widget-container\">\n\t\t\t\t\t\t\t\t\t<table border=\"0\" cellspacing=\"0\" cellpadding=\"0\">\n<tbody>\n<tr>\n<td>Max. Durchmesser <\/td>\n<td><strong> 750<\/strong> <strong>mm.<\/strong><\/td>\n<\/tr>\n<tr>\n<td>Min. Durchmesser<\/td>\n<td><strong> 300 mm.<\/strong><\/td>\n<\/tr>\n<tr>\n<td>Aschleifb\u00e4nder Geschwindigkeit<\/td>\n<td><strong>25 mt.\/sec.<\/strong><\/td>\n<\/tr>\n<tr>\n<td>Schleifband Entwicklung<\/td>\n<td><strong>3500&#215;60 mm.<\/strong><\/td>\n<\/tr>\n<tr>\n<td>Max. L\u00e4nge des Zylinders<\/td>\n<td><strong>11000 mm.<\/strong><\/td>\n<\/tr>\n<tr>\n<td>Min. L\u00e4nge des Zylinders<\/td>\n<td><strong> 1000 mm.<\/strong><\/td>\n<\/tr>\n<tr>\n<td>Netto Gewicht<\/td>\n<td><strong>3500 kg.<\/strong><\/td>\n<\/tr>\n<\/tbody>\n<\/table>\n\t\t\t\t\t\t\t\t<\/div>\n\t\t\t\t<\/div>\n\t\t\t\t<\/div>\n\t\t<div class=\"elementor-element elementor-element-8616444 e-con-full e-flex e-con e-parent\" data-id=\"8616444\" data-element_type=\"container\" data-e-type=\"container\">\r\n\t\t\t\t<div class=\"elementor-element elementor-element-e1de2a1 elementor-widget elementor-widget-text-editor\" data-id=\"e1de2a1\" data-element_type=\"widget\" data-e-type=\"widget\" data-widget_type=\"text-editor.default\">\n\t\t\t\t<div class=\"elementor-widget-container\">\n\t\t\t\t\t\t\t\t\t<p style=\"text-align: center;\"><b>EINIGE HERSTELLABARE PRODUKTE<br \/><img decoding=\"async\" class=\"alignnone size-medium wp-image-11543\" src=\"https:\/\/www.sibo.it\/wp-content\/uploads\/2023\/08\/CAMP_BOMBOLE-300x150.jpg\" alt=\"\" width=\"300\" height=\"150\"> <br \/><\/b><\/p>\n<p><b> <\/b><\/p>\n\t\t\t\t\t\t\t\t<\/div>\n\t\t\t\t<\/div>\n\t\t\t\t<\/div>\n\t\t\t\t<\/div>\n\t\t\t\t<\/div>\n\t\t","protected":false},"excerpt":{"rendered":"<p><strong>\u0421NC AUTOMATISCHE SCHLEIFMASHINE F\u00dcR GASFLASCHEN OGIVEN MODELL &#8222;SAB\/CNC&#8220;<\/strong><\/p>\n<p>CNC Automatische Schleifmaschine mit 4 Achsen, geeignet zum schleifen von Gasflaschen Ogiven. Die Maschine ist mit 1 Schleifband und 4 Gleitst\u00fccken ausgestattet, die jeweils durch einen b\u00fcrstenlosen Motor gesteuert sind und die das Folgen des Profils der Ogive erm\u00f6glichen.<\/p>\n","protected":false},"featured_media":11539,"comment_status":"closed","ping_status":"closed","template":"","meta":{"_acf_changed":false},"product_brand":[],"product_cat":[320,326],"product_tag":[],"class_list":{"0":"post-12341","1":"product","2":"type-product","3":"status-publish","4":"has-post-thumbnail","6":"product_cat-metallmaschinen","7":"product_cat-sondermaschinen","8":"pa_applicazioni-nach-wunsch","10":"first","11":"instock","12":"shipping-taxable","13":"product-type-simple"},"acf":[],"_links":{"self":[{"href":"https:\/\/www.sibo.it\/de\/wp-json\/wp\/v2\/product\/12341","targetHints":{"allow":["GET"]}}],"collection":[{"href":"https:\/\/www.sibo.it\/de\/wp-json\/wp\/v2\/product"}],"about":[{"href":"https:\/\/www.sibo.it\/de\/wp-json\/wp\/v2\/types\/product"}],"replies":[{"embeddable":true,"href":"https:\/\/www.sibo.it\/de\/wp-json\/wp\/v2\/comments?post=12341"}],"version-history":[{"count":2,"href":"https:\/\/www.sibo.it\/de\/wp-json\/wp\/v2\/product\/12341\/revisions"}],"predecessor-version":[{"id":17270,"href":"https:\/\/www.sibo.it\/de\/wp-json\/wp\/v2\/product\/12341\/revisions\/17270"}],"wp:featuredmedia":[{"embeddable":true,"href":"https:\/\/www.sibo.it\/de\/wp-json\/wp\/v2\/media\/11539"}],"wp:attachment":[{"href":"https:\/\/www.sibo.it\/de\/wp-json\/wp\/v2\/media?parent=12341"}],"wp:term":[{"taxonomy":"product_brand","embeddable":true,"href":"https:\/\/www.sibo.it\/de\/wp-json\/wp\/v2\/product_brand?post=12341"},{"taxonomy":"product_cat","embeddable":true,"href":"https:\/\/www.sibo.it\/de\/wp-json\/wp\/v2\/product_cat?post=12341"},{"taxonomy":"product_tag","embeddable":true,"href":"https:\/\/www.sibo.it\/de\/wp-json\/wp\/v2\/product_tag?post=12341"}],"curies":[{"name":"wp","href":"https:\/\/api.w.org\/{rel}","templated":true}]}}