{"id":12331,"date":"2023-08-24T17:07:13","date_gmt":"2023-08-24T16:07:13","guid":{"rendered":"https:\/\/www.sibo.it\/prodotto\/spt-cnc\/"},"modified":"2024-03-26T14:55:10","modified_gmt":"2024-03-26T13:55:10","slug":"spt-cnc","status":"publish","type":"product","link":"https:\/\/www.sibo.it\/de\/Produkt\/spt-cnc\/","title":{"rendered":"SPT\/CNC"},"content":{"rendered":"\t\t<div data-elementor-type=\"product-post\" data-elementor-id=\"12331\" class=\"elementor elementor-12331 elementor-11558\" data-elementor-post-type=\"product\">\n\t\t\t\t<div class=\"elementor-element elementor-element-cf1f3ba e-con-full e-flex e-con e-parent\" data-id=\"cf1f3ba\" data-element_type=\"container\" data-e-type=\"container\">\r\n\t\t<div class=\"elementor-element elementor-element-6d430be e-con-full e-flex e-con e-parent\" data-id=\"6d430be\" data-element_type=\"container\" data-e-type=\"container\">\r\n\t\t\t\t<div class=\"elementor-element elementor-element-ddd2f7f elementor-widget elementor-widget-text-editor\" data-id=\"ddd2f7f\" data-element_type=\"widget\" data-e-type=\"widget\" data-widget_type=\"text-editor.default\">\n\t\t\t\t<div class=\"elementor-widget-container\">\n\t\t\t\t\t\t\t\t\t<table border=\"0\" cellspacing=\"0\" cellpadding=\"0\">\n<tbody>\n<tr>\n<td>Max. Arbeitsh\u00f6he<\/td>\n<td><strong>120<\/strong> <strong>mm.<\/strong><\/td>\n<\/tr>\n<tr>\n<td>Max. Breite<\/td>\n<td><strong> 150 mm.<\/strong><\/td>\n<\/tr>\n<tr>\n<td>ASchleifb\u00e4nder Geschwindigkeit<\/td>\n<td><strong>25 mt\/sec<\/strong>.<\/td>\n<\/tr>\n<tr>\n<td>Schleifband Entwicklung<\/td>\n<td><strong>2500&#215;150 mm.<\/strong><\/td>\n<\/tr>\n<tr>\n<td>Max. Gr\u00f6\u00dfe des Werkst\u00fcckes<\/td>\n<td><strong>500x120x120<\/strong> <strong>mm.<\/strong><\/td>\n<\/tr>\n<tr>\n<td>w\u00e4hrend der Bearbeitung des Werkst\u00fccks<\/td>\n<td><strong>etwa 3 Minuten<\/strong><\/td>\n<\/tr>\n<tr>\n<td>Netto Gewicht<\/td>\n<td><strong>900 kg.<\/strong><\/td>\n<\/tr>\n<\/tbody>\n<\/table>\n\t\t\t\t\t\t\t\t<\/div>\n\t\t\t\t<\/div>\n\t\t\t\t<\/div>\n\t\t<div class=\"elementor-element elementor-element-8616444 e-con-full e-flex e-con e-parent\" data-id=\"8616444\" data-element_type=\"container\" data-e-type=\"container\">\r\n\t\t\t\t<div class=\"elementor-element elementor-element-e1de2a1 elementor-widget elementor-widget-text-editor\" data-id=\"e1de2a1\" data-element_type=\"widget\" data-e-type=\"widget\" data-widget_type=\"text-editor.default\">\n\t\t\t\t<div class=\"elementor-widget-container\">\n\t\t\t\t\t\t\t\t\t<p style=\"text-align: center;\"><b>EINIGE HERSTELLABARE PRODUKTE<br \/><img decoding=\"async\" class=\"alignnone size-medium wp-image-11567\" src=\"https:\/\/www.sibo.it\/wp-content\/uploads\/2023\/08\/CAMP_PALE_TURBINE-300x150.jpg\" alt=\"\" width=\"300\" height=\"150\"> <br \/><\/b><\/p>\n<p><b> <\/b><\/p>\n\t\t\t\t\t\t\t\t<\/div>\n\t\t\t\t<\/div>\n\t\t\t\t<\/div>\n\t\t\t\t<\/div>\n\t\t\t\t<\/div>\n\t\t","protected":false},"excerpt":{"rendered":"<p><strong>CNC SCHLEIFMASCHINE F\u00dcR TURBINENSCHAUFELN MODELL &#8222;SPT\/CNC&#8220;<\/strong><\/p>\n<p>CNC Schleifmaschine mit 3 interpolierten Achsen, geeignet zum schleifen der vordere Teil der Turbinenschaufeln. Die Maschine ist mit 1 Schleifband und 3 Gleitst\u00fccken ausgestattet, die jeweils durch einen b\u00fcrstenlosen Motorund durch eine Cn mitTouchscreen-Monitor und Linux Betriebssystem gesteuert sind.<\/p>\n","protected":false},"featured_media":17054,"comment_status":"closed","ping_status":"closed","template":"","meta":{"_acf_changed":false},"product_brand":[],"product_cat":[320,326],"product_tag":[],"class_list":{"0":"post-12331","1":"product","2":"type-product","3":"status-publish","4":"has-post-thumbnail","6":"product_cat-metallmaschinen","7":"product_cat-sondermaschinen","8":"pa_applicazioni-nach-wunsch","10":"first","11":"instock","12":"shipping-taxable","13":"product-type-simple"},"acf":[],"_links":{"self":[{"href":"https:\/\/www.sibo.it\/de\/wp-json\/wp\/v2\/product\/12331","targetHints":{"allow":["GET"]}}],"collection":[{"href":"https:\/\/www.sibo.it\/de\/wp-json\/wp\/v2\/product"}],"about":[{"href":"https:\/\/www.sibo.it\/de\/wp-json\/wp\/v2\/types\/product"}],"replies":[{"embeddable":true,"href":"https:\/\/www.sibo.it\/de\/wp-json\/wp\/v2\/comments?post=12331"}],"version-history":[{"count":1,"href":"https:\/\/www.sibo.it\/de\/wp-json\/wp\/v2\/product\/12331\/revisions"}],"predecessor-version":[{"id":12332,"href":"https:\/\/www.sibo.it\/de\/wp-json\/wp\/v2\/product\/12331\/revisions\/12332"}],"wp:featuredmedia":[{"embeddable":true,"href":"https:\/\/www.sibo.it\/de\/wp-json\/wp\/v2\/media\/17054"}],"wp:attachment":[{"href":"https:\/\/www.sibo.it\/de\/wp-json\/wp\/v2\/media?parent=12331"}],"wp:term":[{"taxonomy":"product_brand","embeddable":true,"href":"https:\/\/www.sibo.it\/de\/wp-json\/wp\/v2\/product_brand?post=12331"},{"taxonomy":"product_cat","embeddable":true,"href":"https:\/\/www.sibo.it\/de\/wp-json\/wp\/v2\/product_cat?post=12331"},{"taxonomy":"product_tag","embeddable":true,"href":"https:\/\/www.sibo.it\/de\/wp-json\/wp\/v2\/product_tag?post=12331"}],"curies":[{"name":"wp","href":"https:\/\/api.w.org\/{rel}","templated":true}]}}