{"id":12321,"date":"2023-08-24T17:12:16","date_gmt":"2023-08-24T16:12:16","guid":{"rendered":"https:\/\/www.sibo.it\/prodotto\/ssie-6t\/"},"modified":"2024-03-26T15:20:32","modified_gmt":"2024-03-26T14:20:32","slug":"ssie-6t","status":"publish","type":"product","link":"https:\/\/www.sibo.it\/de\/Produkt\/ssie-6t\/","title":{"rendered":"SSIE\/6T"},"content":{"rendered":"\t\t<div data-elementor-type=\"product-post\" data-elementor-id=\"12321\" class=\"elementor elementor-12321 elementor-11576\" data-elementor-post-type=\"product\">\n\t\t\t\t<div class=\"elementor-element elementor-element-cf1f3ba e-con-full e-flex e-con e-parent\" data-id=\"cf1f3ba\" data-element_type=\"container\" data-e-type=\"container\">\r\n\t\t<div class=\"elementor-element elementor-element-6d430be e-con-full e-flex e-con e-parent\" data-id=\"6d430be\" data-element_type=\"container\" data-e-type=\"container\">\r\n\t\t\t\t<div class=\"elementor-element elementor-element-ddd2f7f elementor-widget elementor-widget-text-editor\" data-id=\"ddd2f7f\" data-element_type=\"widget\" data-e-type=\"widget\" data-widget_type=\"text-editor.default\">\n\t\t\t\t<div class=\"elementor-widget-container\">\n\t\t\t\t\t\t\t\t\t<table border=\"0\" cellspacing=\"0\" cellpadding=\"0\">\n<tbody>\n<tr>\n<td>Max. Arbeitsh\u00f6he<\/td>\n<td><strong>140 mm.<\/strong><\/td>\n<\/tr>\n<tr>\n<td>Abmessungen au\u00dfen Bandschleifer<\/td>\n<td><strong>2500&#215;150<\/strong> <strong>mm.<\/strong><\/td>\n<\/tr>\n<tr>\n<td>ASchleifb\u00e4nder Geschwindigkeit<\/td>\n<td><strong>25 mt\/sec.<\/strong><\/td>\n<\/tr>\n<tr>\n<td>Ma\u00dfe des inneren Schleifen-Band<\/td>\n<td><strong>440\/785 mm.<\/strong><\/td>\n<\/tr>\n<tr>\n<td>Schleifband Oszillation<\/td>\n<td><strong>20 mm.<\/strong><\/td>\n<\/tr>\n<tr>\n<td>Max. Gr\u00f6\u00dfe des Werkst\u00fcckes<\/td>\n<td><strong> 550x550x40<\/strong> <strong>mm.<\/strong><\/td>\n<\/tr>\n<tr>\n<td>Netto Gewicht <\/td>\n<td><strong>3200 kg.<\/strong><\/td>\n<\/tr>\n<\/tbody>\n<\/table>\n\t\t\t\t\t\t\t\t<\/div>\n\t\t\t\t<\/div>\n\t\t\t\t<\/div>\n\t\t<div class=\"elementor-element elementor-element-8616444 e-con-full e-flex e-con e-parent\" data-id=\"8616444\" data-element_type=\"container\" data-e-type=\"container\">\r\n\t\t\t\t<div class=\"elementor-element elementor-element-e1de2a1 elementor-widget elementor-widget-text-editor\" data-id=\"e1de2a1\" data-element_type=\"widget\" data-e-type=\"widget\" data-widget_type=\"text-editor.default\">\n\t\t\t\t<div class=\"elementor-widget-container\">\n\t\t\t\t\t\t\t\t\t<p style=\"text-align: center;\"><b>EINIGE HERSTELLABARE PRODUKTE<br \/><img decoding=\"async\" class=\"alignnone size-medium wp-image-11585\" src=\"https:\/\/www.sibo.it\/wp-content\/uploads\/2023\/08\/CAMP_SSIE6T-300x150.jpg\" alt=\"\" width=\"300\" height=\"150\"><br \/><\/b><\/p>\n<p><b> <\/b><\/p>\n\t\t\t\t\t\t\t\t<\/div>\n\t\t\t\t<\/div>\n\t\t\t\t<\/div>\n\t\t\t\t<\/div>\n\t\t\t\t<\/div>\n\t\t","protected":false},"excerpt":{"rendered":"<p><strong>AUTOMATISCHE LINIE ZUR BEARBEITUNG GESCHLOSSENER PROFILE MODELL &#8222;SSIE\/6T&#8220;<\/strong><\/p>\n<p>CNC Automatische Linie zum schleifen und satinieren inneren und \u00e4u\u00dferen geschlossenen Profilen mit vierkantem, rechth\u00f6kigem, ovalem und rundem Querschnitt. Die Linie ist mit 3 Schleifeinheiten zur Innenverarbeitung und 3 Schleifeinheiten zur Au\u00dfenverarbeitung ausgestattet. Jede Einheit ist mit Schwingung ausgestattet und wird durch b\u00fcrstenlose Motoren f\u00fcr eine schnelle Positionierung und eine einfache Einrichtung gesteuert. Die St\u00fccke werden automatisch von einer Arbeitsstation zu der anderen mittels selbstzentrierender Greifer bewegt und abh\u00e4ngig von deren Dimension, ist die gleichzeitige Verarbeitung bis zu 6 St\u00fccken m\u00f6glich.<\/p>\n","protected":false},"featured_media":11581,"comment_status":"closed","ping_status":"closed","template":"","meta":{"_acf_changed":false},"product_brand":[],"product_cat":[320,326],"product_tag":[],"class_list":{"0":"post-12321","1":"product","2":"type-product","3":"status-publish","4":"has-post-thumbnail","6":"product_cat-metallmaschinen","7":"product_cat-sondermaschinen","8":"pa_applicazioni-nach-wunsch","10":"first","11":"instock","12":"shipping-taxable","13":"product-type-simple"},"acf":[],"_links":{"self":[{"href":"https:\/\/www.sibo.it\/de\/wp-json\/wp\/v2\/product\/12321","targetHints":{"allow":["GET"]}}],"collection":[{"href":"https:\/\/www.sibo.it\/de\/wp-json\/wp\/v2\/product"}],"about":[{"href":"https:\/\/www.sibo.it\/de\/wp-json\/wp\/v2\/types\/product"}],"replies":[{"embeddable":true,"href":"https:\/\/www.sibo.it\/de\/wp-json\/wp\/v2\/comments?post=12321"}],"version-history":[{"count":1,"href":"https:\/\/www.sibo.it\/de\/wp-json\/wp\/v2\/product\/12321\/revisions"}],"predecessor-version":[{"id":12322,"href":"https:\/\/www.sibo.it\/de\/wp-json\/wp\/v2\/product\/12321\/revisions\/12322"}],"wp:featuredmedia":[{"embeddable":true,"href":"https:\/\/www.sibo.it\/de\/wp-json\/wp\/v2\/media\/11581"}],"wp:attachment":[{"href":"https:\/\/www.sibo.it\/de\/wp-json\/wp\/v2\/media?parent=12321"}],"wp:term":[{"taxonomy":"product_brand","embeddable":true,"href":"https:\/\/www.sibo.it\/de\/wp-json\/wp\/v2\/product_brand?post=12321"},{"taxonomy":"product_cat","embeddable":true,"href":"https:\/\/www.sibo.it\/de\/wp-json\/wp\/v2\/product_cat?post=12321"},{"taxonomy":"product_tag","embeddable":true,"href":"https:\/\/www.sibo.it\/de\/wp-json\/wp\/v2\/product_tag?post=12321"}],"curies":[{"name":"wp","href":"https:\/\/api.w.org\/{rel}","templated":true}]}}