{"id":12273,"date":"2023-05-18T09:13:32","date_gmt":"2023-05-18T08:13:32","guid":{"rendered":"https:\/\/www.sibo.it\/prodotto\/lsp-400\/"},"modified":"2023-08-28T12:14:27","modified_gmt":"2023-08-28T11:14:27","slug":"lsp-400","status":"publish","type":"product","link":"https:\/\/www.sibo.it\/de\/Produkt\/lsp-400\/","title":{"rendered":"LSP\/400"},"content":{"rendered":"\t\t<div data-elementor-type=\"product-post\" data-elementor-id=\"12273\" class=\"elementor elementor-12273 elementor-9761\" data-elementor-post-type=\"product\">\n\t\t\t\t<div class=\"elementor-element elementor-element-cf1f3ba e-con-full e-flex e-con e-parent\" data-id=\"cf1f3ba\" data-element_type=\"container\" data-e-type=\"container\">\r\n\t\t<div class=\"elementor-element elementor-element-6d430be e-con-full e-flex e-con e-parent\" data-id=\"6d430be\" data-element_type=\"container\" data-e-type=\"container\">\r\n\t\t\t\t<div class=\"elementor-element elementor-element-ddd2f7f elementor-widget elementor-widget-text-editor\" data-id=\"ddd2f7f\" data-element_type=\"widget\" data-e-type=\"widget\" data-widget_type=\"text-editor.default\">\n\t\t\t\t<div class=\"elementor-widget-container\">\n\t\t\t\t\t\t\t\t\t<table border=\"0\" cellspacing=\"0\" cellpadding=\"0\">\n<tbody>\n<tr>\n<td>Max. Arbeitsl\u00e4nge<\/td>\n<td><strong> 400 mm. <\/strong><\/td>\n<\/tr>\n<tr>\n<td>Max. Arbeitsbreite<\/td>\n<td><strong> 400 mm. <\/strong><\/td>\n<\/tr>\n<tr>\n<td>Max. Arbeitsh\u00f6he<\/td>\n<td><strong> 50mm. <\/strong><\/td>\n<\/tr>\n<tr>\n<td>B\u00fcrsten Durchmesser<\/td>\n<td><strong> 200\/350 mm. <\/strong><\/td>\n<\/tr>\n<tr>\n<td>Ansaugung \u00d6ffnung \u00d8<\/td>\n<td><strong>120 mm. <\/strong><\/td>\n<\/tr>\n<tr>\n<td>B\u00fcrstensdrehung Geschwindigkeit<\/td>\n<td><strong>2800 RPM<\/strong><\/td>\n<\/tr>\n<tr>\n<td>Arbeitsgeschwindigkeit<\/td>\n<td><strong>0-16 mt.\/min.<\/strong><\/td>\n<\/tr>\n<tr>\n<td>Tischswingung<\/td>\n<td><strong>14\/min.<\/strong><\/td>\n<\/tr>\n<tr>\n<td>Netto Gewicht<\/td>\n<td><strong> 950 kg.<\/strong><\/td>\n<\/tr>\n<\/tbody>\n<\/table>\n\t\t\t\t\t\t\t\t<\/div>\n\t\t\t\t<\/div>\n\t\t\t\t<\/div>\n\t\t<div class=\"elementor-element elementor-element-8616444 e-con-full e-flex e-con e-parent\" data-id=\"8616444\" data-element_type=\"container\" data-e-type=\"container\">\r\n\t\t\t\t<div class=\"elementor-element elementor-element-e1de2a1 elementor-widget elementor-widget-text-editor\" data-id=\"e1de2a1\" data-element_type=\"widget\" data-e-type=\"widget\" data-widget_type=\"text-editor.default\">\n\t\t\t\t<div class=\"elementor-widget-container\">\n\t\t\t\t\t\t\t\t\t<p style=\"text-align: center;\"><b>EINIGE HERSTELLABARE PRODUKTE<br \/><\/b><b><img fetchpriority=\"high\" decoding=\"async\" class=\"alignnone size-full wp-image-9879\" src=\"https:\/\/www.sibo.it\/wp-content\/uploads\/2023\/05\/Campioni-LSP-400.jpg\" alt=\"\" width=\"300\" height=\"300\"><\/b><\/p>\n<p><b> <\/b><\/p>\n\t\t\t\t\t\t\t\t<\/div>\n\t\t\t\t<\/div>\n\t\t\t\t<\/div>\n\t\t\t\t<\/div>\n\t\t\t\t<\/div>\n\t\t","protected":false},"excerpt":{"rendered":"<h2>AUTOMATISCHE POLIERMASCHINE MIT B\u00dcRSTEN MODELL &#8222;LSP\/400&#8220;<\/h2>\n<p>Die Maschine eignet sich zum Polieren von flachen Metalloberfl\u00e4chen aus Eisen, Stahl, Messing, Aluminium usw. Das St\u00fcck wird manuell auf den Tisch geladen und durch ein Vakuumsystem blockiert. Man dr\u00fcckt den START-Knopf und der Tisch, der das St\u00fcck h\u00e4lt, beginnt hin und her zu bewegen f\u00fcr die vorher festgelegte Anzahl von Zyklen. Gleichzeitig n\u00e4hert sich die B\u00fcrste dem St\u00fcck und beginnt zu polieren. Sie k\u00f6nnen den Druck und die Geschwindigkeit auch w\u00e4hrend des Arbeitsprozesses regeln und mittels eines Schalters kann man entscheiden, ob das St\u00fcck schwingen oder still bleiben soll. Am Ende des Arbeitsprozesses wird das St\u00fcck automatisch freigegeben und ein neuer St\u00fcck eingestellt wird.<\/p>\n","protected":false},"featured_media":9766,"comment_status":"closed","ping_status":"closed","template":"","meta":{"_acf_changed":false},"product_brand":[],"product_cat":[320,325],"product_tag":[],"class_list":{"0":"post-12273","1":"product","2":"type-product","3":"status-publish","4":"has-post-thumbnail","6":"product_cat-metallmaschinen","7":"product_cat-polieren-von-ebenen-flachen","8":"pa_applicazioni-ebene-flache","10":"first","11":"instock","12":"shipping-taxable","13":"product-type-simple"},"acf":[],"_links":{"self":[{"href":"https:\/\/www.sibo.it\/de\/wp-json\/wp\/v2\/product\/12273","targetHints":{"allow":["GET"]}}],"collection":[{"href":"https:\/\/www.sibo.it\/de\/wp-json\/wp\/v2\/product"}],"about":[{"href":"https:\/\/www.sibo.it\/de\/wp-json\/wp\/v2\/types\/product"}],"replies":[{"embeddable":true,"href":"https:\/\/www.sibo.it\/de\/wp-json\/wp\/v2\/comments?post=12273"}],"version-history":[{"count":1,"href":"https:\/\/www.sibo.it\/de\/wp-json\/wp\/v2\/product\/12273\/revisions"}],"predecessor-version":[{"id":12274,"href":"https:\/\/www.sibo.it\/de\/wp-json\/wp\/v2\/product\/12273\/revisions\/12274"}],"wp:featuredmedia":[{"embeddable":true,"href":"https:\/\/www.sibo.it\/de\/wp-json\/wp\/v2\/media\/9766"}],"wp:attachment":[{"href":"https:\/\/www.sibo.it\/de\/wp-json\/wp\/v2\/media?parent=12273"}],"wp:term":[{"taxonomy":"product_brand","embeddable":true,"href":"https:\/\/www.sibo.it\/de\/wp-json\/wp\/v2\/product_brand?post=12273"},{"taxonomy":"product_cat","embeddable":true,"href":"https:\/\/www.sibo.it\/de\/wp-json\/wp\/v2\/product_cat?post=12273"},{"taxonomy":"product_tag","embeddable":true,"href":"https:\/\/www.sibo.it\/de\/wp-json\/wp\/v2\/product_tag?post=12273"}],"curies":[{"name":"wp","href":"https:\/\/api.w.org\/{rel}","templated":true}]}}