{"id":12266,"date":"2023-05-18T08:43:37","date_gmt":"2023-05-18T07:43:37","guid":{"rendered":"https:\/\/www.sibo.it\/prodotto\/lscf\/"},"modified":"2024-03-26T16:21:10","modified_gmt":"2024-03-26T15:21:10","slug":"lscf","status":"publish","type":"product","link":"https:\/\/www.sibo.it\/de\/Produkt\/lscf\/","title":{"rendered":"LSCF"},"content":{"rendered":"\t\t<div data-elementor-type=\"product-post\" data-elementor-id=\"12266\" class=\"elementor elementor-12266 elementor-9759\" data-elementor-post-type=\"product\">\n\t\t\t\t<div class=\"elementor-element elementor-element-cf1f3ba e-con-full e-flex e-con e-parent\" data-id=\"cf1f3ba\" data-element_type=\"container\" data-e-type=\"container\">\r\n\t\t<div class=\"elementor-element elementor-element-6d430be e-con-full e-flex e-con e-parent\" data-id=\"6d430be\" data-element_type=\"container\" data-e-type=\"container\">\r\n\t\t\t\t<div class=\"elementor-element elementor-element-ddd2f7f elementor-widget elementor-widget-text-editor\" data-id=\"ddd2f7f\" data-element_type=\"widget\" data-e-type=\"widget\" data-widget_type=\"text-editor.default\">\n\t\t\t\t<div class=\"elementor-widget-container\">\n\t\t\t\t\t\t\t\t\t<table border=\"0\" cellspacing=\"0\" cellpadding=\"0\">\n<tbody>\n<tr>\n<td>Max. Werkst\u00fcckbreite<\/td>\n<td><strong>100<\/strong> <strong>mm.<\/strong><\/td>\n<\/tr>\n<tr>\n<td>Max. Arbeitsbreite<\/td>\n<td><strong>50 mm.<\/strong><\/td>\n<\/tr>\n<tr>\n<td>Max. Werkst\u00fcckh\u00f6he<\/td>\n<td><strong>120 mm.<\/strong><\/td>\n<\/tr>\n<tr>\n<td>Max. Arbeitsh\u00f6he<\/td>\n<td><strong>15 mm.<\/strong><\/td>\n<\/tr>\n<tr>\n<td>Max. Werkst\u00fcckl\u00e4nge<\/td>\n<td><strong>300<\/strong> <strong>mm.<\/strong><\/td>\n<\/tr>\n<tr>\n<td>Max. Arbeitsl\u00e4nge<\/td>\n<td><strong>250<\/strong> <strong>mm.<\/strong><\/td>\n<\/tr>\n<tr>\n<td>Max. B\u00fcrstendurchmesser<\/td>\n<td><strong>140<\/strong> <strong>mm.<\/strong><\/td>\n<\/tr>\n<tr>\n<td>Min. B\u00fcrstendurchmesser<\/td>\n<td><strong>100<\/strong> <strong>mm.<\/strong><\/td>\n<\/tr>\n<tr>\n<td>B\u00fcrsten Geschwindigkeit<\/td>\n<td><strong>2800 RPM<\/strong><\/td>\n<\/tr>\n<tr>\n<td>Netto Gewicht<\/td>\n<td><strong>400 kg.<\/strong><\/td>\n<\/tr>\n<\/tbody>\n<\/table>\n\t\t\t\t\t\t\t\t<\/div>\n\t\t\t\t<\/div>\n\t\t\t\t<\/div>\n\t\t<div class=\"elementor-element elementor-element-8616444 e-con-full e-flex e-con e-parent\" data-id=\"8616444\" data-element_type=\"container\" data-e-type=\"container\">\r\n\t\t\t\t<div class=\"elementor-element elementor-element-e1de2a1 elementor-widget elementor-widget-text-editor\" data-id=\"e1de2a1\" data-element_type=\"widget\" data-e-type=\"widget\" data-widget_type=\"text-editor.default\">\n\t\t\t\t<div class=\"elementor-widget-container\">\n\t\t\t\t\t\t\t\t\t<p><b>EINIGE HERSTELLABARE PRODUKTE<\/b><\/p>\n<p><img fetchpriority=\"high\" decoding=\"async\" class=\"alignnone size-medium wp-image-10346\" src=\"https:\/\/www.sibo.it\/wp-content\/uploads\/2023\/08\/CAMP-LSCF-300x182.jpg\" alt=\"\" width=\"300\" height=\"182\"><\/p>\n\t\t\t\t\t\t\t\t<\/div>\n\t\t\t\t<\/div>\n\t\t\t\t<\/div>\n\t\t\t\t<\/div>\n\t\t\t\t<\/div>\n\t\t","protected":false},"excerpt":{"rendered":"<h2>AUTOMATISCHE KOPIER-POLIERMASCHINE MODELL &#8222;LSCF&#8220;<\/h2>\n<p>Diese Maschine eignet sich zum polieren des oberen Teils der Formen f\u00fcr Bestecke. Die Form wird manuell auf den Arbeitstisch gelegt und verriegelt. An dieser Stelle wird der Bediener die Schutzt\u00fcr schlie\u00dfen und durch die Bet\u00e4tigung eines Druckknopfes, wird der Formtr\u00e4gertisch bis zur gew\u00fcnschten Arbeitsstelle vorw\u00e4rts fahren, damit der Poliervorgang des Profils der Form gestartet werden kann.. W\u00e4hrend des Arbeitsprozesses der Maschine, ist es m\u00f6glich, den Arbeitsdruck manuell zu erh\u00f6hen oder zu verringern (auf Digital-Amperemeter angezeigt). An der Maschine ist es m\u00f6glich, die Anzahl der gew\u00fcnschten Durchl\u00e4ufe einzustellen, die ausdr\u00fccklich zur besten Endbearbeitung des Werkst\u00fcckes notwendig sind. Auf der Maschine ist ein PLC zur Programmierung der Verarbeitungsverfahren montiert.<\/p>\n","protected":false},"featured_media":12249,"comment_status":"closed","ping_status":"closed","template":"","meta":{"_acf_changed":false},"product_brand":[],"product_cat":[320,326],"product_tag":[],"class_list":{"0":"post-12266","1":"product","2":"type-product","3":"status-publish","4":"has-post-thumbnail","6":"product_cat-metallmaschinen","7":"product_cat-sondermaschinen","8":"pa_applicazioni-nach-wunsch","10":"first","11":"instock","12":"shipping-taxable","13":"product-type-simple"},"acf":[],"_links":{"self":[{"href":"https:\/\/www.sibo.it\/de\/wp-json\/wp\/v2\/product\/12266","targetHints":{"allow":["GET"]}}],"collection":[{"href":"https:\/\/www.sibo.it\/de\/wp-json\/wp\/v2\/product"}],"about":[{"href":"https:\/\/www.sibo.it\/de\/wp-json\/wp\/v2\/types\/product"}],"replies":[{"embeddable":true,"href":"https:\/\/www.sibo.it\/de\/wp-json\/wp\/v2\/comments?post=12266"}],"version-history":[{"count":1,"href":"https:\/\/www.sibo.it\/de\/wp-json\/wp\/v2\/product\/12266\/revisions"}],"predecessor-version":[{"id":12267,"href":"https:\/\/www.sibo.it\/de\/wp-json\/wp\/v2\/product\/12266\/revisions\/12267"}],"wp:featuredmedia":[{"embeddable":true,"href":"https:\/\/www.sibo.it\/de\/wp-json\/wp\/v2\/media\/12249"}],"wp:attachment":[{"href":"https:\/\/www.sibo.it\/de\/wp-json\/wp\/v2\/media?parent=12266"}],"wp:term":[{"taxonomy":"product_brand","embeddable":true,"href":"https:\/\/www.sibo.it\/de\/wp-json\/wp\/v2\/product_brand?post=12266"},{"taxonomy":"product_cat","embeddable":true,"href":"https:\/\/www.sibo.it\/de\/wp-json\/wp\/v2\/product_cat?post=12266"},{"taxonomy":"product_tag","embeddable":true,"href":"https:\/\/www.sibo.it\/de\/wp-json\/wp\/v2\/product_tag?post=12266"}],"curies":[{"name":"wp","href":"https:\/\/api.w.org\/{rel}","templated":true}]}}