{"id":11961,"date":"2023-08-25T12:43:09","date_gmt":"2023-08-25T11:43:09","guid":{"rendered":"https:\/\/www.sibo.it\/prodotto\/sml-1000\/"},"modified":"2024-03-26T09:42:19","modified_gmt":"2024-03-26T08:42:19","slug":"sml-1000","status":"publish","type":"product","link":"https:\/\/www.sibo.it\/de\/Produkt\/sml-1000\/","title":{"rendered":"SML\/1000"},"content":{"rendered":"\t\t<div data-elementor-type=\"product-post\" data-elementor-id=\"11961\" class=\"elementor elementor-11961 elementor-11939\" data-elementor-post-type=\"product\">\n\t\t\t\t<div class=\"elementor-element elementor-element-cf1f3ba e-con-full e-flex e-con e-parent\" data-id=\"cf1f3ba\" data-element_type=\"container\" data-e-type=\"container\">\r\n\t\t<div class=\"elementor-element elementor-element-6d430be e-con-full e-flex e-con e-parent\" data-id=\"6d430be\" data-element_type=\"container\" data-e-type=\"container\">\r\n\t\t\t\t<div class=\"elementor-element elementor-element-ddd2f7f elementor-widget elementor-widget-text-editor\" data-id=\"ddd2f7f\" data-element_type=\"widget\" data-e-type=\"widget\" data-widget_type=\"text-editor.default\">\n\t\t\t\t<div class=\"elementor-widget-container\">\n\t\t\t\t\t\t\t\t\t<table border=\"0\" cellspacing=\"0\" cellpadding=\"0\">\n<tbody>\n<tr>\n<td>Max. Arbeitsl\u00e4nge<\/td>\n<td><strong>1000 mm.<\/strong><\/td>\n<\/tr>\n<tr>\n<td>Min. Arbeitsl\u00e4nge<\/td>\n<td><strong>130 mm.<\/strong><\/td>\n<\/tr>\n<tr>\n<td>Max. Durchmesser<\/td>\n<td><strong>219 mm<\/strong>.<\/td>\n<\/tr>\n<tr>\n<td>Min. Durchmesser<\/td>\n<td><strong>58 mm.<\/strong><\/td>\n<\/tr>\n<tr>\n<td>Geschwindigkeit der B\u00fcrstendrehung<\/td>\n<td><strong>9000\u00f712000 RPM<\/strong><\/td>\n<\/tr>\n<tr>\n<td>Durchmesser der B\u00fcrste<\/td>\n<td><strong>50-100 mm.<\/strong><\/td>\n<\/tr>\n<tr>\n<td>Netto Gewicht<\/td>\n<td><strong> 2220 kg<\/strong><\/td>\n<\/tr>\n<\/tbody>\n<\/table>\n\t\t\t\t\t\t\t\t<\/div>\n\t\t\t\t<\/div>\n\t\t\t\t<\/div>\n\t\t<div class=\"elementor-element elementor-element-8616444 e-con-full e-flex e-con e-parent\" data-id=\"8616444\" data-element_type=\"container\" data-e-type=\"container\">\r\n\t\t\t\t<div class=\"elementor-element elementor-element-e1de2a1 elementor-widget elementor-widget-text-editor\" data-id=\"e1de2a1\" data-element_type=\"widget\" data-e-type=\"widget\" data-widget_type=\"text-editor.default\">\n\t\t\t\t<div class=\"elementor-widget-container\">\n\t\t\t\t\t\t\t\t\t<p style=\"text-align: center;\"><b>EINIGE HERSTELLABARE PRODUKTE<br \/><img decoding=\"async\" class=\"alignnone size-medium wp-image-11947\" src=\"https:\/\/www.sibo.it\/wp-content\/uploads\/2023\/08\/Campioni-SML1000-300x150.jpg\" alt=\"\" width=\"300\" height=\"150\"><br \/><\/b><\/p>\n<p><b> <\/b><\/p>\n\t\t\t\t\t\t\t\t<\/div>\n\t\t\t\t<\/div>\n\t\t\t\t<\/div>\n\t\t\t\t<\/div>\n\t\t\t\t<\/div>\n\t\t","protected":false},"excerpt":{"rendered":"<p><strong>CNC-POLIERSCHLEIFMASCHINE F\u00dcR DIE INNENFL\u00c4CHEN VON ROHREN MODELL &#8222;SML\/1000&#8220;<\/strong><\/p>\n<p>Automatische CNC-Maschine zum Schleifen und Polieren von Innenfl\u00e4chen von Rohren, Zylindern, Tanks, Sanit\u00e4rbeh\u00e4lter f\u00fcr Filter. Die Maschine ist mit einer 5-Achsen-Mitsubishi-Steuerung ausgestattet und besteht aus einer selbstzentrierenden Rollenbahn, auf der das zu bearbeitende Rohr positioniert ist, und 3 unabh\u00e4ngigen 1 m langen Spindeln, auf denen die Polierwerkzeuge montiert sind. \u00dcber ein Touchscreen-Panel k\u00f6nnen folgende Operationen programmiert werden: Fl\u00e4mmen, Schleifen und Polieren.<\/p>\n","protected":false},"featured_media":11944,"comment_status":"closed","ping_status":"closed","template":"","meta":{"_acf_changed":false},"product_brand":[],"product_cat":[320,326],"product_tag":[],"class_list":{"0":"post-11961","1":"product","2":"type-product","3":"status-publish","4":"has-post-thumbnail","6":"product_cat-metallmaschinen","7":"product_cat-sondermaschinen","8":"pa_applicazioni-nach-wunsch","10":"first","11":"instock","12":"shipping-taxable","13":"product-type-simple"},"acf":[],"_links":{"self":[{"href":"https:\/\/www.sibo.it\/de\/wp-json\/wp\/v2\/product\/11961","targetHints":{"allow":["GET"]}}],"collection":[{"href":"https:\/\/www.sibo.it\/de\/wp-json\/wp\/v2\/product"}],"about":[{"href":"https:\/\/www.sibo.it\/de\/wp-json\/wp\/v2\/types\/product"}],"replies":[{"embeddable":true,"href":"https:\/\/www.sibo.it\/de\/wp-json\/wp\/v2\/comments?post=11961"}],"version-history":[{"count":2,"href":"https:\/\/www.sibo.it\/de\/wp-json\/wp\/v2\/product\/11961\/revisions"}],"predecessor-version":[{"id":12238,"href":"https:\/\/www.sibo.it\/de\/wp-json\/wp\/v2\/product\/11961\/revisions\/12238"}],"wp:featuredmedia":[{"embeddable":true,"href":"https:\/\/www.sibo.it\/de\/wp-json\/wp\/v2\/media\/11944"}],"wp:attachment":[{"href":"https:\/\/www.sibo.it\/de\/wp-json\/wp\/v2\/media?parent=11961"}],"wp:term":[{"taxonomy":"product_brand","embeddable":true,"href":"https:\/\/www.sibo.it\/de\/wp-json\/wp\/v2\/product_brand?post=11961"},{"taxonomy":"product_cat","embeddable":true,"href":"https:\/\/www.sibo.it\/de\/wp-json\/wp\/v2\/product_cat?post=11961"},{"taxonomy":"product_tag","embeddable":true,"href":"https:\/\/www.sibo.it\/de\/wp-json\/wp\/v2\/product_tag?post=11961"}],"curies":[{"name":"wp","href":"https:\/\/api.w.org\/{rel}","templated":true}]}}