{"id":11910,"date":"2023-08-25T12:34:01","date_gmt":"2023-08-25T11:34:01","guid":{"rendered":"https:\/\/www.sibo.it\/?post_type=product&#038;p=11910"},"modified":"2024-02-16T18:35:52","modified_gmt":"2024-02-16T17:35:52","slug":"sts-150","status":"publish","type":"product","link":"https:\/\/www.sibo.it\/de\/Produkt\/sts-150\/","title":{"rendered":"STS\/150"},"content":{"rendered":"\t\t<div data-elementor-type=\"product-post\" data-elementor-id=\"11910\" class=\"elementor elementor-11910 elementor-11909\" data-elementor-post-type=\"product\">\n\t\t\t\t<div class=\"elementor-element elementor-element-cf1f3ba e-con-full e-flex e-con e-parent\" data-id=\"cf1f3ba\" data-element_type=\"container\" data-e-type=\"container\">\r\n\t\t<div class=\"elementor-element elementor-element-6d430be e-con-full e-flex e-con e-child\" data-id=\"6d430be\" data-element_type=\"container\" data-e-type=\"container\">\r\n\t\t\t\t<div class=\"elementor-element elementor-element-ddd2f7f elementor-widget elementor-widget-text-editor\" data-id=\"ddd2f7f\" data-element_type=\"widget\" data-e-type=\"widget\" data-widget_type=\"text-editor.default\">\n\t\t\t\t<div class=\"elementor-widget-container\">\n\t\t\t\t\t\t\t\t\t<table border=\"0\" cellspacing=\"0\" cellpadding=\"0\">\n<tbody>\n<tr>\n<td>Max. Arbeitsbreite<\/td>\n<td><strong>50 mm.<\/strong><\/td>\n<\/tr>\n<tr>\n<td>Max. Arbeitsh\u00f6he<\/td>\n<td><strong>100 mm.<\/strong><\/td>\n<\/tr>\n<tr>\n<td>B\u00fcrsten Geschwindigkeit<\/td>\n<td><strong>2400 RPM<\/strong><\/td>\n<\/tr>\n<tr>\n<td>Vorderteppich Geschwindigkeit<\/td>\n<td><strong>2-10 mt\/min.<\/strong><\/td>\n<\/tr>\n<tr>\n<td>B\u00fcrsten Dimension<\/td>\n<td><strong> 400&#215;150 mm.<\/strong><\/td>\n<\/tr>\n<tr>\n<td>Netto Gewicht<\/td>\n<td><strong>420 kg.<\/strong><\/td>\n<\/tr>\n<\/tbody>\n<\/table>\n<p style=\"text-align: left;\">\n\t\t\t\t\t\t\t\t<\/div>\n\t\t\t\t<\/div>\n\t\t\t\t<\/div>\n\t\t<div class=\"elementor-element elementor-element-8616444 e-con-full e-flex e-con e-child\" data-id=\"8616444\" data-element_type=\"container\" data-e-type=\"container\">\r\n\t\t\t\t<div class=\"elementor-element elementor-element-e1de2a1 elementor-widget elementor-widget-text-editor\" data-id=\"e1de2a1\" data-element_type=\"widget\" data-e-type=\"widget\" data-widget_type=\"text-editor.default\">\n\t\t\t\t<div class=\"elementor-widget-container\">\n\t\t\t\t\t\t\t\t\t<p><b>EINIGE HERSTELLABARE PRODUKTE<\/b><\/p>\n<p><img decoding=\"async\" class=\"alignnone size-medium wp-image-11869\" src=\"https:\/\/www.sibo.it\/wp-content\/uploads\/2023\/08\/SSP300-CAMP-300x150.jpg\" alt=\"\" width=\"300\" height=\"150\"><\/p>\n\t\t\t\t\t\t\t\t<\/div>\n\t\t\t\t<\/div>\n\t\t\t\t<div class=\"elementor-element elementor-element-5c4e076 elementor-widget elementor-widget-text-editor\" data-id=\"5c4e076\" data-element_type=\"widget\" data-e-type=\"widget\" data-widget_type=\"text-editor.default\">\n\t\t\t\t<div class=\"elementor-widget-container\">\n\t\t\t\t\t\t\t\t\t<p><b>EXTRA AUSR\u00dcSTUNG<\/b><\/p>\n<p><img decoding=\"async\" class=\"alignnone size-full wp-image-11641\" src=\"https:\/\/www.sibo.it\/wp-content\/uploads\/2023\/08\/2lu30-equipment1.jpg\" alt=\"\" width=\"111\" height=\"140\"><\/p>\n\t\t\t\t\t\t\t\t<\/div>\n\t\t\t\t<\/div>\n\t\t\t\t<\/div>\n\t\t\t\t<\/div>\n\t\t\t\t<\/div>\n\t\t","protected":false},"excerpt":{"rendered":"<p><strong>SCHLEIF\/SATINIERMASCHINE MODELL &#8222;STS\/150&#8220;<\/strong><\/p>\n<p>Maschine f\u00fcr das schleifen und satinieren von Metallst\u00fccke wie Stange, viereckige oder rechteckige Rohren, Blech, Platten, aus Stahl, Aluminium, Eisen usw. Die Vorschubgeschwindigkeit der St\u00fcck ist regelbar auch w\u00e4hren der Bearbeitung.<\/p>\n<p><strong>Die Maschine kann it folgenden Zubeh\u00f6rteilen ausstattet werden:<\/strong><\/p>\n<ul>\n<li>Regelung motorisierte Arbeitsh\u00f6he 0,37 Kw<\/li>\n<li>Becken mit motorisierte Reinigungsvorrichtung, K\u00fchll\u00f6sung Filtrieren mit Papier Geschwindigkeitsregler f\u00fcr die B\u00e4ndergeschwindigkeit<\/li>\n<li>Geschwindigkeitsregler f\u00fcr die B\u00fcrsten<\/li>\n<li>Blasenvorrichtung f\u00fcr die Reinigung des St\u00fcckes<\/li>\n<\/ul>\n","protected":false},"featured_media":11917,"comment_status":"closed","ping_status":"closed","template":"","meta":{"_acf_changed":false},"product_brand":[],"product_cat":[320,324],"product_tag":[],"class_list":{"0":"post-11910","1":"product","2":"type-product","3":"status-publish","4":"has-post-thumbnail","6":"product_cat-metallmaschinen","7":"product_cat-schleifen-und-satinieren-von-ebenen-flachen","8":"pa_applicazioni-ebene-flache","10":"first","11":"instock","12":"shipping-taxable","13":"product-type-simple"},"acf":[],"_links":{"self":[{"href":"https:\/\/www.sibo.it\/de\/wp-json\/wp\/v2\/product\/11910","targetHints":{"allow":["GET"]}}],"collection":[{"href":"https:\/\/www.sibo.it\/de\/wp-json\/wp\/v2\/product"}],"about":[{"href":"https:\/\/www.sibo.it\/de\/wp-json\/wp\/v2\/types\/product"}],"replies":[{"embeddable":true,"href":"https:\/\/www.sibo.it\/de\/wp-json\/wp\/v2\/comments?post=11910"}],"version-history":[{"count":6,"href":"https:\/\/www.sibo.it\/de\/wp-json\/wp\/v2\/product\/11910\/revisions"}],"predecessor-version":[{"id":16804,"href":"https:\/\/www.sibo.it\/de\/wp-json\/wp\/v2\/product\/11910\/revisions\/16804"}],"wp:featuredmedia":[{"embeddable":true,"href":"https:\/\/www.sibo.it\/de\/wp-json\/wp\/v2\/media\/11917"}],"wp:attachment":[{"href":"https:\/\/www.sibo.it\/de\/wp-json\/wp\/v2\/media?parent=11910"}],"wp:term":[{"taxonomy":"product_brand","embeddable":true,"href":"https:\/\/www.sibo.it\/de\/wp-json\/wp\/v2\/product_brand?post=11910"},{"taxonomy":"product_cat","embeddable":true,"href":"https:\/\/www.sibo.it\/de\/wp-json\/wp\/v2\/product_cat?post=11910"},{"taxonomy":"product_tag","embeddable":true,"href":"https:\/\/www.sibo.it\/de\/wp-json\/wp\/v2\/product_tag?post=11910"}],"curies":[{"name":"wp","href":"https:\/\/api.w.org\/{rel}","templated":true}]}}