{"id":11894,"date":"2023-08-25T12:29:10","date_gmt":"2023-08-25T11:29:10","guid":{"rendered":"https:\/\/www.sibo.it\/?post_type=product&#038;p=11894"},"modified":"2024-02-16T18:35:54","modified_gmt":"2024-02-16T17:35:54","slug":"2ssp-300","status":"publish","type":"product","link":"https:\/\/www.sibo.it\/de\/Produkt\/2ssp-300\/","title":{"rendered":"2SSP\/300"},"content":{"rendered":"\t\t<div data-elementor-type=\"product-post\" data-elementor-id=\"11894\" class=\"elementor elementor-11894 elementor-11893\" data-elementor-post-type=\"product\">\n\t\t\t\t<div class=\"elementor-element elementor-element-cf1f3ba e-con-full e-flex e-con e-parent\" data-id=\"cf1f3ba\" data-element_type=\"container\" data-e-type=\"container\">\r\n\t\t<div class=\"elementor-element elementor-element-6d430be e-con-full e-flex e-con e-child\" data-id=\"6d430be\" data-element_type=\"container\" data-e-type=\"container\">\r\n\t\t\t\t<div class=\"elementor-element elementor-element-ddd2f7f elementor-widget elementor-widget-text-editor\" data-id=\"ddd2f7f\" data-element_type=\"widget\" data-e-type=\"widget\" data-widget_type=\"text-editor.default\">\n\t\t\t\t<div class=\"elementor-widget-container\">\n\t\t\t\t\t\t\t\t\t<table border=\"0\" cellspacing=\"0\" cellpadding=\"0\">\n<tbody>\n<tr>\n<td>Max. Arbeitsbreite<\/td>\n<td><strong>300 mm.<\/strong><\/td>\n<\/tr>\n<tr>\n<td>Max. Arbeitsh\u00f6he<\/td>\n<td><strong>150 mm.<\/strong><\/td>\n<\/tr>\n<tr>\n<td>Schleifb\u00e4nder Geschwindigkeit<\/td>\n<td><strong>16 mt.\/sec.<\/strong><\/td>\n<\/tr>\n<tr>\n<td>Vorderteppich Geschwindigkeit<\/td>\n<td><strong>2-10 mt.\/min.<\/strong><\/td>\n<\/tr>\n<tr>\n<td>Schleifband Entwicklung<\/td>\n<td><strong>2500&#215;300 mm.<\/strong><\/td>\n<\/tr>\n<tr>\n<td>Netto Gewicht<\/td>\n<td><strong>1650 kg.<\/strong><\/td>\n<\/tr>\n<\/tbody>\n<\/table>\n<p style=\"text-align: left;\">\n\t\t\t\t\t\t\t\t<\/div>\n\t\t\t\t<\/div>\n\t\t\t\t<\/div>\n\t\t<div class=\"elementor-element elementor-element-8616444 e-con-full e-flex e-con e-child\" data-id=\"8616444\" data-element_type=\"container\" data-e-type=\"container\">\r\n\t\t\t\t<div class=\"elementor-element elementor-element-e1de2a1 elementor-widget elementor-widget-text-editor\" data-id=\"e1de2a1\" data-element_type=\"widget\" data-e-type=\"widget\" data-widget_type=\"text-editor.default\">\n\t\t\t\t<div class=\"elementor-widget-container\">\n\t\t\t\t\t\t\t\t\t<p><b>EINIGE HERSTELLABARE PRODUKTE<\/b><\/p>\n<p><img decoding=\"async\" class=\"alignnone size-medium wp-image-11869\" src=\"https:\/\/www.sibo.it\/wp-content\/uploads\/2023\/08\/SSP300-CAMP-300x150.jpg\" alt=\"\" width=\"300\" height=\"150\"><\/p>\n\t\t\t\t\t\t\t\t<\/div>\n\t\t\t\t<\/div>\n\t\t\t\t<div class=\"elementor-element elementor-element-5c4e076 elementor-widget elementor-widget-text-editor\" data-id=\"5c4e076\" data-element_type=\"widget\" data-e-type=\"widget\" data-widget_type=\"text-editor.default\">\n\t\t\t\t<div class=\"elementor-widget-container\">\n\t\t\t\t\t\t\t\t\t<p><b>EXTRA AUSR\u00dcSTUNG<\/b><\/p>\n<p><img decoding=\"async\" class=\"alignnone size-full wp-image-11641\" src=\"https:\/\/www.sibo.it\/wp-content\/uploads\/2023\/08\/2lu30-equipment1.jpg\" alt=\"\" width=\"111\" height=\"140\"><\/p>\n\t\t\t\t\t\t\t\t<\/div>\n\t\t\t\t<\/div>\n\t\t\t\t<\/div>\n\t\t\t\t<\/div>\n\t\t\t\t<\/div>\n\t\t","protected":false},"excerpt":{"rendered":"<p><strong>DOPPEL SCHLEIF\/SATINIERMASCHINE MODELL &#8222;2SSP\/300&#8220;<\/strong><\/p>\n<p>Maschine mit zwei k\u00f6pfe f\u00fcr das schleifen und satinieren von Metallst\u00fccke wie Stange, viereckige oder rechteckige Rohren, Blech, Platten, aus Stahl, Aluminium, Eisen usw. Die Vorschubgeschwindigkeit der St\u00fcck ist regelbar auch w\u00e4hren der Bearbeitung.<\/p>\n<p><strong>Die Maschine kann it folgenden Zubeh\u00f6rteilen ausstattet werden:<\/strong><\/p>\n<ul>\n<li>Regelung motorisierte Arbeitsh\u00f6he 0,37 Kw<\/li>\n<li>Becken mit motorisierte Reinigungsvorrichtung, K\u00fchll\u00f6sung Filtrieren mit Papier Geschwindigkeitsregler f\u00fcr die B\u00e4ndergeschwindigkeit<\/li>\n<li>Frequenzumrichter f\u00fcr die Geschwindigkeit die B\u00e4nder<\/li>\n<li>Blasenvorrichtung f\u00fcr die Reinigung des St\u00fcckes<\/li>\n<\/ul>\n","protected":false},"featured_media":11901,"comment_status":"closed","ping_status":"closed","template":"","meta":{"_acf_changed":false},"product_brand":[],"product_cat":[320,324],"product_tag":[],"class_list":{"0":"post-11894","1":"product","2":"type-product","3":"status-publish","4":"has-post-thumbnail","6":"product_cat-metallmaschinen","7":"product_cat-schleifen-und-satinieren-von-ebenen-flachen","8":"pa_applicazioni-ebene-flache","10":"first","11":"instock","12":"shipping-taxable","13":"product-type-simple"},"acf":[],"_links":{"self":[{"href":"https:\/\/www.sibo.it\/de\/wp-json\/wp\/v2\/product\/11894","targetHints":{"allow":["GET"]}}],"collection":[{"href":"https:\/\/www.sibo.it\/de\/wp-json\/wp\/v2\/product"}],"about":[{"href":"https:\/\/www.sibo.it\/de\/wp-json\/wp\/v2\/types\/product"}],"replies":[{"embeddable":true,"href":"https:\/\/www.sibo.it\/de\/wp-json\/wp\/v2\/comments?post=11894"}],"version-history":[{"count":5,"href":"https:\/\/www.sibo.it\/de\/wp-json\/wp\/v2\/product\/11894\/revisions"}],"predecessor-version":[{"id":16809,"href":"https:\/\/www.sibo.it\/de\/wp-json\/wp\/v2\/product\/11894\/revisions\/16809"}],"wp:featuredmedia":[{"embeddable":true,"href":"https:\/\/www.sibo.it\/de\/wp-json\/wp\/v2\/media\/11901"}],"wp:attachment":[{"href":"https:\/\/www.sibo.it\/de\/wp-json\/wp\/v2\/media?parent=11894"}],"wp:term":[{"taxonomy":"product_brand","embeddable":true,"href":"https:\/\/www.sibo.it\/de\/wp-json\/wp\/v2\/product_brand?post=11894"},{"taxonomy":"product_cat","embeddable":true,"href":"https:\/\/www.sibo.it\/de\/wp-json\/wp\/v2\/product_cat?post=11894"},{"taxonomy":"product_tag","embeddable":true,"href":"https:\/\/www.sibo.it\/de\/wp-json\/wp\/v2\/product_tag?post=11894"}],"curies":[{"name":"wp","href":"https:\/\/api.w.org\/{rel}","templated":true}]}}