{"id":11837,"date":"2023-08-25T12:04:59","date_gmt":"2023-08-25T11:04:59","guid":{"rendered":"https:\/\/www.sibo.it\/?post_type=product&#038;p=11837"},"modified":"2024-02-16T18:35:56","modified_gmt":"2024-02-16T17:35:56","slug":"ssp-300m","status":"publish","type":"product","link":"https:\/\/www.sibo.it\/de\/Produkt\/ssp-300m\/","title":{"rendered":"SSP\/300M"},"content":{"rendered":"\t\t<div data-elementor-type=\"product-post\" data-elementor-id=\"11837\" class=\"elementor elementor-11837 elementor-11836\" data-elementor-post-type=\"product\">\n\t\t\t\t<div class=\"elementor-element elementor-element-cf1f3ba e-con-full e-flex e-con e-parent\" data-id=\"cf1f3ba\" data-element_type=\"container\" data-e-type=\"container\">\r\n\t\t<div class=\"elementor-element elementor-element-6d430be e-con-full e-flex e-con e-child\" data-id=\"6d430be\" data-element_type=\"container\" data-e-type=\"container\">\r\n\t\t\t\t<div class=\"elementor-element elementor-element-ddd2f7f elementor-widget elementor-widget-text-editor\" data-id=\"ddd2f7f\" data-element_type=\"widget\" data-e-type=\"widget\" data-widget_type=\"text-editor.default\">\n\t\t\t\t<div class=\"elementor-widget-container\">\n\t\t\t\t\t\t\t\t\t<table border=\"0\" cellspacing=\"0\" cellpadding=\"0\">\n<tbody>\n<tr>\n<td>Max. Arbeitsbreite<\/td>\n<td><strong>300&nbsp;mm.<\/strong><\/td>\n<\/tr>\n<tr>\n<td>Max. Arbeitsh\u00f6he<\/td>\n<td><strong>150&nbsp;mm.<\/strong><\/td>\n<\/tr>\n<tr>\n<td>Min. Arbeitsh\u00f6he<\/td>\n<td><strong>1 mm.<\/strong><\/td>\n<\/tr>\n<tr>\n<td>Max. Arbeitsl\u00e4nge<\/td>\n<td><strong>500 mm.<\/strong><\/td>\n<\/tr>\n<tr>\n<td>elektromagnetischer Ebene<\/td>\n<td><strong>500&#215;250 mm.<\/strong><\/td>\n<\/tr>\n<tr>\n<td>Schleifband Entwicklung<\/td>\n<td><strong>2500&#215;300&nbsp;mm.<\/strong><\/td>\n<\/tr>\n<tr>\n<td>Netto Gewicht<\/td>\n<td><strong>995 kg.<\/strong><\/td>\n<\/tr>\n<\/tbody>\n<\/table>\n<p style=\"text-align: left;\">\n<\/p>\t\t\t\t\t\t\t\t<\/div>\n\t\t\t\t<\/div>\n\t\t\t\t<\/div>\n\t\t<div class=\"elementor-element elementor-element-8616444 e-con-full e-flex e-con e-child\" data-id=\"8616444\" data-element_type=\"container\" data-e-type=\"container\">\r\n\t\t\t\t<div class=\"elementor-element elementor-element-e1de2a1 elementor-widget elementor-widget-text-editor\" data-id=\"e1de2a1\" data-element_type=\"widget\" data-e-type=\"widget\" data-widget_type=\"text-editor.default\">\n\t\t\t\t<div class=\"elementor-widget-container\">\n\t\t\t\t\t\t\t\t\t<p><b>EINIGE HERSTELLABARE PRODUKTE<\/b><\/p>\n<p><img decoding=\"async\" class=\"alignnone size-medium wp-image-11848\" src=\"https:\/\/www.sibo.it\/wp-content\/uploads\/2023\/08\/Campioni-SSP300M-300x150.jpg\" alt=\"\" width=\"300\" height=\"150\"><\/p>\n\t\t\t\t\t\t\t\t<\/div>\n\t\t\t\t<\/div>\n\t\t\t\t<div class=\"elementor-element elementor-element-5c4e076 elementor-widget elementor-widget-text-editor\" data-id=\"5c4e076\" data-element_type=\"widget\" data-e-type=\"widget\" data-widget_type=\"text-editor.default\">\n\t\t\t\t<div class=\"elementor-widget-container\">\n\t\t\t\t\t\t\t\t\t<p><b>EXTRA AUSR\u00dcSTUNG<\/b><\/p>\n<p><img decoding=\"async\" class=\"alignnone size-full wp-image-11641\" src=\"https:\/\/www.sibo.it\/wp-content\/uploads\/2023\/08\/2lu30-equipment1.jpg\" alt=\"\" width=\"111\" height=\"140\"><\/p>\n\t\t\t\t\t\t\t\t<\/div>\n\t\t\t\t<\/div>\n\t\t\t\t<\/div>\n\t\t\t\t<\/div>\n\t\t\t\t<\/div>\n\t\t","protected":false},"excerpt":{"rendered":"<p><strong>SCHLEIF\/SATINIERMASCHINE MIT ELEKTROMAGNETISCHE EBENE MODELL &#8222;SSP\/300M&#8220;<\/strong><\/p>\n<p>Schleifmaschine mit elektromagnetischer Ebene zum Schleifen und Satinieren von Blechen, glatte Oberfl\u00e4chen aus Stahl und Eisen. Diese Maschine ist so konzipiert, dass sie sowohl mit als auch ohne K\u00fchlung arbeitet und die Oszillation des Schleifbandes nutzen kann. Die zu bearbeitenden Teile werden auf eine elektromagnetische Ebene gelegt, so dass auch kleine Teile mit einem oder mehreren Durchg\u00e4ngen bis zur gew\u00fcnschten Endbearbeitung bearbeitet werden k\u00f6nnen.<\/p>\n<p><strong>Die Maschine kann it folgenden Zubeh\u00f6rteilen ausstattet werden:<\/strong><\/p>\n<ul>\n<li>Regelung motorisierte Arbeitsh\u00f6he 0,37 Kw<\/li>\n<li>Becken mit motorisierte Reinigungsvorrichtung, K\u00fchll\u00f6sung Filtrieren mit Papier Geschwindigkeitsregler f\u00fcr die B\u00e4ndergeschwindigkeit<\/li>\n<li>Frequenzumrichter f\u00fcr die Geschwindigkeit die B\u00e4nder<\/li>\n<\/ul>\n","protected":false},"featured_media":11844,"comment_status":"closed","ping_status":"closed","template":"","meta":{"_acf_changed":false},"product_brand":[],"product_cat":[320,324],"product_tag":[],"class_list":{"0":"post-11837","1":"product","2":"type-product","3":"status-publish","4":"has-post-thumbnail","6":"product_cat-metallmaschinen","7":"product_cat-schleifen-und-satinieren-von-ebenen-flachen","8":"pa_applicazioni-ebene-flache","10":"first","11":"instock","12":"shipping-taxable","13":"product-type-simple"},"acf":[],"_links":{"self":[{"href":"https:\/\/www.sibo.it\/de\/wp-json\/wp\/v2\/product\/11837","targetHints":{"allow":["GET"]}}],"collection":[{"href":"https:\/\/www.sibo.it\/de\/wp-json\/wp\/v2\/product"}],"about":[{"href":"https:\/\/www.sibo.it\/de\/wp-json\/wp\/v2\/types\/product"}],"replies":[{"embeddable":true,"href":"https:\/\/www.sibo.it\/de\/wp-json\/wp\/v2\/comments?post=11837"}],"version-history":[{"count":6,"href":"https:\/\/www.sibo.it\/de\/wp-json\/wp\/v2\/product\/11837\/revisions"}],"predecessor-version":[{"id":16816,"href":"https:\/\/www.sibo.it\/de\/wp-json\/wp\/v2\/product\/11837\/revisions\/16816"}],"wp:featuredmedia":[{"embeddable":true,"href":"https:\/\/www.sibo.it\/de\/wp-json\/wp\/v2\/media\/11844"}],"wp:attachment":[{"href":"https:\/\/www.sibo.it\/de\/wp-json\/wp\/v2\/media?parent=11837"}],"wp:term":[{"taxonomy":"product_brand","embeddable":true,"href":"https:\/\/www.sibo.it\/de\/wp-json\/wp\/v2\/product_brand?post=11837"},{"taxonomy":"product_cat","embeddable":true,"href":"https:\/\/www.sibo.it\/de\/wp-json\/wp\/v2\/product_cat?post=11837"},{"taxonomy":"product_tag","embeddable":true,"href":"https:\/\/www.sibo.it\/de\/wp-json\/wp\/v2\/product_tag?post=11837"}],"curies":[{"name":"wp","href":"https:\/\/api.w.org\/{rel}","templated":true}]}}