{"id":11813,"date":"2023-08-25T11:52:22","date_gmt":"2023-08-25T10:52:22","guid":{"rendered":"https:\/\/www.sibo.it\/?post_type=product&#038;p=11813"},"modified":"2024-02-16T18:36:00","modified_gmt":"2024-02-16T17:36:00","slug":"2lu-f380","status":"publish","type":"product","link":"https:\/\/www.sibo.it\/de\/Produkt\/2lu-f380\/","title":{"rendered":"2LU\/F380"},"content":{"rendered":"\t\t<div data-elementor-type=\"product-post\" data-elementor-id=\"11813\" class=\"elementor elementor-11813 elementor-11812\" data-elementor-post-type=\"product\">\n\t\t\t\t<div class=\"elementor-element elementor-element-cf1f3ba e-con-full e-flex e-con e-parent\" data-id=\"cf1f3ba\" data-element_type=\"container\" data-e-type=\"container\">\r\n\t\t<div class=\"elementor-element elementor-element-6d430be e-con-full e-flex e-con e-child\" data-id=\"6d430be\" data-element_type=\"container\" data-e-type=\"container\">\r\n\t\t\t\t<div class=\"elementor-element elementor-element-ddd2f7f elementor-widget elementor-widget-text-editor\" data-id=\"ddd2f7f\" data-element_type=\"widget\" data-e-type=\"widget\" data-widget_type=\"text-editor.default\">\n\t\t\t\t<div class=\"elementor-widget-container\">\n\t\t\t\t\t\t\t\t\t<table border=\"0\" cellspacing=\"0\" cellpadding=\"0\">\n<tbody>\n<tr>\n<td>Min. Durchmesser<\/td>\n<td><strong> 1 mm.<\/strong><\/td>\n<\/tr>\n<tr>\n<td>Max. Durchmesser<\/td>\n<td><strong>45 mm.<\/strong><\/td>\n<\/tr>\n<tr>\n<td>Schleifb\u00e4nder Entwicklung \u00d8 1-100 mm.<\/td>\n<td><strong>1550&#215;80<\/strong><\/td>\n<\/tr>\n<tr>\n<td>Schleifb\u00e4nder Entwicklung \u00d8 100-140 mm.<\/td>\n<td><strong>1420&#215;80<\/strong><\/td>\n<\/tr>\n<tr>\n<td>Netto Gewicht<\/td>\n<td><strong> 500 kg.<\/strong><\/td>\n<\/tr>\n<\/tbody>\n<\/table>\n<p style=\"text-align: left;\">\n\t\t\t\t\t\t\t\t<\/div>\n\t\t\t\t<\/div>\n\t\t\t\t<\/div>\n\t\t<div class=\"elementor-element elementor-element-8616444 e-con-full e-flex e-con e-child\" data-id=\"8616444\" data-element_type=\"container\" data-e-type=\"container\">\r\n\t\t\t\t<div class=\"elementor-element elementor-element-e1de2a1 elementor-widget elementor-widget-text-editor\" data-id=\"e1de2a1\" data-element_type=\"widget\" data-e-type=\"widget\" data-widget_type=\"text-editor.default\">\n\t\t\t\t<div class=\"elementor-widget-container\">\n\t\t\t\t\t\t\t\t\t<p><b>EXTRA AUSR\u00dcSTUNG<\/b><\/p>\n<p><img decoding=\"async\" class=\"alignnone size-medium wp-image-11699\" src=\"https:\/\/www.sibo.it\/wp-content\/uploads\/2023\/08\/samples_2Lu200_-1-300x150.jpg\" alt=\"\" width=\"300\" height=\"150\"><\/p>\n\t\t\t\t\t\t\t\t<\/div>\n\t\t\t\t<\/div>\n\t\t\t\t<div class=\"elementor-element elementor-element-5c4e076 elementor-widget elementor-widget-text-editor\" data-id=\"5c4e076\" data-element_type=\"widget\" data-e-type=\"widget\" data-widget_type=\"text-editor.default\">\n\t\t\t\t<div class=\"elementor-widget-container\">\n\t\t\t\t\t\t\t\t\t<p><b>EXTRA AUSR\u00dcSTUNG<\/b><\/p>\n<p><img fetchpriority=\"high\" decoding=\"async\" class=\"alignnone size-medium wp-image-7206\" src=\"https:\/\/www.sibo.it\/wp-content\/uploads\/2023\/03\/Horizontal-loaderi-300x300.jpg\" alt=\"\" width=\"300\" height=\"300\"><\/p>\n\t\t\t\t\t\t\t\t<\/div>\n\t\t\t\t<\/div>\n\t\t\t\t<\/div>\n\t\t\t\t<\/div>\n\t\t\t\t<\/div>\n\t\t","protected":false},"excerpt":{"rendered":"<h3 class=\"h3desc\">ORBITALBANDSCHLEIFMASCHINE MODELL &#8222;2LU\/F380&#8220;<\/h3>\n<p>Maschine f\u00fcr das schleifen und\/oder satinieren von Stahl-, Aluminium- und Messingdr\u00e4hten. Die Hauptcharakteristik dieser Maschine ist da\u00df, das zum schleifenden St\u00fcck ohne sich zu drehen vorw\u00e4rtsgeht.<\/p>\n<p><strong>Die Maschine kann it folgenden Zubeh\u00f6rteilen ausstattet werden:<\/strong><\/p>\n<ul>\n<li><span style=\"font-size: 16px;\">Photozelle mit Zeitschalter als automatische \u00d6ffnungsteuerung der B\u00e4nder<\/span><\/li>\n<li><span style=\"font-size: 16px;\">motorisierte Gruppe Auszugrollen<\/span><\/li>\n<li><span style=\"font-size: 16px;\">motorisierte Gruppe Einf\u00fchrrollen<\/span><\/li>\n<li><span style=\"font-size: 16px;\">Frequenzumrichter f\u00fcr die Geschwindigkeit die B\u00e4nder<\/span><\/li>\n<li><span style=\"font-size: 16px;\">pneumatischer Zylinder mit der Photozelle verbunden, um die Einf\u00fchrrollen zu \u00f6ffnen<\/span><\/li>\n<li><span style=\"font-size: 16px;\">St\u00fcckesvorschubumkehrung<\/span><\/li>\n<\/ul>\n","protected":false},"featured_media":11820,"comment_status":"closed","ping_status":"closed","template":"","meta":{"_acf_changed":false},"product_brand":[],"product_cat":[320,322],"product_tag":[],"class_list":{"0":"post-11813","1":"product","2":"type-product","3":"status-publish","4":"has-post-thumbnail","6":"product_cat-metallmaschinen","7":"product_cat-schleifen-und-satinieren-von-draht","8":"pa_applicazioni-draht","10":"first","11":"instock","12":"shipping-taxable","13":"product-type-simple"},"acf":[],"_links":{"self":[{"href":"https:\/\/www.sibo.it\/de\/wp-json\/wp\/v2\/product\/11813","targetHints":{"allow":["GET"]}}],"collection":[{"href":"https:\/\/www.sibo.it\/de\/wp-json\/wp\/v2\/product"}],"about":[{"href":"https:\/\/www.sibo.it\/de\/wp-json\/wp\/v2\/types\/product"}],"replies":[{"embeddable":true,"href":"https:\/\/www.sibo.it\/de\/wp-json\/wp\/v2\/comments?post=11813"}],"version-history":[{"count":13,"href":"https:\/\/www.sibo.it\/de\/wp-json\/wp\/v2\/product\/11813\/revisions"}],"predecessor-version":[{"id":16822,"href":"https:\/\/www.sibo.it\/de\/wp-json\/wp\/v2\/product\/11813\/revisions\/16822"}],"wp:featuredmedia":[{"embeddable":true,"href":"https:\/\/www.sibo.it\/de\/wp-json\/wp\/v2\/media\/11820"}],"wp:attachment":[{"href":"https:\/\/www.sibo.it\/de\/wp-json\/wp\/v2\/media?parent=11813"}],"wp:term":[{"taxonomy":"product_brand","embeddable":true,"href":"https:\/\/www.sibo.it\/de\/wp-json\/wp\/v2\/product_brand?post=11813"},{"taxonomy":"product_cat","embeddable":true,"href":"https:\/\/www.sibo.it\/de\/wp-json\/wp\/v2\/product_cat?post=11813"},{"taxonomy":"product_tag","embeddable":true,"href":"https:\/\/www.sibo.it\/de\/wp-json\/wp\/v2\/product_tag?post=11813"}],"curies":[{"name":"wp","href":"https:\/\/api.w.org\/{rel}","templated":true}]}}