{"id":11792,"date":"2023-08-25T11:03:19","date_gmt":"2023-08-25T10:03:19","guid":{"rendered":"https:\/\/www.sibo.it\/?post_type=product&#038;p=11792"},"modified":"2024-02-16T18:36:01","modified_gmt":"2024-02-16T17:36:01","slug":"lsb","status":"publish","type":"product","link":"https:\/\/www.sibo.it\/de\/Produkt\/lsb\/","title":{"rendered":"LSB"},"content":{"rendered":"\t\t<div data-elementor-type=\"product-post\" data-elementor-id=\"11792\" class=\"elementor elementor-11792 elementor-11791\" data-elementor-post-type=\"product\">\n\t\t\t\t<div class=\"elementor-element elementor-element-cf1f3ba e-con-full e-flex e-con e-parent\" data-id=\"cf1f3ba\" data-element_type=\"container\" data-e-type=\"container\">\r\n\t\t<div class=\"elementor-element elementor-element-6d430be e-con-full e-flex e-con e-child\" data-id=\"6d430be\" data-element_type=\"container\" data-e-type=\"container\">\r\n\t\t\t\t<div class=\"elementor-element elementor-element-ddd2f7f elementor-widget elementor-widget-text-editor\" data-id=\"ddd2f7f\" data-element_type=\"widget\" data-e-type=\"widget\" data-widget_type=\"text-editor.default\">\n\t\t\t\t<div class=\"elementor-widget-container\">\n\t\t\t\t\t\t\t\t\t<table border=\"0\" cellspacing=\"0\" cellpadding=\"0\">\n<tbody>\n<tr>\n<td>Min. Durchmesser<\/td>\n<td><strong>5 mm.<\/strong><\/td>\n<\/tr>\n<tr>\n<td>Max. Durchmesser<\/td>\n<td><strong>100 mm.<\/strong><\/td>\n<\/tr>\n<tr>\n<td>Min. L\u00e4nge<\/td>\n<td><strong>600 mm.<\/strong><\/td>\n<\/tr>\n<tr>\n<td>Max. L\u00e4nge<\/td>\n<td><strong> 6000 mm.<\/strong><\/td>\n<\/tr>\n<tr>\n<td>Schleifb\u00e4nder Entwicklung<\/td>\n<td><strong>2000&#215;120 mm.<\/strong><\/td>\n<\/tr>\n<tr>\n<td>Netto gewicht<\/td>\n<td><strong> 1500 kg.<\/strong><\/td>\n<\/tr>\n<\/tbody>\n<\/table>\n<p style=\"text-align: left;\">\n\t\t\t\t\t\t\t\t<\/div>\n\t\t\t\t<\/div>\n\t\t\t\t<\/div>\n\t\t<div class=\"elementor-element elementor-element-8616444 e-con-full e-flex e-con e-child\" data-id=\"8616444\" data-element_type=\"container\" data-e-type=\"container\">\r\n\t\t\t\t<div class=\"elementor-element elementor-element-e1de2a1 elementor-widget elementor-widget-text-editor\" data-id=\"e1de2a1\" data-element_type=\"widget\" data-e-type=\"widget\" data-widget_type=\"text-editor.default\">\n\t\t\t\t<div class=\"elementor-widget-container\">\n\t\t\t\t\t\t\t\t\t<p><b>EINIGE HERSTELLABARE PRODUKTE<\/b><\/p>\n<p><img decoding=\"async\" class=\"alignnone size-medium wp-image-11699\" src=\"https:\/\/www.sibo.it\/wp-content\/uploads\/2023\/08\/samples_2Lu200_-1-300x150.jpg\" alt=\"\" width=\"300\" height=\"150\"><\/p>\n\t\t\t\t\t\t\t\t<\/div>\n\t\t\t\t<\/div>\n\t\t\t\t<div class=\"elementor-element elementor-element-09ef385 elementor-widget elementor-widget-text-editor\" data-id=\"09ef385\" data-element_type=\"widget\" data-e-type=\"widget\" data-widget_type=\"text-editor.default\">\n\t\t\t\t<div class=\"elementor-widget-container\">\n\t\t\t\t\t\t\t\t\t<p><strong>EXTRA AUSR\u00dcSTUNG<\/strong><\/p>\n<p><img fetchpriority=\"high\" decoding=\"async\" class=\"alignnone size-medium wp-image-11705\" src=\"https:\/\/www.sibo.it\/wp-content\/uploads\/2023\/08\/Device_complete_with_photocel-300x300.jpg\" alt=\"\" width=\"300\" height=\"300\">  <img decoding=\"async\" class=\"alignnone size-medium wp-image-11717\" src=\"https:\/\/www.sibo.it\/wp-content\/uploads\/2023\/08\/invertor-2LU200-300x300.jpg\" alt=\"\" width=\"300\" height=\"300\"><\/p>\n\t\t\t\t\t\t\t\t<\/div>\n\t\t\t\t<\/div>\n\t\t\t\t<\/div>\n\t\t\t\t<\/div>\n\t\t\t\t<\/div>\n\t\t","protected":false},"excerpt":{"rendered":"<p><strong>AUTOMATISCHE LINIE F\u00dcR DAS SCHLEIFEN VON STANGEN MODELL &#8222;LSB&#8220;<\/strong><\/p>\n<p>Automatische Linie f\u00fcr das Schleifen von geraden Stangen mit rundem und ovalem Querschnitt aus Stahl, Aluminium, Messing, Eisen usw. Die Stangen werden auf dem Magazin gelegt, dass automatisch in einer Zeit eine Stange in der Schleifmaschine einf\u00fchrt. Die Stange vorw\u00e4rts geht zwischen die B\u00e4nder OHNE SICH ZU DREHEN. Als die Stange aus die Schleifmaschine kommt, sie wird automatisch aud den hinteren Schlitten heruntergeladen.<\/p>\n<p><strong>Die Linie ist ausstattet mit:<\/strong><\/p>\n<ul>\n<li><span style=\"font-size: 16px;\">Photozelle mit Zeitschalter als automatische \u00d6ffnungsteuerung der B\u00e4nder<\/span><\/li>\n<li><span style=\"font-size: 16px;\">motorisierte Gruppe Auszugrollen<\/span><\/li>\n<li><span style=\"font-size: 16px;\">Frequenzumrichter f\u00fcr die Geschwindigkeit die B\u00e4nder<\/span><\/li>\n<li><span style=\"font-size: 16px;\">pneumatischer Zylinder mit der Photozelle verbunden, um die Einf\u00fchrrollen zu \u00f6ffnen<\/span><\/li>\n<li><span style=\"font-size: 16px;\">automatische \u00d6lnebelschmierung<\/span><\/li>\n<li><span style=\"font-size: 16px;\">Lader mit einer L\u00e4nge von 6000 mm.<\/span><\/li>\n<li><span style=\"font-size: 16px;\">Entlader mit einer L\u00e4nge von 6000 mm.<\/span><\/li>\n<\/ul>\n","protected":false},"featured_media":11799,"comment_status":"closed","ping_status":"closed","template":"","meta":{"_acf_changed":false},"product_brand":[],"product_cat":[320,321],"product_tag":[],"class_list":{"0":"post-11792","1":"product","2":"type-product","3":"status-publish","4":"has-post-thumbnail","6":"product_cat-metallmaschinen","7":"product_cat-schleifen-und-satinieren-von-rohren","8":"pa_applicazioni-gerade-rohren","10":"first","11":"instock","12":"shipping-taxable","13":"product-type-simple"},"acf":[],"_links":{"self":[{"href":"https:\/\/www.sibo.it\/de\/wp-json\/wp\/v2\/product\/11792","targetHints":{"allow":["GET"]}}],"collection":[{"href":"https:\/\/www.sibo.it\/de\/wp-json\/wp\/v2\/product"}],"about":[{"href":"https:\/\/www.sibo.it\/de\/wp-json\/wp\/v2\/types\/product"}],"replies":[{"embeddable":true,"href":"https:\/\/www.sibo.it\/de\/wp-json\/wp\/v2\/comments?post=11792"}],"version-history":[{"count":6,"href":"https:\/\/www.sibo.it\/de\/wp-json\/wp\/v2\/product\/11792\/revisions"}],"predecessor-version":[{"id":16825,"href":"https:\/\/www.sibo.it\/de\/wp-json\/wp\/v2\/product\/11792\/revisions\/16825"}],"wp:featuredmedia":[{"embeddable":true,"href":"https:\/\/www.sibo.it\/de\/wp-json\/wp\/v2\/media\/11799"}],"wp:attachment":[{"href":"https:\/\/www.sibo.it\/de\/wp-json\/wp\/v2\/media?parent=11792"}],"wp:term":[{"taxonomy":"product_brand","embeddable":true,"href":"https:\/\/www.sibo.it\/de\/wp-json\/wp\/v2\/product_brand?post=11792"},{"taxonomy":"product_cat","embeddable":true,"href":"https:\/\/www.sibo.it\/de\/wp-json\/wp\/v2\/product_cat?post=11792"},{"taxonomy":"product_tag","embeddable":true,"href":"https:\/\/www.sibo.it\/de\/wp-json\/wp\/v2\/product_tag?post=11792"}],"curies":[{"name":"wp","href":"https:\/\/api.w.org\/{rel}","templated":true}]}}