{"id":11670,"date":"2023-08-25T09:59:56","date_gmt":"2023-08-25T08:59:56","guid":{"rendered":"https:\/\/www.sibo.it\/?post_type=product&#038;p=11670"},"modified":"2024-02-16T18:36:06","modified_gmt":"2024-02-16T17:36:06","slug":"2lu-100w","status":"publish","type":"product","link":"https:\/\/www.sibo.it\/de\/Produkt\/2lu-100w\/","title":{"rendered":"2LU\/100W"},"content":{"rendered":"\t\t<div data-elementor-type=\"product-post\" data-elementor-id=\"11670\" class=\"elementor elementor-11670 elementor-11669\" data-elementor-post-type=\"product\">\n\t\t\t\t<div class=\"elementor-element elementor-element-cf1f3ba e-con-full e-flex e-con e-parent\" data-id=\"cf1f3ba\" data-element_type=\"container\" data-e-type=\"container\">\r\n\t\t<div class=\"elementor-element elementor-element-6d430be e-con-full e-flex e-con e-child\" data-id=\"6d430be\" data-element_type=\"container\" data-e-type=\"container\">\r\n\t\t\t\t<div class=\"elementor-element elementor-element-ddd2f7f elementor-widget elementor-widget-text-editor\" data-id=\"ddd2f7f\" data-element_type=\"widget\" data-e-type=\"widget\" data-widget_type=\"text-editor.default\">\n\t\t\t\t<div class=\"elementor-widget-container\">\n\t\t\t\t\t\t\t\t\t<table border=\"0\" cellspacing=\"0\" cellpadding=\"0\">\n<tbody>\n<tr>\n<td>Min. Durchmesser <\/td>\n<td><strong>5 mm.<\/strong><\/td>\n<\/tr>\n<tr>\n<td>Max. Durchmesser<\/td>\n<td><strong>100 mm.<\/strong><\/td>\n<\/tr>\n<tr>\n<td>Min. Arbeitsl\u00e4nge<\/td>\n<td><strong>600 mm.<\/strong><\/td>\n<\/tr>\n<tr>\n<td>ver\u00e4nderliche Herstellung mit Frequenzumrichter<\/td>\n<td><strong>-22 mt.\/min.<\/strong><\/td>\n<\/tr>\n<tr>\n<td>Schleifb\u00e4nder Entwicklung<\/td>\n<td><strong>2000&#215;100 mm.<\/strong><\/td>\n<\/tr>\n<tr>\n<td>Netto Gewicht<\/td>\n<td><strong>50 kg.<\/strong><\/td>\n<\/tr>\n<\/tbody>\n<\/table>\n<p style=\"text-align: left;\">\n\t\t\t\t\t\t\t\t<\/div>\n\t\t\t\t<\/div>\n\t\t\t\t<\/div>\n\t\t<div class=\"elementor-element elementor-element-8616444 e-con-full e-flex e-con e-child\" data-id=\"8616444\" data-element_type=\"container\" data-e-type=\"container\">\r\n\t\t\t\t<div class=\"elementor-element elementor-element-e1de2a1 elementor-widget elementor-widget-text-editor\" data-id=\"e1de2a1\" data-element_type=\"widget\" data-e-type=\"widget\" data-widget_type=\"text-editor.default\">\n\t\t\t\t<div class=\"elementor-widget-container\">\n\t\t\t\t\t\t\t\t\t<p><b>EINIGE HERSTELLABARE PRODUKTE<\/b><\/p>\n<p><img decoding=\"async\" class=\"alignnone size-medium wp-image-11699\" src=\"https:\/\/www.sibo.it\/wp-content\/uploads\/2023\/08\/samples_2Lu200_-1-300x150.jpg\" alt=\"\" width=\"300\" height=\"150\"><\/p>\n\t\t\t\t\t\t\t\t<\/div>\n\t\t\t\t<\/div>\n\t\t\t\t<div class=\"elementor-element elementor-element-09ef385 elementor-widget elementor-widget-text-editor\" data-id=\"09ef385\" data-element_type=\"widget\" data-e-type=\"widget\" data-widget_type=\"text-editor.default\">\n\t\t\t\t<div class=\"elementor-widget-container\">\n\t\t\t\t\t\t\t\t\t<p><strong>EXTRA AUSR\u00dcSTUNG<\/strong><\/p>\n<p><img fetchpriority=\"high\" decoding=\"async\" class=\"alignnone size-medium wp-image-11717\" src=\"https:\/\/www.sibo.it\/wp-content\/uploads\/2023\/08\/invertor-2LU200-300x300.jpg\" alt=\"\" width=\"300\" height=\"300\"> <img decoding=\"async\" class=\"alignnone size-medium wp-image-11711\" src=\"https:\/\/www.sibo.it\/wp-content\/uploads\/2023\/08\/Caricatore_2LU200-300x300.jpg\" alt=\"\" width=\"300\" height=\"300\"> <img loading=\"lazy\" decoding=\"async\" class=\"alignnone size-medium wp-image-11705\" src=\"https:\/\/www.sibo.it\/wp-content\/uploads\/2023\/08\/Device_complete_with_photocel-300x300.jpg\" alt=\"\" width=\"300\" height=\"300\"><\/p>\n\t\t\t\t\t\t\t\t<\/div>\n\t\t\t\t<\/div>\n\t\t\t\t<\/div>\n\t\t\t\t<\/div>\n\t\t\t\t<\/div>\n\t\t","protected":false},"excerpt":{"rendered":"<h2>AUTOMATISCHE BANDSCHLEIFMASCHINE MODELL &#8222;2LU\/100W&#8220;<\/h2>\n<p>Diese Maschine eignet sich zum Schleifen\/Satinieren zylindrischer und gerader Rohre mit rundem oder ovalem Querschnitt aus Stahl, Aluminium, Messing usw. Die St\u00fccke werden nacheinander zwischen die Einf\u00fchrungsrollen gelegt und durch die Schleifb\u00e4nder gef\u00fchrt. Die Stange vorw\u00e4rts geht zwischen die B\u00e4nder OHNE SICH ZU DREHEN.<\/p>\n<p><strong>Die Maschine kann it folgenden Zubeh\u00f6rteilen ausstattet werden:<\/strong><\/p>\n<ul>\n<li><span style=\"font-size: 16px;\">Photozelle mit Zeitschalter als automatische \u00d6ffnungsteuerung der B\u00e4nder<\/span><\/li>\n<li><span style=\"font-size: 16px;\">motorisierte Gruppe Auszugrollen<\/span><\/li>\n<li><span style=\"font-size: 16px;\">Zentrierbuchse f\u00fcr kurze St\u00fcckes<\/span><\/li>\n<li><span style=\"font-size: 16px;\">Frequenzumrichter f\u00fcr die Geschwindigkeit die B\u00e4nder<\/span><\/li>\n<li><span style=\"font-size: 16px;\">pneumatischer Zylinder mit der Photozelle verbunden, um die Einf\u00fchrrollen zu \u00f6ffnen<\/span><\/li>\n<li><span style=\"font-size: 16px;\">St\u00fcckesvorschubumkehrung<\/span><\/li>\n<li><span style=\"font-size: 16px;\">automatische \u00d6lnebelschmierung<\/span><\/li>\n<li><span style=\"font-size: 16px;\">Magazin f\u00fcr gerade St\u00fcckes mit einer L\u00e4nge von 1500 bis 6000 mm.<\/span><\/li>\n<\/ul>\n","protected":false},"featured_media":7367,"comment_status":"closed","ping_status":"closed","template":"","meta":{"_acf_changed":false},"product_brand":[],"product_cat":[320,321],"product_tag":[],"class_list":{"0":"post-11670","1":"product","2":"type-product","3":"status-publish","4":"has-post-thumbnail","6":"product_cat-metallmaschinen","7":"product_cat-schleifen-und-satinieren-von-rohren","8":"pa_applicazioni-gerade-rohren","10":"first","11":"instock","12":"shipping-taxable","13":"product-type-simple"},"acf":[],"_links":{"self":[{"href":"https:\/\/www.sibo.it\/de\/wp-json\/wp\/v2\/product\/11670","targetHints":{"allow":["GET"]}}],"collection":[{"href":"https:\/\/www.sibo.it\/de\/wp-json\/wp\/v2\/product"}],"about":[{"href":"https:\/\/www.sibo.it\/de\/wp-json\/wp\/v2\/types\/product"}],"replies":[{"embeddable":true,"href":"https:\/\/www.sibo.it\/de\/wp-json\/wp\/v2\/comments?post=11670"}],"version-history":[{"count":11,"href":"https:\/\/www.sibo.it\/de\/wp-json\/wp\/v2\/product\/11670\/revisions"}],"predecessor-version":[{"id":16840,"href":"https:\/\/www.sibo.it\/de\/wp-json\/wp\/v2\/product\/11670\/revisions\/16840"}],"wp:featuredmedia":[{"embeddable":true,"href":"https:\/\/www.sibo.it\/de\/wp-json\/wp\/v2\/media\/7367"}],"wp:attachment":[{"href":"https:\/\/www.sibo.it\/de\/wp-json\/wp\/v2\/media?parent=11670"}],"wp:term":[{"taxonomy":"product_brand","embeddable":true,"href":"https:\/\/www.sibo.it\/de\/wp-json\/wp\/v2\/product_brand?post=11670"},{"taxonomy":"product_cat","embeddable":true,"href":"https:\/\/www.sibo.it\/de\/wp-json\/wp\/v2\/product_cat?post=11670"},{"taxonomy":"product_tag","embeddable":true,"href":"https:\/\/www.sibo.it\/de\/wp-json\/wp\/v2\/product_tag?post=11670"}],"curies":[{"name":"wp","href":"https:\/\/api.w.org\/{rel}","templated":true}]}}