{"id":11630,"date":"2023-08-25T09:10:17","date_gmt":"2023-08-25T08:10:17","guid":{"rendered":"https:\/\/www.sibo.it\/?post_type=product&#038;p=11630"},"modified":"2024-02-16T18:31:43","modified_gmt":"2024-02-16T17:31:43","slug":"2lu-30","status":"publish","type":"product","link":"https:\/\/www.sibo.it\/de\/Produkt\/2lu-30\/","title":{"rendered":"2LU\/30"},"content":{"rendered":"\t\t<div data-elementor-type=\"product-post\" data-elementor-id=\"11630\" class=\"elementor elementor-11630 elementor-11629\" data-elementor-post-type=\"product\">\n\t\t\t\t<div class=\"elementor-element elementor-element-cf1f3ba e-con-full e-flex e-con e-parent\" data-id=\"cf1f3ba\" data-element_type=\"container\" data-e-type=\"container\">\r\n\t\t<div class=\"elementor-element elementor-element-6d430be e-con-full e-flex e-con e-child\" data-id=\"6d430be\" data-element_type=\"container\" data-e-type=\"container\">\r\n\t\t\t\t<div class=\"elementor-element elementor-element-ddd2f7f elementor-widget elementor-widget-text-editor\" data-id=\"ddd2f7f\" data-element_type=\"widget\" data-e-type=\"widget\" data-widget_type=\"text-editor.default\">\n\t\t\t\t<div class=\"elementor-widget-container\">\n\t\t\t\t\t\t\t\t\t<table border=\"0\" cellspacing=\"0\" cellpadding=\"0\">\n<tbody>\n<tr>\n<td>Min. Durchmesser<\/td>\n<td><strong> 5 mm.<\/strong><\/td>\n<\/tr>\n<tr>\n<td>Max. Durchmesser<\/td>\n<td><strong> 30 mm.<\/strong><\/td>\n<\/tr>\n<tr>\n<td>Min. Kr\u00fcmmungsradius f\u00fcr St\u00fcckes mit \u00d8 max 30<\/td>\n<td><strong>100 mm.<\/strong><\/td>\n<\/tr>\n<tr>\n<td>Schleifb\u00e4nder Entwicklung<\/td>\n<td><strong>500&#215;30\/50 mm.<\/strong><\/td>\n<\/tr>\n<tr>\n<td>netto Gewicht<\/td>\n<td><strong> 140 kg.<\/strong><\/td>\n<\/tr>\n<\/tbody>\n<\/table>\n<p style=\"text-align: left;\">\n\t\t\t\t\t\t\t\t<\/div>\n\t\t\t\t<\/div>\n\t\t\t\t<\/div>\n\t\t<div class=\"elementor-element elementor-element-8616444 e-con-full e-flex e-con e-child\" data-id=\"8616444\" data-element_type=\"container\" data-e-type=\"container\">\r\n\t\t\t\t<div class=\"elementor-element elementor-element-e1de2a1 elementor-widget elementor-widget-text-editor\" data-id=\"e1de2a1\" data-element_type=\"widget\" data-e-type=\"widget\" data-widget_type=\"text-editor.default\">\n\t\t\t\t<div class=\"elementor-widget-container\">\n\t\t\t\t\t\t\t\t\t<p><b>EINIGE HERSTELLABARE PRODUKTE<\/b><\/p>\n<p><img decoding=\"async\" class=\"alignnone size-medium wp-image-11619\" src=\"https:\/\/www.sibo.it\/wp-content\/uploads\/2023\/08\/2LU45-CAMP-300x150.jpg\" alt=\"\" width=\"300\" height=\"150\"><\/p>\n\t\t\t\t\t\t\t\t<\/div>\n\t\t\t\t<\/div>\n\t\t\t\t<div class=\"elementor-element elementor-element-5c4e076 elementor-widget elementor-widget-text-editor\" data-id=\"5c4e076\" data-element_type=\"widget\" data-e-type=\"widget\" data-widget_type=\"text-editor.default\">\n\t\t\t\t<div class=\"elementor-widget-container\">\n\t\t\t\t\t\t\t\t\t<p><b>EXTRA AUSR\u00dcSTUNG<\/b><\/p>\n<p><img fetchpriority=\"high\" decoding=\"async\" class=\"alignnone size-medium wp-image-11647\" src=\"https:\/\/www.sibo.it\/wp-content\/uploads\/2023\/08\/2lu30-equipment2-300x300.jpg\" alt=\"\" width=\"300\" height=\"300\"><\/p>\n\t\t\t\t\t\t\t\t<\/div>\n\t\t\t\t<\/div>\n\t\t\t\t<\/div>\n\t\t\t\t<\/div>\n\t\t\t\t<\/div>\n\t\t","protected":false},"excerpt":{"rendered":"<p><strong>ORBITALBANDSCHLEIFMASCHINE MODELL &#8222;2LU\/30&#8220;<\/strong><br \/>\nSondermaschine um sehr gebogenen oder gerade Werkst\u00fccke mit rundem und ovalem Querschnitt aus Stahl, Aluminium, Messing, Eisen und andere Metallsorten zu schleifen\/satinieren. Die Hauptcharakteristik dieser Maschine ist da\u00df, das zum schleifenden St\u00fcck ohne sich zu drehen vorw\u00e4rtsgeht.<\/p>\n<p><strong>Die Maschine kann it folgenden Zubeh\u00f6rteilen ausstattet werden:<\/strong><\/p>\n<ul>\n<li><span style=\"font-size: 16px;\">Frequenzumrichter f\u00fcr die Geschwindigkeit die B\u00e4nder<\/span><\/li>\n<li><span style=\"font-size: 16px;\">selbstzentrierende Greifer f\u00fcr kurze St\u00fccke<\/span><\/li>\n<li><span style=\"font-size: 16px;\">Motor f\u00fcr den Schwungrad<\/span><\/li>\n<\/ul>\n","protected":false},"featured_media":11637,"comment_status":"closed","ping_status":"closed","template":"","meta":{"_acf_changed":false},"product_brand":[],"product_cat":[320,321],"product_tag":[],"class_list":{"0":"post-11630","1":"product","2":"type-product","3":"status-publish","4":"has-post-thumbnail","6":"product_cat-metallmaschinen","7":"product_cat-schleifen-und-satinieren-von-rohren","8":"pa_applicazioni-gebogene-rohre","10":"first","11":"instock","12":"shipping-taxable","13":"product-type-simple"},"acf":[],"_links":{"self":[{"href":"https:\/\/www.sibo.it\/de\/wp-json\/wp\/v2\/product\/11630","targetHints":{"allow":["GET"]}}],"collection":[{"href":"https:\/\/www.sibo.it\/de\/wp-json\/wp\/v2\/product"}],"about":[{"href":"https:\/\/www.sibo.it\/de\/wp-json\/wp\/v2\/types\/product"}],"replies":[{"embeddable":true,"href":"https:\/\/www.sibo.it\/de\/wp-json\/wp\/v2\/comments?post=11630"}],"version-history":[{"count":10,"href":"https:\/\/www.sibo.it\/de\/wp-json\/wp\/v2\/product\/11630\/revisions"}],"predecessor-version":[{"id":16783,"href":"https:\/\/www.sibo.it\/de\/wp-json\/wp\/v2\/product\/11630\/revisions\/16783"}],"wp:featuredmedia":[{"embeddable":true,"href":"https:\/\/www.sibo.it\/de\/wp-json\/wp\/v2\/media\/11637"}],"wp:attachment":[{"href":"https:\/\/www.sibo.it\/de\/wp-json\/wp\/v2\/media?parent=11630"}],"wp:term":[{"taxonomy":"product_brand","embeddable":true,"href":"https:\/\/www.sibo.it\/de\/wp-json\/wp\/v2\/product_brand?post=11630"},{"taxonomy":"product_cat","embeddable":true,"href":"https:\/\/www.sibo.it\/de\/wp-json\/wp\/v2\/product_cat?post=11630"},{"taxonomy":"product_tag","embeddable":true,"href":"https:\/\/www.sibo.it\/de\/wp-json\/wp\/v2\/product_tag?post=11630"}],"curies":[{"name":"wp","href":"https:\/\/api.w.org\/{rel}","templated":true}]}}