{"id":11393,"date":"2023-08-09T12:53:48","date_gmt":"2023-08-09T11:53:48","guid":{"rendered":"https:\/\/www.sibo.it\/prodotto\/fbi-2c2t-4x1cnc\/"},"modified":"2024-01-23T15:39:12","modified_gmt":"2024-01-23T14:39:12","slug":"fbi-2c2t-4x1cnc","status":"publish","type":"product","link":"https:\/\/www.sibo.it\/de\/Produkt\/fbi-2c2t-4x1cnc\/","title":{"rendered":"FBI\/2C2T\/4X1cnc"},"content":{"rendered":"\t\t<div data-elementor-type=\"product-post\" data-elementor-id=\"11393\" class=\"elementor elementor-11393 elementor-10410\" data-elementor-post-type=\"product\">\n\t\t\t\t<div class=\"elementor-element elementor-element-cf1f3ba e-con-full e-flex e-con e-parent\" data-id=\"cf1f3ba\" data-element_type=\"container\" data-e-type=\"container\">\r\n\t\t<div class=\"elementor-element elementor-element-6d430be e-con-full e-flex e-con e-parent\" data-id=\"6d430be\" data-element_type=\"container\" data-e-type=\"container\">\r\n\t\t\t\t<div class=\"elementor-element elementor-element-ddd2f7f elementor-widget elementor-widget-text-editor\" data-id=\"ddd2f7f\" data-element_type=\"widget\" data-e-type=\"widget\" data-widget_type=\"text-editor.default\">\n\t\t\t\t<div class=\"elementor-widget-container\">\n\t\t\t\t\t\t\t\t\t<table border=\"0\" cellspacing=\"0\" cellpadding=\"0\">\n<tbody>\n<tr>\n<td>Max. L\u00e4nge<\/td>\n<td><strong>400 mm.<\/strong><\/td>\n<\/tr>\n<tr>\n<td>Max. Breite<\/td>\n<td><strong>100 mm.<\/strong><\/td>\n<\/tr>\n<tr>\n<td>Max. Arbeitsh\u00f6he<\/td>\n<td><strong>25 mm.<\/strong><\/td>\n<\/tr>\n<tr>\n<td>Fr\u00e4serdrehung<\/td>\n<td><strong>20000\u00f724000 RPM<\/strong><\/td>\n<\/tr>\n<tr>\n<td colspan=\"2\">Beladung und Entladung des Stuckes automatisch<\/td>\n<\/tr>\n<\/tbody>\n<\/table>\n<p style=\"text-align: left;\"><b>EXTRA AUSR\u00dcSTUNG<\/b><\/p>\n<p style=\"text-align: left;\">\n\t\t\t\t\t\t\t\t<\/div>\n\t\t\t\t<\/div>\n\t\t\t\t<\/div>\n\t\t<div class=\"elementor-element elementor-element-8616444 e-con-full e-flex e-con e-parent\" data-id=\"8616444\" data-element_type=\"container\" data-e-type=\"container\">\r\n\t\t\t\t<div class=\"elementor-element elementor-element-e1de2a1 elementor-widget elementor-widget-text-editor\" data-id=\"e1de2a1\" data-element_type=\"widget\" data-e-type=\"widget\" data-widget_type=\"text-editor.default\">\n\t\t\t\t<div class=\"elementor-widget-container\">\n\t\t\t\t\t\t\t\t\t<p><b>EINIGE HERSTELLABARE PRODUKTE<\/b><\/p>\n<p><img decoding=\"async\" class=\"alignnone size-medium wp-image-8314\" src=\"https:\/\/www.sibo.it\/wp-content\/uploads\/2023\/03\/Spazzole-FBI-4x1-1-300x150.jpg\" alt=\"\" width=\"300\" height=\"150\"><\/p>\n\t\t\t\t\t\t\t\t<\/div>\n\t\t\t\t<\/div>\n\t\t\t\t<\/div>\n\t\t\t\t<\/div>\n\t\t\t\t<\/div>\n\t\t","protected":false},"excerpt":{"rendered":"<p><strong>AUTOMATISCHE CNC-FR\u00c4SMASCHINE MIT ZWEI K\u00d6PFE MODELL &#8222;FBI\/2C2T\/4X1CNC&#8220;<\/strong><\/p>\n<p>Diese CNC Fr\u00e4smaschine eignet sich zur Bearbeitung der Au\u00dfenprofile von Holzb\u00fcrsten. Mit dieser Maschine ist es M\u00f6glich, Messergriffe, Hacks\u00e4gengriffe und Malerbrenner zu m\u00fchlen. Es ist mit zwei Arbeitspositionen ausgestattet, die es erm\u00f6glichen, zwei Elemente gleichzeitig zu bearbeiten. Es ist mit zwei Arbeitspositionen ausgestattet, die es erm\u00f6glichen, zwei Elemente gleichzeitig zu bearbeiten.<br \/>\nBeschreibung:<br \/>\nDer Zuschnitt wird manuell in den Lader eingelegt, der jeweils 1 St\u00fcck auf den Arbeitstisch l\u00e4dt. Das St\u00fcck wird automatisch auf einer Seite eingespannt, der Lader kehrt in seine urspr\u00fcngliche Position zur\u00fcck und der Fr\u00e4ser, der auf 2 Schlitten montiert ist, die von der CNC angetrieben werden, bearbeitet das Halbprofil. Am Ende dieses Arbeitszyklus, der Stuck wird freigegeben und automatisch ausgeladen und gleichzeitig ein neuen Stuck wird eingeladen.<\/p>\n","protected":false},"featured_media":8311,"comment_status":"closed","ping_status":"closed","template":"","meta":{"_acf_changed":false},"product_brand":[],"product_cat":[312,135],"product_tag":[],"class_list":{"0":"post-11393","1":"product","2":"type-product","3":"status-publish","4":"has-post-thumbnail","6":"product_cat-cnc-frasmaschinen","7":"product_cat-holzmaschinen","8":"pa_applicazioni-besen-und-bursten","10":"first","11":"instock","12":"shipping-taxable","13":"product-type-simple"},"acf":[],"_links":{"self":[{"href":"https:\/\/www.sibo.it\/de\/wp-json\/wp\/v2\/product\/11393","targetHints":{"allow":["GET"]}}],"collection":[{"href":"https:\/\/www.sibo.it\/de\/wp-json\/wp\/v2\/product"}],"about":[{"href":"https:\/\/www.sibo.it\/de\/wp-json\/wp\/v2\/types\/product"}],"replies":[{"embeddable":true,"href":"https:\/\/www.sibo.it\/de\/wp-json\/wp\/v2\/comments?post=11393"}],"version-history":[{"count":5,"href":"https:\/\/www.sibo.it\/de\/wp-json\/wp\/v2\/product\/11393\/revisions"}],"predecessor-version":[{"id":14254,"href":"https:\/\/www.sibo.it\/de\/wp-json\/wp\/v2\/product\/11393\/revisions\/14254"}],"wp:featuredmedia":[{"embeddable":true,"href":"https:\/\/www.sibo.it\/de\/wp-json\/wp\/v2\/media\/8311"}],"wp:attachment":[{"href":"https:\/\/www.sibo.it\/de\/wp-json\/wp\/v2\/media?parent=11393"}],"wp:term":[{"taxonomy":"product_brand","embeddable":true,"href":"https:\/\/www.sibo.it\/de\/wp-json\/wp\/v2\/product_brand?post=11393"},{"taxonomy":"product_cat","embeddable":true,"href":"https:\/\/www.sibo.it\/de\/wp-json\/wp\/v2\/product_cat?post=11393"},{"taxonomy":"product_tag","embeddable":true,"href":"https:\/\/www.sibo.it\/de\/wp-json\/wp\/v2\/product_tag?post=11393"}],"curies":[{"name":"wp","href":"https:\/\/api.w.org\/{rel}","templated":true}]}}