{"id":11351,"date":"2023-08-09T14:02:26","date_gmt":"2023-08-09T13:02:26","guid":{"rendered":"https:\/\/www.sibo.it\/prodotto\/fbi-1c1t-2x1cnc\/"},"modified":"2024-01-23T12:02:25","modified_gmt":"2024-01-23T11:02:25","slug":"fbi-1c1t-2x1cnc","status":"publish","type":"product","link":"https:\/\/www.sibo.it\/de\/Produkt\/fbi-1c1t-2x1cnc\/","title":{"rendered":"FBI\/1C1T\/2X1cnc"},"content":{"rendered":"\t\t<div data-elementor-type=\"product-post\" data-elementor-id=\"11351\" class=\"elementor elementor-11351 elementor-10439\" data-elementor-post-type=\"product\">\n\t\t\t\t<div class=\"elementor-element elementor-element-cf1f3ba e-con-full e-flex e-con e-parent\" data-id=\"cf1f3ba\" data-element_type=\"container\" data-e-type=\"container\">\r\n\t\t<div class=\"elementor-element elementor-element-6d430be e-con-full e-flex e-con e-parent\" data-id=\"6d430be\" data-element_type=\"container\" data-e-type=\"container\">\r\n\t\t\t\t<div class=\"elementor-element elementor-element-ddd2f7f elementor-widget elementor-widget-text-editor\" data-id=\"ddd2f7f\" data-element_type=\"widget\" data-e-type=\"widget\" data-widget_type=\"text-editor.default\">\n\t\t\t\t<div class=\"elementor-widget-container\">\n\t\t\t\t\t\t\t\t\t<table border=\"0\" cellspacing=\"0\" cellpadding=\"0\">\n<tbody>\n<tr>\n<td>Max. Arbeitsl\u00e4nge<\/td>\n<td><strong>200 mm. <\/strong><\/td>\n<\/tr>\n<tr>\n<td>Max. Breite<\/td>\n<td><strong>100 mm. <\/strong><\/td>\n<\/tr>\n<tr>\n<td>Max. Arbeitsh\u00f6he<\/td>\n<td><strong>25 mm. <\/strong><\/td>\n<\/tr>\n<tr>\n<td>Fr\u00e4serdrehung<\/td>\n<td><strong>18000\u00f724000 RPM<\/strong><\/td>\n<\/tr>\n<tr>\n<td>Herstellung <\/td>\n<td><strong>2\u00f74 Stk.\/min.<\/strong><\/td>\n<\/tr>\n<tr>\n<td colspan=\"2\">Beladung und Entladung des Stuckes automatisch<\/td>\n<\/tr>\n<\/tbody>\n<\/table>\n<p style=\"text-align: left;\"><b>EXTRA AUSR\u00dcSTUNG<\/b><\/p>\n<p style=\"text-align: left;\">\n\t\t\t\t\t\t\t\t<\/div>\n\t\t\t\t<\/div>\n\t\t\t\t<\/div>\n\t\t<div class=\"elementor-element elementor-element-8616444 e-con-full e-flex e-con e-parent\" data-id=\"8616444\" data-element_type=\"container\" data-e-type=\"container\">\r\n\t\t\t\t<div class=\"elementor-element elementor-element-e1de2a1 elementor-widget elementor-widget-text-editor\" data-id=\"e1de2a1\" data-element_type=\"widget\" data-e-type=\"widget\" data-widget_type=\"text-editor.default\">\n\t\t\t\t<div class=\"elementor-widget-container\">\n\t\t\t\t\t\t\t\t\t<p><b>EINIGE HERSTELLABARE PRODUKTE<\/b><\/p>\n<p><img decoding=\"async\" class=\"alignnone size-medium wp-image-10441\" src=\"https:\/\/www.sibo.it\/wp-content\/uploads\/2023\/08\/FMRC-300x150.jpg\" alt=\"\" width=\"300\" height=\"150\"><\/p>\n\t\t\t\t\t\t\t\t<\/div>\n\t\t\t\t<\/div>\n\t\t\t\t<\/div>\n\t\t\t\t<\/div>\n\t\t\t\t<\/div>\n\t\t","protected":false},"excerpt":{"rendered":"<p><strong>AUTOMATISCHE CNC-FR\u00c4SMASCHINE MIT 1 K\u00d6PFE MODELL &#8222;FBI\/1C1T\/2X1CNC&#8220;<\/strong><\/p>\n<p>Die Maschine eignet sich f\u00fcr das Messergriffprofil zu mahlen und es zu bohren.<br \/>\nBeschreibung:<br \/>\nDie Holzstucken werden mit der Hand in die Magazin gelegt. An diesem Punkt sind die St\u00fccke verriegelt, die Lader kehren in die Ausgangsposition zur\u00fcck und zwei Werkzeuge, die auf zwei Schlitten montiert sind, die von einer numerischen Steuerung gesteuert werden, arbeiten auf der H\u00e4lfte des Profils. Am Ende diese Bearbeitung, der Stuck wird an die andere Seite blockiert und die Fr\u00e4se bearbeit die zweite h\u00e4lfte des Profils. Am Ende dieses Arbeitszyklus, der Stuck wird freigegeben und automatisch ausgeladen und gleichzeitig ein neuen Stuck wird eingeladen.<\/p>\n","protected":false},"featured_media":8447,"comment_status":"closed","ping_status":"closed","template":"","meta":{"_acf_changed":false},"product_brand":[],"product_cat":[312,135],"product_tag":[],"class_list":{"0":"post-11351","1":"product","2":"type-product","3":"status-publish","4":"has-post-thumbnail","6":"product_cat-cnc-frasmaschinen","7":"product_cat-holzmaschinen","8":"pa_applicazioni-messergriffe","10":"first","11":"instock","12":"shipping-taxable","13":"product-type-simple"},"acf":[],"_links":{"self":[{"href":"https:\/\/www.sibo.it\/de\/wp-json\/wp\/v2\/product\/11351","targetHints":{"allow":["GET"]}}],"collection":[{"href":"https:\/\/www.sibo.it\/de\/wp-json\/wp\/v2\/product"}],"about":[{"href":"https:\/\/www.sibo.it\/de\/wp-json\/wp\/v2\/types\/product"}],"replies":[{"embeddable":true,"href":"https:\/\/www.sibo.it\/de\/wp-json\/wp\/v2\/comments?post=11351"}],"version-history":[{"count":4,"href":"https:\/\/www.sibo.it\/de\/wp-json\/wp\/v2\/product\/11351\/revisions"}],"predecessor-version":[{"id":15559,"href":"https:\/\/www.sibo.it\/de\/wp-json\/wp\/v2\/product\/11351\/revisions\/15559"}],"wp:featuredmedia":[{"embeddable":true,"href":"https:\/\/www.sibo.it\/de\/wp-json\/wp\/v2\/media\/8447"}],"wp:attachment":[{"href":"https:\/\/www.sibo.it\/de\/wp-json\/wp\/v2\/media?parent=11351"}],"wp:term":[{"taxonomy":"product_brand","embeddable":true,"href":"https:\/\/www.sibo.it\/de\/wp-json\/wp\/v2\/product_brand?post=11351"},{"taxonomy":"product_cat","embeddable":true,"href":"https:\/\/www.sibo.it\/de\/wp-json\/wp\/v2\/product_cat?post=11351"},{"taxonomy":"product_tag","embeddable":true,"href":"https:\/\/www.sibo.it\/de\/wp-json\/wp\/v2\/product_tag?post=11351"}],"curies":[{"name":"wp","href":"https:\/\/api.w.org\/{rel}","templated":true}]}}