{"id":11327,"date":"2023-08-09T12:46:38","date_gmt":"2023-08-09T11:46:38","guid":{"rendered":"https:\/\/www.sibo.it\/prodotto\/fmc-1-cnc\/"},"modified":"2024-01-23T15:53:15","modified_gmt":"2024-01-23T14:53:15","slug":"fmc-1-cnc","status":"publish","type":"product","link":"https:\/\/www.sibo.it\/de\/Produkt\/fmc-1-cnc\/","title":{"rendered":"FMC\/1 CNC"},"content":{"rendered":"\t\t<div data-elementor-type=\"product-post\" data-elementor-id=\"11327\" class=\"elementor elementor-11327 elementor-10405\" data-elementor-post-type=\"product\">\n\t\t\t\t<div class=\"elementor-element elementor-element-cf1f3ba e-con-full e-flex e-con e-parent\" data-id=\"cf1f3ba\" data-element_type=\"container\" data-e-type=\"container\">\r\n\t\t<div class=\"elementor-element elementor-element-6d430be e-con-full e-flex e-con e-child\" data-id=\"6d430be\" data-element_type=\"container\" data-e-type=\"container\">\r\n\t\t\t\t<div class=\"elementor-element elementor-element-ddd2f7f elementor-widget elementor-widget-text-editor\" data-id=\"ddd2f7f\" data-element_type=\"widget\" data-e-type=\"widget\" data-widget_type=\"text-editor.default\">\n\t\t\t\t<div class=\"elementor-widget-container\">\n\t\t\t\t\t\t\t\t\t<table border=\"0\" cellspacing=\"0\" cellpadding=\"0\">\n<tbody>\n<tr>\n<td>Max. L\u00e4nge des Stuckes<\/td>\n<td><strong>200&nbsp;mm.<\/strong><\/td>\n<\/tr>\n<tr>\n<td>Max. Breite<\/td>\n<td><strong>&nbsp;50 mm.<\/strong><\/td>\n<\/tr>\n<tr>\n<td>Max. H\u00f6he des Stuckes<\/td>\n<td><strong>20 mm.<\/strong><\/td>\n<\/tr>\n<tr>\n<td>Max. Werkzeugdurchmesser<\/td>\n<td><strong>80&nbsp;mm.<\/strong><\/td>\n<\/tr>\n<tr>\n<td>Werkzeug Drehung<\/td>\n<td><strong>&nbsp;15000\u00f718000 RPM<\/strong><\/td>\n<\/tr>\n<tr>\n<td>St\u00fccke gleichzeitig bearbeitet<\/td>\n<td><strong>1<\/strong><\/td>\n<\/tr>\n<tr>\n<td>Produktion pro St\u00fcck&nbsp;<br>L=100 mm.<\/td>\n<td><strong>6 Stk.\/min.<\/strong><\/td>\n<\/tr>\n<\/tbody>\n<\/table>\n<p style=\"text-align: left;\"><br><\/p>\n<p style=\"text-align: left;\">\n<\/p>\t\t\t\t\t\t\t\t<\/div>\n\t\t\t\t<\/div>\n\t\t\t\t<\/div>\n\t\t<div class=\"elementor-element elementor-element-8616444 e-con-full e-flex e-con e-child\" data-id=\"8616444\" data-element_type=\"container\" data-e-type=\"container\">\r\n\t\t\t\t<div class=\"elementor-element elementor-element-e1de2a1 elementor-widget elementor-widget-text-editor\" data-id=\"e1de2a1\" data-element_type=\"widget\" data-e-type=\"widget\" data-widget_type=\"text-editor.default\">\n\t\t\t\t<div class=\"elementor-widget-container\">\n\t\t\t\t\t\t\t\t\t<p><b> EINIGE HERSTELLABARE PRODUKTE<\/b><\/p>\n<p><img decoding=\"async\" class=\"alignnone size-medium wp-image-8235\" src=\"https:\/\/www.sibo.it\/wp-content\/uploads\/2023\/03\/Campioni-FMC-1-CNC-300x150.jpg\" alt=\"\" width=\"300\" height=\"150\"><\/p>\n\t\t\t\t\t\t\t\t<\/div>\n\t\t\t\t<\/div>\n\t\t\t\t<\/div>\n\t\t\t\t<\/div>\n\t\t\t\t<\/div>\n\t\t","protected":false},"excerpt":{"rendered":"<p><strong>FR\u00c4SMASCHINE F\u00dcR MESSERGRIFFE MODELL &#8222;FMC\/1 CNC&#8220;<\/strong><\/p>\n<p>Diese CNC Fr\u00e4smaschine ist besonders geeignet f\u00fcr Artikeln, die auf 3 Seiten gefr\u00e4st sind, wie Messergriffe und flache Pinselstiele. Die Maschine hat zwei Arbeitspositionen, jede besteht aus einem Lader, einer Spannvorrichtung und einer Fr\u00e4seinheit. Der Arbeitszyklus ist wie folgt: w\u00e4hrend das erste Teil in der ersten Position geladen wird, wird das zweite Teil in der zweiten Position bearbeitet, so dass es keine Ausfallzeiten gibt.<\/p>\n","protected":false},"featured_media":8232,"comment_status":"closed","ping_status":"closed","template":"","meta":{"_acf_changed":false},"product_brand":[],"product_cat":[312,135],"product_tag":[],"class_list":{"0":"post-11327","1":"product","2":"type-product","3":"status-publish","4":"has-post-thumbnail","6":"product_cat-cnc-frasmaschinen","7":"product_cat-holzmaschinen","8":"pa_applicazioni-messergriffe","10":"first","11":"instock","12":"shipping-taxable","13":"product-type-simple"},"acf":[],"_links":{"self":[{"href":"https:\/\/www.sibo.it\/de\/wp-json\/wp\/v2\/product\/11327","targetHints":{"allow":["GET"]}}],"collection":[{"href":"https:\/\/www.sibo.it\/de\/wp-json\/wp\/v2\/product"}],"about":[{"href":"https:\/\/www.sibo.it\/de\/wp-json\/wp\/v2\/types\/product"}],"replies":[{"embeddable":true,"href":"https:\/\/www.sibo.it\/de\/wp-json\/wp\/v2\/comments?post=11327"}],"version-history":[{"count":4,"href":"https:\/\/www.sibo.it\/de\/wp-json\/wp\/v2\/product\/11327\/revisions"}],"predecessor-version":[{"id":15626,"href":"https:\/\/www.sibo.it\/de\/wp-json\/wp\/v2\/product\/11327\/revisions\/15626"}],"wp:featuredmedia":[{"embeddable":true,"href":"https:\/\/www.sibo.it\/de\/wp-json\/wp\/v2\/media\/8232"}],"wp:attachment":[{"href":"https:\/\/www.sibo.it\/de\/wp-json\/wp\/v2\/media?parent=11327"}],"wp:term":[{"taxonomy":"product_brand","embeddable":true,"href":"https:\/\/www.sibo.it\/de\/wp-json\/wp\/v2\/product_brand?post=11327"},{"taxonomy":"product_cat","embeddable":true,"href":"https:\/\/www.sibo.it\/de\/wp-json\/wp\/v2\/product_cat?post=11327"},{"taxonomy":"product_tag","embeddable":true,"href":"https:\/\/www.sibo.it\/de\/wp-json\/wp\/v2\/product_tag?post=11327"}],"curies":[{"name":"wp","href":"https:\/\/api.w.org\/{rel}","templated":true}]}}