{"id":11321,"date":"2023-08-09T14:10:05","date_gmt":"2023-08-09T13:10:05","guid":{"rendered":"https:\/\/www.sibo.it\/prodotto\/fmc-cnc\/"},"modified":"2024-01-23T12:01:48","modified_gmt":"2024-01-23T11:01:48","slug":"fmc-cnc","status":"publish","type":"product","link":"https:\/\/www.sibo.it\/de\/Produkt\/fmc-cnc\/","title":{"rendered":"FMC\/CNC"},"content":{"rendered":"\t\t<div data-elementor-type=\"product-post\" data-elementor-id=\"11321\" class=\"elementor elementor-11321 elementor-10450\" data-elementor-post-type=\"product\">\n\t\t\t\t<div class=\"elementor-element elementor-element-cf1f3ba e-con-full e-flex e-con e-parent\" data-id=\"cf1f3ba\" data-element_type=\"container\" data-e-type=\"container\">\r\n\t\t<div class=\"elementor-element elementor-element-6d430be e-con-full e-flex e-con e-parent\" data-id=\"6d430be\" data-element_type=\"container\" data-e-type=\"container\">\r\n\t\t\t\t<div class=\"elementor-element elementor-element-ddd2f7f elementor-widget elementor-widget-text-editor\" data-id=\"ddd2f7f\" data-element_type=\"widget\" data-e-type=\"widget\" data-widget_type=\"text-editor.default\">\n\t\t\t\t<div class=\"elementor-widget-container\">\n\t\t\t\t\t\t\t\t\t<table border=\"0\" cellspacing=\"0\" cellpadding=\"0\">\n<tbody>\n<tr>\n<td>Max. Arbeitsl\u00e4nge<\/td>\n<td><strong>200 mm.<\/strong><\/td>\n<\/tr>\n<tr>\n<td>Max. Arbeitsbreite<\/td>\n<td><strong> 50 mm.<\/strong><\/td>\n<\/tr>\n<tr>\n<td>Max. Arbeitsh\u00f6he<\/td>\n<td><strong>20 mm.<\/strong><\/td>\n<\/tr>\n<tr>\n<td>Max. Werkzeugdurchmesser<\/td>\n<td><strong>80 mm.<\/strong><\/td>\n<\/tr>\n<tr>\n<td>Werkzeug Drehung<\/td>\n<td><strong>15000\u00f718000 RPM<\/strong><\/td>\n<\/tr>\n<tr>\n<td>St\u00fccke gleichzeitig bearbeitet<\/td>\n<td><strong>2<\/strong><\/td>\n<\/tr>\n<tr>\n<td>Herstellung <br \/>L=100 mm.<\/td>\n<td><strong>10 Stk.\/min<\/strong><\/td>\n<\/tr>\n<\/tbody>\n<\/table>\n<p style=\"text-align: left;\"><b>EXTRA AUSR\u00dcSTUNG<\/b><\/p>\n<p style=\"text-align: left;\">\n\t\t\t\t\t\t\t\t<\/div>\n\t\t\t\t<\/div>\n\t\t\t\t<\/div>\n\t\t<div class=\"elementor-element elementor-element-8616444 e-con-full e-flex e-con e-parent\" data-id=\"8616444\" data-element_type=\"container\" data-e-type=\"container\">\r\n\t\t\t\t<div class=\"elementor-element elementor-element-e1de2a1 elementor-widget elementor-widget-text-editor\" data-id=\"e1de2a1\" data-element_type=\"widget\" data-e-type=\"widget\" data-widget_type=\"text-editor.default\">\n\t\t\t\t<div class=\"elementor-widget-container\">\n\t\t\t\t\t\t\t\t\t<p><b>EINIGE HERSTELLABARE PRODUKTE<\/b><\/p>\n<p><img decoding=\"async\" class=\"alignnone size-medium wp-image-8235\" src=\"https:\/\/www.sibo.it\/wp-content\/uploads\/2023\/03\/Campioni-FMC-1-CNC-300x150.jpg\" alt=\"\" width=\"300\" height=\"150\"><\/p>\n\t\t\t\t\t\t\t\t<\/div>\n\t\t\t\t<\/div>\n\t\t\t\t<\/div>\n\t\t\t\t<\/div>\n\t\t\t\t<\/div>\n\t\t","protected":false},"excerpt":{"rendered":"<p><strong>FR\u00c4SMASCHINE F\u00dcR MESSERGRIFFE MODELL &#8222;FMC\/CNC&#8220;<\/strong><\/p>\n<p>Diese CNC Fr\u00e4smaschine ist besonders geeignet f\u00fcr Artikeln, die auf 3 Seiten gefr\u00e4st sind, wie Messergriffe und flache Pinselstiele. Die Maschine hat 2 Arbeitselle, jede mit 2 Magazinen und 2 selbstst\u00e4ndige Blockierungen, und 1 Fr\u00e4seinheit mit 2 Spindeln, jeder Spindel fr\u00e4st 1 Teil. Nachdem die erste zwei Teile in der erste Stelle eingeladen und blockiert worden sind, die Fr\u00e4se beginnt zu arbeiten und gleichzeitig werden in der zweite Stelle 2 neue Teile eingeladen. Am Ende der Fr\u00e4sung, die Werkzeugen erreichen sehr schnell die zweite Stelle und fr\u00e4sen die neue Teile, w\u00e4hrend in der erste Stelle 2 neue Teile eingeladen werden und die verarbeitete Teile ausgeladen werden. Damit gibt es keine Ausfallzeiten.<br \/>\n<strong>WICHTIG<\/strong>: die Teile stehen und die Spindeln bewegen sich<\/p>\n","protected":false},"featured_media":8290,"comment_status":"closed","ping_status":"closed","template":"","meta":{"_acf_changed":false},"product_brand":[],"product_cat":[312,135],"product_tag":[],"class_list":{"0":"post-11321","1":"product","2":"type-product","3":"status-publish","4":"has-post-thumbnail","6":"product_cat-cnc-frasmaschinen","7":"product_cat-holzmaschinen","8":"pa_applicazioni-messergriffe","10":"first","11":"instock","12":"shipping-taxable","13":"product-type-simple"},"acf":[],"_links":{"self":[{"href":"https:\/\/www.sibo.it\/de\/wp-json\/wp\/v2\/product\/11321","targetHints":{"allow":["GET"]}}],"collection":[{"href":"https:\/\/www.sibo.it\/de\/wp-json\/wp\/v2\/product"}],"about":[{"href":"https:\/\/www.sibo.it\/de\/wp-json\/wp\/v2\/types\/product"}],"replies":[{"embeddable":true,"href":"https:\/\/www.sibo.it\/de\/wp-json\/wp\/v2\/comments?post=11321"}],"version-history":[{"count":3,"href":"https:\/\/www.sibo.it\/de\/wp-json\/wp\/v2\/product\/11321\/revisions"}],"predecessor-version":[{"id":14212,"href":"https:\/\/www.sibo.it\/de\/wp-json\/wp\/v2\/product\/11321\/revisions\/14212"}],"wp:featuredmedia":[{"embeddable":true,"href":"https:\/\/www.sibo.it\/de\/wp-json\/wp\/v2\/media\/8290"}],"wp:attachment":[{"href":"https:\/\/www.sibo.it\/de\/wp-json\/wp\/v2\/media?parent=11321"}],"wp:term":[{"taxonomy":"product_brand","embeddable":true,"href":"https:\/\/www.sibo.it\/de\/wp-json\/wp\/v2\/product_brand?post=11321"},{"taxonomy":"product_cat","embeddable":true,"href":"https:\/\/www.sibo.it\/de\/wp-json\/wp\/v2\/product_cat?post=11321"},{"taxonomy":"product_tag","embeddable":true,"href":"https:\/\/www.sibo.it\/de\/wp-json\/wp\/v2\/product_tag?post=11321"}],"curies":[{"name":"wp","href":"https:\/\/api.w.org\/{rel}","templated":true}]}}