{"id":11304,"date":"2023-08-09T14:29:54","date_gmt":"2023-08-09T13:29:54","guid":{"rendered":"https:\/\/www.sibo.it\/prodotto\/revo-2-0\/"},"modified":"2024-01-23T11:48:55","modified_gmt":"2024-01-23T10:48:55","slug":"revo-2-0","status":"publish","type":"product","link":"https:\/\/www.sibo.it\/de\/Produkt\/revo-2-0\/","title":{"rendered":"REVO 2.0"},"content":{"rendered":"\t\t<div data-elementor-type=\"product-post\" data-elementor-id=\"11304\" class=\"elementor elementor-11304 elementor-10467\" data-elementor-post-type=\"product\">\n\t\t\t\t<div class=\"elementor-element elementor-element-cf1f3ba e-con-full e-flex e-con e-parent\" data-id=\"cf1f3ba\" data-element_type=\"container\" data-e-type=\"container\">\r\n\t\t<div class=\"elementor-element elementor-element-6d430be e-con-full e-flex e-con e-parent\" data-id=\"6d430be\" data-element_type=\"container\" data-e-type=\"container\">\r\n\t\t\t\t<div class=\"elementor-element elementor-element-ddd2f7f elementor-widget elementor-widget-text-editor\" data-id=\"ddd2f7f\" data-element_type=\"widget\" data-e-type=\"widget\" data-widget_type=\"text-editor.default\">\n\t\t\t\t<div class=\"elementor-widget-container\">\n\t\t\t\t\t\t\t\t\t<table border=\"0\" cellspacing=\"0\" cellpadding=\"0\">\n<tbody>\n<tr>\n<td>Max. Arbeitsl\u00e4nge<\/td>\n<td><strong>150 mm.<\/strong><\/td>\n<\/tr>\n<tr>\n<td>Max. Arbeitsbreite<\/td>\n<td><strong> 55 mm.<\/strong><\/td>\n<\/tr>\n<tr>\n<td>Max. Arbeitsh\u00f6he<\/td>\n<td><strong>55 mm.<\/strong><\/td>\n<\/tr>\n<tr>\n<td>Fr\u00e4serdrehung<\/td>\n<td><strong>11.000 RPM<\/strong><\/td>\n<\/tr>\n<tr>\n<td>Spindeldurchmesser<\/td>\n<td><strong>30 mm.<\/strong><\/td>\n<\/tr>\n<tr>\n<td>ver\u00e4nderliche Herstellung<\/td>\n<td><strong>240-360 Stk.\/h.<\/strong><\/td>\n<\/tr>\n<\/tbody>\n<\/table>\n<p style=\"text-align: left;\"><b>EXTRA AUSR\u00dcSTUNG<\/b><\/p>\n<p style=\"text-align: left;\">\n\t\t\t\t\t\t\t\t<\/div>\n\t\t\t\t<\/div>\n\t\t\t\t<\/div>\n\t\t<div class=\"elementor-element elementor-element-8616444 e-con-full e-flex e-con e-parent\" data-id=\"8616444\" data-element_type=\"container\" data-e-type=\"container\">\r\n\t\t\t\t<div class=\"elementor-element elementor-element-e1de2a1 elementor-widget elementor-widget-text-editor\" data-id=\"e1de2a1\" data-element_type=\"widget\" data-e-type=\"widget\" data-widget_type=\"text-editor.default\">\n\t\t\t\t<div class=\"elementor-widget-container\">\n\t\t\t\t\t\t\t\t\t<p><b>EINIGE HERSTELLABARE PRODUKTE<\/b><\/p>\n<p><img decoding=\"async\" class=\"alignnone size-medium wp-image-8498\" src=\"https:\/\/www.sibo.it\/wp-content\/uploads\/2023\/03\/REVO-CAMP-300x150.jpg\" alt=\"\" width=\"300\" height=\"150\"><\/p>\n\t\t\t\t\t\t\t\t<\/div>\n\t\t\t\t<\/div>\n\t\t\t\t<\/div>\n\t\t\t\t<\/div>\n\t\t\t\t<\/div>\n\t\t","protected":false},"excerpt":{"rendered":"<p><strong>CNC FR\u00c4SMASCHINE MIT 13 ACHSEN MODELL &#8222;REVO 2.0&#8220;<\/strong><\/p>\n<p>Diese CNC Automatische Linie wurde realisiert um der Messerhandgriffen zu fr\u00e4sen, mit 5 verschiedenen Profilen, mit runden, ovalen oder unregelm\u00e4\u00dfigen Abschnitten. Die Linie wird aus 3 Maschinen alleverbunden zusammen, einer Abl\u00e4ngmaschine, einer CNC Fr\u00e4smaschine mit 13 interpolierten \u00c4xten (5 geradlinige \u00c4xteund 8 rotatives \u00c4xte) und einer Abschlie\u00dfendmaschine zusammengesetzt. Die gesamte Linie wird von einem Industrie-PC mit Linux-System gesteuert, mit 15&#8243; Touchscreen-Monitor, Internetverbindung f\u00fcr die Remote-Unterst\u00fctzung und USB-Ger\u00e4t zum Be- und Entladung von Dateien. Das Programm erm\u00f6glicht den Handgriff Profile im DXF-Format zu laden, und dann wird die Fr\u00e4serfahrt vom Programm automatisch nach den eingestellten Parametern wie der Fr\u00e4serdurchmesser, Anzahl der Drehst\u00fcck, Drehzahl des St\u00fccks geschaffen.<\/p>\n","protected":false},"featured_media":8495,"comment_status":"closed","ping_status":"closed","template":"","meta":{"_acf_changed":false},"product_brand":[],"product_cat":[312,135],"product_tag":[],"class_list":{"0":"post-11304","1":"product","2":"type-product","3":"status-publish","4":"has-post-thumbnail","6":"product_cat-cnc-frasmaschinen","7":"product_cat-holzmaschinen","8":"pa_applicazioni-messergriffe","10":"first","11":"instock","12":"shipping-taxable","13":"product-type-simple"},"acf":[],"_links":{"self":[{"href":"https:\/\/www.sibo.it\/de\/wp-json\/wp\/v2\/product\/11304","targetHints":{"allow":["GET"]}}],"collection":[{"href":"https:\/\/www.sibo.it\/de\/wp-json\/wp\/v2\/product"}],"about":[{"href":"https:\/\/www.sibo.it\/de\/wp-json\/wp\/v2\/types\/product"}],"replies":[{"embeddable":true,"href":"https:\/\/www.sibo.it\/de\/wp-json\/wp\/v2\/comments?post=11304"}],"version-history":[{"count":3,"href":"https:\/\/www.sibo.it\/de\/wp-json\/wp\/v2\/product\/11304\/revisions"}],"predecessor-version":[{"id":14197,"href":"https:\/\/www.sibo.it\/de\/wp-json\/wp\/v2\/product\/11304\/revisions\/14197"}],"wp:featuredmedia":[{"embeddable":true,"href":"https:\/\/www.sibo.it\/de\/wp-json\/wp\/v2\/media\/8495"}],"wp:attachment":[{"href":"https:\/\/www.sibo.it\/de\/wp-json\/wp\/v2\/media?parent=11304"}],"wp:term":[{"taxonomy":"product_brand","embeddable":true,"href":"https:\/\/www.sibo.it\/de\/wp-json\/wp\/v2\/product_brand?post=11304"},{"taxonomy":"product_cat","embeddable":true,"href":"https:\/\/www.sibo.it\/de\/wp-json\/wp\/v2\/product_cat?post=11304"},{"taxonomy":"product_tag","embeddable":true,"href":"https:\/\/www.sibo.it\/de\/wp-json\/wp\/v2\/product_tag?post=11304"}],"curies":[{"name":"wp","href":"https:\/\/api.w.org\/{rel}","templated":true}]}}