{"id":11294,"date":"2023-08-09T14:37:00","date_gmt":"2023-08-09T13:37:00","guid":{"rendered":"https:\/\/www.sibo.it\/prodotto\/2fsc-cnc\/"},"modified":"2024-01-23T11:22:15","modified_gmt":"2024-01-23T10:22:15","slug":"2fsc-cnc","status":"publish","type":"product","link":"https:\/\/www.sibo.it\/de\/Produkt\/2fsc-cnc\/","title":{"rendered":"2FSC\/cnc"},"content":{"rendered":"\t\t<div data-elementor-type=\"product-post\" data-elementor-id=\"11294\" class=\"elementor elementor-11294 elementor-10472\" data-elementor-post-type=\"product\">\n\t\t\t\t<div class=\"elementor-element elementor-element-cf1f3ba e-con-full e-flex e-con e-parent\" data-id=\"cf1f3ba\" data-element_type=\"container\" data-e-type=\"container\">\r\n\t\t<div class=\"elementor-element elementor-element-6d430be e-con-full e-flex e-con e-parent\" data-id=\"6d430be\" data-element_type=\"container\" data-e-type=\"container\">\r\n\t\t\t\t<div class=\"elementor-element elementor-element-ddd2f7f elementor-widget elementor-widget-text-editor\" data-id=\"ddd2f7f\" data-element_type=\"widget\" data-e-type=\"widget\" data-widget_type=\"text-editor.default\">\n\t\t\t\t<div class=\"elementor-widget-container\">\n\t\t\t\t\t\t\t\t\t<table border=\"0\" cellspacing=\"0\" cellpadding=\"0\">\n<tbody>\n<tr>\n<td>Max. Arbeitsl\u00e4nge<\/td>\n<td><strong>600 mm.<\/strong><\/td>\n<\/tr>\n<tr>\n<td>Max. Arbeitsbreite<\/td>\n<td><strong>220 mm.<\/strong><\/td>\n<\/tr>\n<tr>\n<td>Max. Arbeitsh\u00f6he<\/td>\n<td><strong> 20 mm.<\/strong><\/td>\n<\/tr>\n<tr>\n<td>Fr\u00e4sedrehung<\/td>\n<td><strong>18.000 RPM<\/strong><\/td>\n<\/tr>\n<tr>\n<td>Spindeldurchmesser<\/td>\n<td><strong>20 mm.<\/strong><\/td>\n<\/tr>\n<tr>\n<td>ver\u00e4nderliche Herstellung<\/td>\n<td><strong>1200\u00f71400 Stk.\/h.<\/strong><\/td>\n<\/tr>\n<\/tbody>\n<\/table>\n<p style=\"text-align: left;\"><b>EXTRA AUSR\u00dcSTUNG<\/b><\/p>\n<p style=\"text-align: left;\">\n\t\t\t\t\t\t\t\t<\/div>\n\t\t\t\t<\/div>\n\t\t\t\t<\/div>\n\t\t<div class=\"elementor-element elementor-element-8616444 e-con-full e-flex e-con e-parent\" data-id=\"8616444\" data-element_type=\"container\" data-e-type=\"container\">\r\n\t\t\t\t<div class=\"elementor-element elementor-element-e1de2a1 elementor-widget elementor-widget-text-editor\" data-id=\"e1de2a1\" data-element_type=\"widget\" data-e-type=\"widget\" data-widget_type=\"text-editor.default\">\n\t\t\t\t<div class=\"elementor-widget-container\">\n\t\t\t\t\t\t\t\t\t<p><b>EINIGE HERSTELLABARE PRODUKTE<\/b><\/p>\n<p><img decoding=\"async\" class=\"alignnone size-medium wp-image-8525\" src=\"https:\/\/www.sibo.it\/wp-content\/uploads\/2023\/03\/2FSC-CNC-CAMP-300x150.jpg\" alt=\"\" width=\"300\" height=\"150\"><\/p>\n\t\t\t\t\t\t\t\t<\/div>\n\t\t\t\t<\/div>\n\t\t\t\t<\/div>\n\t\t\t\t<\/div>\n\t\t\t\t<\/div>\n\t\t","protected":false},"excerpt":{"rendered":"<p><strong>CNC FR\u00c4SMASCHINE F\u00dcR DAS SCHNEIDEN VON BOHLEN MODELL &#8222;2FSC\/CNC&#8220;<\/strong><\/p>\n<p>Automatische Maschine mit 2 Magazin f\u00fcr die Bearbeitung von vorgeformten Handgriffe, ausgehen von Leisten oder Bohlen. Die Bohlen sind mit 2 Magazin Beladen und an beide Seite festgehalten. Zwei Fr\u00e4ser, auf 2 Schlitten montiert (durch die numerische Steuerung gesteuerte), f\u00fchren die Bearbeitung des Profils. Als die Bearbeitung beendet ist, die St\u00fccke sind automatisch entladen und die Magazin bringen neue Bohlen an die Arbeitsstelle.<\/p>\n","protected":false},"featured_media":8522,"comment_status":"closed","ping_status":"closed","template":"","meta":{"_acf_changed":false},"product_brand":[],"product_cat":[312,135],"product_tag":[],"class_list":{"0":"post-11294","1":"product","2":"type-product","3":"status-publish","4":"has-post-thumbnail","6":"product_cat-cnc-frasmaschinen","7":"product_cat-holzmaschinen","8":"pa_applicazioni-ebene-pinseln","10":"first","11":"instock","12":"shipping-taxable","13":"product-type-simple"},"acf":[],"_links":{"self":[{"href":"https:\/\/www.sibo.it\/de\/wp-json\/wp\/v2\/product\/11294","targetHints":{"allow":["GET"]}}],"collection":[{"href":"https:\/\/www.sibo.it\/de\/wp-json\/wp\/v2\/product"}],"about":[{"href":"https:\/\/www.sibo.it\/de\/wp-json\/wp\/v2\/types\/product"}],"replies":[{"embeddable":true,"href":"https:\/\/www.sibo.it\/de\/wp-json\/wp\/v2\/comments?post=11294"}],"version-history":[{"count":3,"href":"https:\/\/www.sibo.it\/de\/wp-json\/wp\/v2\/product\/11294\/revisions"}],"predecessor-version":[{"id":14195,"href":"https:\/\/www.sibo.it\/de\/wp-json\/wp\/v2\/product\/11294\/revisions\/14195"}],"wp:featuredmedia":[{"embeddable":true,"href":"https:\/\/www.sibo.it\/de\/wp-json\/wp\/v2\/media\/8522"}],"wp:attachment":[{"href":"https:\/\/www.sibo.it\/de\/wp-json\/wp\/v2\/media?parent=11294"}],"wp:term":[{"taxonomy":"product_brand","embeddable":true,"href":"https:\/\/www.sibo.it\/de\/wp-json\/wp\/v2\/product_brand?post=11294"},{"taxonomy":"product_cat","embeddable":true,"href":"https:\/\/www.sibo.it\/de\/wp-json\/wp\/v2\/product_cat?post=11294"},{"taxonomy":"product_tag","embeddable":true,"href":"https:\/\/www.sibo.it\/de\/wp-json\/wp\/v2\/product_tag?post=11294"}],"curies":[{"name":"wp","href":"https:\/\/api.w.org\/{rel}","templated":true}]}}