{"id":11285,"date":"2023-08-10T12:36:48","date_gmt":"2023-08-10T11:36:48","guid":{"rendered":"https:\/\/www.sibo.it\/prodotto\/lce-5\/"},"modified":"2024-03-14T10:28:07","modified_gmt":"2024-03-14T09:28:07","slug":"lce-5","status":"publish","type":"product","link":"https:\/\/www.sibo.it\/de\/Produkt\/lce-5\/","title":{"rendered":"LCE\/5"},"content":{"rendered":"\t\t<div data-elementor-type=\"product-post\" data-elementor-id=\"11285\" class=\"elementor elementor-11285 elementor-10678\" data-elementor-post-type=\"product\">\n\t\t\t\t<div class=\"elementor-element elementor-element-cf1f3ba e-con-full e-flex e-con e-parent\" data-id=\"cf1f3ba\" data-element_type=\"container\" data-e-type=\"container\">\r\n\t\t<div class=\"elementor-element elementor-element-6d430be e-con-full e-flex e-con e-child\" data-id=\"6d430be\" data-element_type=\"container\" data-e-type=\"container\">\r\n\t\t\t\t<div class=\"elementor-element elementor-element-ddd2f7f elementor-widget elementor-widget-text-editor\" data-id=\"ddd2f7f\" data-element_type=\"widget\" data-e-type=\"widget\" data-widget_type=\"text-editor.default\">\n\t\t\t\t<div class=\"elementor-widget-container\">\n\t\t\t\t\t\t\t\t\t<table border=\"0\" cellspacing=\"0\" cellpadding=\"0\">\n<tbody>\n<tr>\n<td>\n<table border=\"0\" cellspacing=\"0\" cellpadding=\"0\">\n<tbody>\n<tr>\n<td><span style=\"font-size: 16px;\">Max. L\u00e4nge St\u00fcckes<\/span><\/td>\n<td><span style=\"font-size: 16px;\"><strong>400 mm.<\/strong><\/span><\/td>\n<\/tr>\n<tr>\n<td><span style=\"font-size: 16px;\">Max. Arbeitsl\u00e4nge<\/span><\/td>\n<td><span style=\"font-size: 16px;\"><strong>140 mm.<\/strong><\/span><\/td>\n<\/tr>\n<tr>\n<td><span style=\"font-size: 16px;\">Max. Arbeitsh\u00f6he<\/span><\/td>\n<td><span style=\"font-size: 16px;\"><strong>80 mm.<\/strong><\/span><\/td>\n<\/tr>\n<tr>\n<td><span style=\"font-size: 16px;\">Max. Arbeitsbreite<\/span><\/td>\n<td><span style=\"font-size: 16px;\"><strong>80 mm.<\/strong><\/span><\/td>\n<\/tr>\n<tr>\n<td><span style=\"font-size: 16px;\">Spindeldurchmesser<\/span><\/td>\n<td><span style=\"font-size: 16px;\"><strong>25 mm.<\/strong><\/span><\/td>\n<\/tr>\n<tr>\n<td><span style=\"font-size: 16px;\">ver\u00e4nderliche Herstellung<\/span><\/td>\n<td><span style=\"font-size: 16px;\"><strong>7\u00f79 Stk.\/min.<\/strong><\/span><\/td>\n<\/tr>\n<\/tbody>\n<\/table>\n<\/td>\n<td> <\/td>\n<\/tr>\n<\/tbody>\n<\/table>\n<p style=\"text-align: left;\">\n\t\t\t\t\t\t\t\t<\/div>\n\t\t\t\t<\/div>\n\t\t\t\t<\/div>\n\t\t<div class=\"elementor-element elementor-element-8616444 e-con-full e-flex e-con e-child\" data-id=\"8616444\" data-element_type=\"container\" data-e-type=\"container\">\r\n\t\t\t\t<div class=\"elementor-element elementor-element-e1de2a1 elementor-widget elementor-widget-text-editor\" data-id=\"e1de2a1\" data-element_type=\"widget\" data-e-type=\"widget\" data-widget_type=\"text-editor.default\">\n\t\t\t\t<div class=\"elementor-widget-container\">\n\t\t\t\t\t\t\t\t\t<p><b> EINIGE HERSTELLABARE PRODUKTE<\/b><\/p>\n<p><img decoding=\"async\" class=\"alignnone size-medium wp-image-9475\" src=\"https:\/\/www.sibo.it\/wp-content\/uploads\/2023\/03\/Simples-LCE-300x150.jpg\" alt=\"\" width=\"300\" height=\"150\"><\/p>\n\t\t\t\t\t\t\t\t<\/div>\n\t\t\t\t<\/div>\n\t\t\t\t<\/div>\n\t\t\t\t<\/div>\n\t\t\t\t<\/div>\n\t\t","protected":false},"excerpt":{"rendered":"<p><strong>AUTOMATISCHE CNC-TRANSFERMASCHINEN MODELL &#8222;LCE\/5&#8220;<\/strong><\/p>\n<p>CNC-Rotationstransfer mit 5 Arbeitspositionen, geeignet f\u00fcr die Bearbeitung des L\u00f6ffelkopfes und des Griffendes.<\/p>\n<p>Die zu bearbeitenden Teile werden manuell in den Lader gelegt, der St\u00fcck f\u00fcr St\u00fcck auf den Drehtisch l\u00e4dt. In der ersten Arbeitsposition wird der L\u00f6ffel festgeklemmt, dann dreht sich der Tisch und nimmt das St\u00fcck in die zweite Arbeitsposition, wo das Flachfr\u00e4sen am Kopf und das Bohren des Griffendes durchgef\u00fchrt werden. In der dritten Arbeitsposition f\u00fchrt die Maschine das Graben am Kopf und das Flachfr\u00e4sen am Stielende aus. An vierter Stelle werden die Kr\u00fcmmung am Kopf und die Halbrundung am Griffende gefr\u00e4st. In der letzten Arbeitsposition wird der L\u00f6ffel automatisch entladen.<\/p>\n","protected":false},"featured_media":9472,"comment_status":"closed","ping_status":"closed","template":"","meta":{"_acf_changed":false},"product_brand":[],"product_cat":[135,319],"product_tag":[],"class_list":{"0":"post-11285","1":"product","2":"type-product","3":"status-publish","4":"has-post-thumbnail","6":"product_cat-holzmaschinen","7":"product_cat-transfermaschine","8":"pa_applicazioni-loffel-und-gabeln","10":"first","11":"instock","12":"shipping-taxable","13":"product-type-simple"},"acf":[],"_links":{"self":[{"href":"https:\/\/www.sibo.it\/de\/wp-json\/wp\/v2\/product\/11285","targetHints":{"allow":["GET"]}}],"collection":[{"href":"https:\/\/www.sibo.it\/de\/wp-json\/wp\/v2\/product"}],"about":[{"href":"https:\/\/www.sibo.it\/de\/wp-json\/wp\/v2\/types\/product"}],"replies":[{"embeddable":true,"href":"https:\/\/www.sibo.it\/de\/wp-json\/wp\/v2\/comments?post=11285"}],"version-history":[{"count":6,"href":"https:\/\/www.sibo.it\/de\/wp-json\/wp\/v2\/product\/11285\/revisions"}],"predecessor-version":[{"id":15990,"href":"https:\/\/www.sibo.it\/de\/wp-json\/wp\/v2\/product\/11285\/revisions\/15990"}],"wp:featuredmedia":[{"embeddable":true,"href":"https:\/\/www.sibo.it\/de\/wp-json\/wp\/v2\/media\/9472"}],"wp:attachment":[{"href":"https:\/\/www.sibo.it\/de\/wp-json\/wp\/v2\/media?parent=11285"}],"wp:term":[{"taxonomy":"product_brand","embeddable":true,"href":"https:\/\/www.sibo.it\/de\/wp-json\/wp\/v2\/product_brand?post=11285"},{"taxonomy":"product_cat","embeddable":true,"href":"https:\/\/www.sibo.it\/de\/wp-json\/wp\/v2\/product_cat?post=11285"},{"taxonomy":"product_tag","embeddable":true,"href":"https:\/\/www.sibo.it\/de\/wp-json\/wp\/v2\/product_tag?post=11285"}],"curies":[{"name":"wp","href":"https:\/\/api.w.org\/{rel}","templated":true}]}}