{"id":11249,"date":"2023-08-10T12:47:54","date_gmt":"2023-08-10T11:47:54","guid":{"rendered":"https:\/\/www.sibo.it\/prodotto\/fmr-8\/"},"modified":"2024-01-25T11:12:34","modified_gmt":"2024-01-25T10:12:34","slug":"fmr-8","status":"publish","type":"product","link":"https:\/\/www.sibo.it\/de\/Produkt\/fmr-8\/","title":{"rendered":"FMR\/8"},"content":{"rendered":"\t\t<div data-elementor-type=\"product-post\" data-elementor-id=\"11249\" class=\"elementor elementor-11249 elementor-10687\" data-elementor-post-type=\"product\">\n\t\t\t\t<div class=\"elementor-element elementor-element-cf1f3ba e-con-full e-flex e-con e-parent\" data-id=\"cf1f3ba\" data-element_type=\"container\" data-e-type=\"container\">\r\n\t\t<div class=\"elementor-element elementor-element-6d430be e-con-full e-flex e-con e-child\" data-id=\"6d430be\" data-element_type=\"container\" data-e-type=\"container\">\r\n\t\t\t\t<div class=\"elementor-element elementor-element-ddd2f7f elementor-widget elementor-widget-text-editor\" data-id=\"ddd2f7f\" data-element_type=\"widget\" data-e-type=\"widget\" data-widget_type=\"text-editor.default\">\n\t\t\t\t<div class=\"elementor-widget-container\">\n\t\t\t\t\t\t\t\t\t<table border=\"0\" cellspacing=\"0\" cellpadding=\"0\">\n<tbody>\n<tr>\n<td>\n<table border=\"0\" cellspacing=\"0\" cellpadding=\"0\">\n<tbody>\n<tr>\n<td><span style=\"font-size: 16px;\">Max. L\u00e4nge<\/span><\/td>\n<td><span style=\"font-size: 16px;\"><strong>115 mm.<\/strong><\/span><\/td>\n<\/tr>\n<tr>\n<td><span style=\"font-size: 16px;\">Min. L\u00e4nge<\/span><\/td>\n<td><span style=\"font-size: 16px;\"><strong>90 mm.<\/strong><\/span><\/td>\n<\/tr>\n<tr>\n<td><span style=\"font-size: 16px;\">Max. Arbeitsh\u00f6he<\/span><\/td>\n<td><span style=\"font-size: 16px;\"><strong>10 mm.<\/strong><\/span><\/td>\n<\/tr>\n<tr>\n<td><span style=\"font-size: 16px;\">Max. Arbeitsvreite<\/span><\/td>\n<td><span style=\"font-size: 16px;\"><strong>40 mm.<\/strong><\/span><\/td>\n<\/tr>\n<tr>\n<td><span style=\"font-size: 16px;\">ver\u00e4nderliche Herstellung<\/span><\/td>\n<td><span style=\"font-size: 16px;\"><strong>600\u00f7700 Stk.\/h.<\/strong><\/span><\/td>\n<\/tr>\n<\/tbody>\n<\/table>\n<\/td>\n<td> <\/td>\n<\/tr>\n<\/tbody>\n<\/table>\n<p style=\"text-align: left;\">\n\t\t\t\t\t\t\t\t<\/div>\n\t\t\t\t<\/div>\n\t\t\t\t<\/div>\n\t\t<div class=\"elementor-element elementor-element-8616444 e-con-full e-flex e-con e-child\" data-id=\"8616444\" data-element_type=\"container\" data-e-type=\"container\">\r\n\t\t\t\t<div class=\"elementor-element elementor-element-e1de2a1 elementor-widget elementor-widget-text-editor\" data-id=\"e1de2a1\" data-element_type=\"widget\" data-e-type=\"widget\" data-widget_type=\"text-editor.default\">\n\t\t\t\t<div class=\"elementor-widget-container\">\n\t\t\t\t\t\t\t\t\t<p><b> EINIGE HERSTELLABARE PRODUKTE<\/b><\/p>\n<p><img decoding=\"async\" class=\"alignnone size-medium wp-image-10695\" src=\"https:\/\/www.sibo.it\/wp-content\/uploads\/2023\/08\/samples_FMR8-300x150.jpg\" alt=\"\" width=\"300\" height=\"150\"><\/p>\n\t\t\t\t\t\t\t\t<\/div>\n\t\t\t\t<\/div>\n\t\t\t\t<\/div>\n\t\t\t\t<\/div>\n\t\t\t\t<\/div>\n\t\t","protected":false},"excerpt":{"rendered":"<p><strong>AUTOMATISCHE BOHRMASCHINE MIT 8 POSITIONEN MODELL &#8222;FMR\/8&#8220;<\/strong><\/p>\n<p>Automatische Bohrmaschine zur Bearbeitung von Spatelgriffen, Messergriffen, Pinselgriffen usw. Die Maschine ist mit einem automatischen Lader und einem hochpr\u00e4zisen Drehtisch mit 8 Arbeitspositionen ausgestattet, mit denen gleichzeitig zwei horizontale L\u00f6cher mit unterschiedlichen Tiefen, eine obere Vertikale Bohrung, eine untere vertikale Bohrung und der D\u00fcbel ausgef\u00fchrt werden k\u00f6nnen. Jedes Mal, wenn sich der Tisch dreht, wird automatisch ein St\u00fcck entladen.<\/p>\n","protected":false},"featured_media":10691,"comment_status":"closed","ping_status":"closed","template":"","meta":{"_acf_changed":false},"product_brand":[],"product_cat":[315,135,319],"product_tag":[],"class_list":{"0":"post-11249","1":"product","2":"type-product","3":"status-publish","4":"has-post-thumbnail","6":"product_cat-gewindemaschinen-bohrmaschinen","7":"product_cat-holzmaschinen","8":"product_cat-transfermaschine","9":"pa_applicazioni-ebene-pinseln","10":"pa_applicazioni-messergriffe","11":"pa_applicazioni-ovale-pinseln","12":"pa_applicazioni-runde-pinseln","14":"first","15":"instock","16":"shipping-taxable","17":"product-type-simple"},"acf":[],"_links":{"self":[{"href":"https:\/\/www.sibo.it\/de\/wp-json\/wp\/v2\/product\/11249","targetHints":{"allow":["GET"]}}],"collection":[{"href":"https:\/\/www.sibo.it\/de\/wp-json\/wp\/v2\/product"}],"about":[{"href":"https:\/\/www.sibo.it\/de\/wp-json\/wp\/v2\/types\/product"}],"replies":[{"embeddable":true,"href":"https:\/\/www.sibo.it\/de\/wp-json\/wp\/v2\/comments?post=11249"}],"version-history":[{"count":5,"href":"https:\/\/www.sibo.it\/de\/wp-json\/wp\/v2\/product\/11249\/revisions"}],"predecessor-version":[{"id":16008,"href":"https:\/\/www.sibo.it\/de\/wp-json\/wp\/v2\/product\/11249\/revisions\/16008"}],"wp:featuredmedia":[{"embeddable":true,"href":"https:\/\/www.sibo.it\/de\/wp-json\/wp\/v2\/media\/10691"}],"wp:attachment":[{"href":"https:\/\/www.sibo.it\/de\/wp-json\/wp\/v2\/media?parent=11249"}],"wp:term":[{"taxonomy":"product_brand","embeddable":true,"href":"https:\/\/www.sibo.it\/de\/wp-json\/wp\/v2\/product_brand?post=11249"},{"taxonomy":"product_cat","embeddable":true,"href":"https:\/\/www.sibo.it\/de\/wp-json\/wp\/v2\/product_cat?post=11249"},{"taxonomy":"product_tag","embeddable":true,"href":"https:\/\/www.sibo.it\/de\/wp-json\/wp\/v2\/product_tag?post=11249"}],"curies":[{"name":"wp","href":"https:\/\/api.w.org\/{rel}","templated":true}]}}