{"id":11218,"date":"2023-08-09T10:14:27","date_gmt":"2023-08-09T09:14:27","guid":{"rendered":"https:\/\/www.sibo.it\/prodotto\/4pra-200\/"},"modified":"2024-01-23T11:11:51","modified_gmt":"2024-01-23T10:11:51","slug":"4pra-200","status":"publish","type":"product","link":"https:\/\/www.sibo.it\/de\/Produkt\/4pra-200\/","title":{"rendered":"4PRA\/200"},"content":{"rendered":"\t\t<div data-elementor-type=\"product-post\" data-elementor-id=\"11218\" class=\"elementor elementor-11218 elementor-10371\" data-elementor-post-type=\"product\">\n\t\t\t\t<div class=\"elementor-element elementor-element-cf1f3ba e-con-full e-flex e-con e-parent\" data-id=\"cf1f3ba\" data-element_type=\"container\" data-e-type=\"container\">\r\n\t\t<div class=\"elementor-element elementor-element-6d430be e-con-full e-flex e-con e-parent\" data-id=\"6d430be\" data-element_type=\"container\" data-e-type=\"container\">\r\n\t\t\t\t<div class=\"elementor-element elementor-element-ddd2f7f elementor-widget elementor-widget-text-editor\" data-id=\"ddd2f7f\" data-element_type=\"widget\" data-e-type=\"widget\" data-widget_type=\"text-editor.default\">\n\t\t\t\t<div class=\"elementor-widget-container\">\n\t\t\t\t\t\t\t\t\t<table border=\"0\" cellspacing=\"0\" cellpadding=\"0\">\n<tbody>\n<tr>\n<td>Min. Arbeitsl\u00e4nge<\/td>\n<td><strong>150 mm. <\/strong><\/td>\n<\/tr>\n<tr>\n<td>Max. Arbeitsl\u00e4nge<\/td>\n<td><strong>200 mm. <\/strong><\/td>\n<\/tr>\n<tr>\n<td>Max. L\u00e4nge St\u00fcckes<\/td>\n<td><strong>400 mm.<\/strong><\/td>\n<\/tr>\n<tr>\n<td>Min. Durchmesser<\/td>\n<td><strong>10 mm.<\/strong><\/td>\n<\/tr>\n<tr>\n<td>Max. Durchmesser<\/td>\n<td><strong>30 mm. <\/strong><\/td>\n<\/tr>\n<tr>\n<td>Herstellung<\/td>\n<td><strong>10 Stk.\/min.<\/strong><\/td>\n<\/tr>\n<\/tbody>\n<\/table>\n<p style=\"text-align: left;\"><b> <\/b><\/p>\n<p style=\"text-align: left;\"><b>EXTRA AUSR\u00dcSTUNG<\/b><\/p>\n<p style=\"text-align: left;\">\n\t\t\t\t\t\t\t\t<\/div>\n\t\t\t\t<\/div>\n\t\t\t\t<\/div>\n\t\t<div class=\"elementor-element elementor-element-8616444 e-con-full e-flex e-con e-parent\" data-id=\"8616444\" data-element_type=\"container\" data-e-type=\"container\">\r\n\t\t\t\t<div class=\"elementor-element elementor-element-e1de2a1 elementor-widget elementor-widget-text-editor\" data-id=\"e1de2a1\" data-element_type=\"widget\" data-e-type=\"widget\" data-widget_type=\"text-editor.default\">\n\t\t\t\t<div class=\"elementor-widget-container\">\n\t\t\t\t\t\t\t\t\t<p><b>EINIGE HERSTELLABARE PRODUKTE<\/b><\/p>\n<p><img decoding=\"async\" class=\"alignnone size-medium wp-image-7556\" src=\"https:\/\/dev.sibo.it\/wp-content\/uploads\/2023\/03\/4PRA200-camp-300x150.jpg\" alt=\"\" width=\"300\" height=\"150\"><\/p>\n\t\t\t\t\t\t\t\t<\/div>\n\t\t\t\t<\/div>\n\t\t\t\t<\/div>\n\t\t\t\t<\/div>\n\t\t\t\t<\/div>\n\t\t","protected":false},"excerpt":{"rendered":"<p><strong>AUTOMATISCHE KOPIERFR\u00c4SMASCHINE MODELL &#8222;4PRA\/200&#8220;<\/strong><\/p>\n<p>Vollautomatische Fr\u00e4smaschine von L\u00f6ffelstielen. Die Maschine ist mit einem automatischen Lader ausgestattet, der 4 Rohteile gleichzeitig zwischen Spitzen und Reitst\u00f6cken zuf\u00fchrt, und vier profilierten Fr\u00e4sern, die von einer Kurvenscheibe angetrieben werden und die Griffe bearbeiten. Am Ende des Vorgangs werden die Teile automatisch ausgeworfen und die anderen vier Teile automatisch geladen.<\/p>\n","protected":false},"featured_media":2334,"comment_status":"closed","ping_status":"closed","template":"","meta":{"_acf_changed":false},"product_brand":[],"product_cat":[135,311],"product_tag":[],"class_list":{"0":"post-11218","1":"product","2":"type-product","3":"status-publish","4":"has-post-thumbnail","6":"product_cat-holzmaschinen","7":"product_cat-kopier-konturfrasmaschinen","8":"pa_applicazioni-loffel-und-gabeln","10":"first","11":"instock","12":"shipping-taxable","13":"product-type-simple"},"acf":[],"_links":{"self":[{"href":"https:\/\/www.sibo.it\/de\/wp-json\/wp\/v2\/product\/11218","targetHints":{"allow":["GET"]}}],"collection":[{"href":"https:\/\/www.sibo.it\/de\/wp-json\/wp\/v2\/product"}],"about":[{"href":"https:\/\/www.sibo.it\/de\/wp-json\/wp\/v2\/types\/product"}],"replies":[{"embeddable":true,"href":"https:\/\/www.sibo.it\/de\/wp-json\/wp\/v2\/comments?post=11218"}],"version-history":[{"count":5,"href":"https:\/\/www.sibo.it\/de\/wp-json\/wp\/v2\/product\/11218\/revisions"}],"predecessor-version":[{"id":15525,"href":"https:\/\/www.sibo.it\/de\/wp-json\/wp\/v2\/product\/11218\/revisions\/15525"}],"wp:featuredmedia":[{"embeddable":true,"href":"https:\/\/www.sibo.it\/de\/wp-json\/wp\/v2\/media\/2334"}],"wp:attachment":[{"href":"https:\/\/www.sibo.it\/de\/wp-json\/wp\/v2\/media?parent=11218"}],"wp:term":[{"taxonomy":"product_brand","embeddable":true,"href":"https:\/\/www.sibo.it\/de\/wp-json\/wp\/v2\/product_brand?post=11218"},{"taxonomy":"product_cat","embeddable":true,"href":"https:\/\/www.sibo.it\/de\/wp-json\/wp\/v2\/product_cat?post=11218"},{"taxonomy":"product_tag","embeddable":true,"href":"https:\/\/www.sibo.it\/de\/wp-json\/wp\/v2\/product_tag?post=11218"}],"curies":[{"name":"wp","href":"https:\/\/api.w.org\/{rel}","templated":true}]}}