{"id":11210,"date":"2023-08-09T10:34:32","date_gmt":"2023-08-09T09:34:32","guid":{"rendered":"https:\/\/www.sibo.it\/prodotto\/3fra-m50\/"},"modified":"2024-01-23T11:11:37","modified_gmt":"2024-01-23T10:11:37","slug":"3fra-m50","status":"publish","type":"product","link":"https:\/\/www.sibo.it\/de\/Produkt\/3fra-m50\/","title":{"rendered":"3FRA\/M50"},"content":{"rendered":"\t\t<div data-elementor-type=\"product-post\" data-elementor-id=\"11210\" class=\"elementor elementor-11210 elementor-10378\" data-elementor-post-type=\"product\">\n\t\t\t\t<div class=\"elementor-element elementor-element-cf1f3ba e-con-full e-flex e-con e-parent\" data-id=\"cf1f3ba\" data-element_type=\"container\" data-e-type=\"container\">\r\n\t\t<div class=\"elementor-element elementor-element-6d430be e-con-full e-flex e-con e-parent\" data-id=\"6d430be\" data-element_type=\"container\" data-e-type=\"container\">\r\n\t\t\t\t<div class=\"elementor-element elementor-element-ddd2f7f elementor-widget elementor-widget-text-editor\" data-id=\"ddd2f7f\" data-element_type=\"widget\" data-e-type=\"widget\" data-widget_type=\"text-editor.default\">\n\t\t\t\t<div class=\"elementor-widget-container\">\n\t\t\t\t\t\t\t\t\t<table border=\"0\" cellspacing=\"0\" cellpadding=\"0\">\n<tbody>\n<tr>\n<td>Max. L\u00e4nge<\/td>\n<td><strong> 350-500 mm.<\/strong><\/td>\n<\/tr>\n<tr>\n<td>Min. L\u00e4nge<\/td>\n<td><strong>105 mm.<\/strong><\/td>\n<\/tr>\n<tr>\n<td>Min. Durchmesser<\/td>\n<td><strong> 15 mm.<\/strong><\/td>\n<\/tr>\n<tr>\n<td>Max. Durchmesser<\/td>\n<td><strong>105 mm.<\/strong><\/td>\n<\/tr>\n<tr>\n<td>ver\u00e4nderliche Herstellung<\/td>\n<td><strong>240\u00f7400 Stk.\/h.<\/strong><\/td>\n<\/tr>\n<\/tbody>\n<\/table>\n<p style=\"text-align: left;\"><b> <\/b><\/p>\n<p style=\"text-align: left;\"><b>EXTRA AUSR\u00dcSTUNG<\/b><\/p>\n<p style=\"text-align: left;\">\n\t\t\t\t\t\t\t\t<\/div>\n\t\t\t\t<\/div>\n\t\t\t\t<\/div>\n\t\t<div class=\"elementor-element elementor-element-8616444 e-con-full e-flex e-con e-parent\" data-id=\"8616444\" data-element_type=\"container\" data-e-type=\"container\">\r\n\t\t\t\t<div class=\"elementor-element elementor-element-e1de2a1 elementor-widget elementor-widget-text-editor\" data-id=\"e1de2a1\" data-element_type=\"widget\" data-e-type=\"widget\" data-widget_type=\"text-editor.default\">\n\t\t\t\t<div class=\"elementor-widget-container\">\n\t\t\t\t\t\t\t\t\t<p><b>EINIGE HERSTELLABARE PRODUKTE<\/b><\/p>\n<p><img decoding=\"async\" class=\"alignnone size-medium wp-image-7829\" src=\"https:\/\/www.sibo.it\/wp-content\/uploads\/2023\/03\/Example-of-samples-produced-3fram50-300x150.jpg\" alt=\"\" width=\"300\" height=\"150\"><\/p>\n\t\t\t\t\t\t\t\t<\/div>\n\t\t\t\t<\/div>\n\t\t\t\t<\/div>\n\t\t\t\t<\/div>\n\t\t\t\t<\/div>\n\t\t","protected":false},"excerpt":{"rendered":"<p><strong>AUTOMATISCHE KOPIERFR\u00c4SMASCHINE MIT MAGAZIN MODELL &#8222;3FRA\/M50&#8220;<\/strong><\/p>\n<p>Diese Maschine ist besonders geeignet f\u00fcr die Serienherstellung von geraden, konischen und profilierten St\u00fccken wie z.B. Hammer-, Pinsel-, Feile- und Spechtstielen; kleine S\u00e4ulen und M\u00f6belf\u00fc\u00dfe. Der Schnitt kann rund, oval, viereckig, sechseckig usw. Komplett automatische Maschine f\u00fcr universalen Gebrauch, die geplant worden ist, um Artikel gr\u00f6\u00dfer Pr\u00e4zision zu erzeugen und die h\u00f6chste Produktionsf\u00e4higkeit zu schaffen. Diese Maschine hat sechs selbstst\u00e4ndige Arbeitsstationen, die durch ein hydraulisches System kontrolliert sind und gleichzeitig arbeiten. Auf jede Station ist eine Schlagspindel montiert, auf dessen die profilierte Werkzeuge montiert sind. Die Spindel ist durch einen Nocken kontrolliert, der den gew\u00fcnschten Schnitt erlaubt ( drei verschiedene Schnitte sind m\u00f6glich).<\/p>\n<p><strong>Die Maschine kann it folgenden Zubeh\u00f6rteilen ausstattet werden:<\/strong><\/p>\n<ul>\n<li><span style=\"font-size: 16px;\">Schleifmaschine mit B\u00e4nder.<\/span><\/li>\n<\/ul>\n","protected":false},"featured_media":7838,"comment_status":"closed","ping_status":"closed","template":"","meta":{"_acf_changed":false},"product_brand":[],"product_cat":[135,311],"product_tag":[],"class_list":{"0":"post-11210","1":"product","2":"type-product","3":"status-publish","4":"has-post-thumbnail","6":"product_cat-holzmaschinen","7":"product_cat-kopier-konturfrasmaschinen","8":"pa_applicazioni-hammerstiele","9":"pa_applicazioni-ovale-pinseln","10":"pa_applicazioni-runde-buersten","11":"pa_applicazioni-runde-pinseln","13":"first","14":"instock","15":"shipping-taxable","16":"product-type-simple"},"acf":[],"_links":{"self":[{"href":"https:\/\/www.sibo.it\/de\/wp-json\/wp\/v2\/product\/11210","targetHints":{"allow":["GET"]}}],"collection":[{"href":"https:\/\/www.sibo.it\/de\/wp-json\/wp\/v2\/product"}],"about":[{"href":"https:\/\/www.sibo.it\/de\/wp-json\/wp\/v2\/types\/product"}],"replies":[{"embeddable":true,"href":"https:\/\/www.sibo.it\/de\/wp-json\/wp\/v2\/comments?post=11210"}],"version-history":[{"count":8,"href":"https:\/\/www.sibo.it\/de\/wp-json\/wp\/v2\/product\/11210\/revisions"}],"predecessor-version":[{"id":15523,"href":"https:\/\/www.sibo.it\/de\/wp-json\/wp\/v2\/product\/11210\/revisions\/15523"}],"wp:featuredmedia":[{"embeddable":true,"href":"https:\/\/www.sibo.it\/de\/wp-json\/wp\/v2\/media\/7838"}],"wp:attachment":[{"href":"https:\/\/www.sibo.it\/de\/wp-json\/wp\/v2\/media?parent=11210"}],"wp:term":[{"taxonomy":"product_brand","embeddable":true,"href":"https:\/\/www.sibo.it\/de\/wp-json\/wp\/v2\/product_brand?post=11210"},{"taxonomy":"product_cat","embeddable":true,"href":"https:\/\/www.sibo.it\/de\/wp-json\/wp\/v2\/product_cat?post=11210"},{"taxonomy":"product_tag","embeddable":true,"href":"https:\/\/www.sibo.it\/de\/wp-json\/wp\/v2\/product_tag?post=11210"}],"curies":[{"name":"wp","href":"https:\/\/api.w.org\/{rel}","templated":true}]}}