{"id":11194,"date":"2023-08-09T12:29:10","date_gmt":"2023-08-09T11:29:10","guid":{"rendered":"https:\/\/www.sibo.it\/prodotto\/pra-m60\/"},"modified":"2024-01-23T11:10:47","modified_gmt":"2024-01-23T10:10:47","slug":"pra-m60","status":"publish","type":"product","link":"https:\/\/www.sibo.it\/de\/Produkt\/pra-m60\/","title":{"rendered":"PRA\/M60"},"content":{"rendered":"\t\t<div data-elementor-type=\"product-post\" data-elementor-id=\"11194\" class=\"elementor elementor-11194 elementor-10395\" data-elementor-post-type=\"product\">\n\t\t\t\t<div class=\"elementor-element elementor-element-cf1f3ba e-con-full e-flex e-con e-parent\" data-id=\"cf1f3ba\" data-element_type=\"container\" data-e-type=\"container\">\r\n\t\t<div class=\"elementor-element elementor-element-6d430be e-con-full e-flex e-con e-parent\" data-id=\"6d430be\" data-element_type=\"container\" data-e-type=\"container\">\r\n\t\t\t\t<div class=\"elementor-element elementor-element-ddd2f7f elementor-widget elementor-widget-text-editor\" data-id=\"ddd2f7f\" data-element_type=\"widget\" data-e-type=\"widget\" data-widget_type=\"text-editor.default\">\n\t\t\t\t<div class=\"elementor-widget-container\">\n\t\t\t\t\t\t\t\t\t<table border=\"0\" cellspacing=\"0\" cellpadding=\"0\">\n<tbody>\n<tr>\n<td>Max. Arbeitsl\u00e4nge<\/td>\n<td><strong> 600 mm.<\/strong><\/td>\n<\/tr>\n<tr>\n<td>Min. Arbeitsl\u00e4nge<\/td>\n<td><strong>100 mm.<\/strong><\/td>\n<\/tr>\n<tr>\n<td>Min. Durchmesser<\/td>\n<td><strong> 20 mm.<\/strong><\/td>\n<\/tr>\n<tr>\n<td>Max. Durchmesser<\/td>\n<td><strong>80 mm.<\/strong><\/td>\n<\/tr>\n<tr>\n<td>Herstellung <\/td>\n<td><strong>120\u00f7300 pcs.\/h.<\/strong><\/td>\n<\/tr>\n<\/tbody>\n<\/table>\n<p style=\"text-align: left;\"><b>EXTRA AUSR\u00dcSTUNG<\/b><\/p>\n<p style=\"text-align: left;\">\n\t\t\t\t\t\t\t\t<\/div>\n\t\t\t\t<\/div>\n\t\t\t\t<\/div>\n\t\t<div class=\"elementor-element elementor-element-8616444 e-con-full e-flex e-con e-parent\" data-id=\"8616444\" data-element_type=\"container\" data-e-type=\"container\">\r\n\t\t\t\t<div class=\"elementor-element elementor-element-e1de2a1 elementor-widget elementor-widget-text-editor\" data-id=\"e1de2a1\" data-element_type=\"widget\" data-e-type=\"widget\" data-widget_type=\"text-editor.default\">\n\t\t\t\t<div class=\"elementor-widget-container\">\n\t\t\t\t\t\t\t\t\t<p><b>EINIGE HERSTELLABARE PRODUKTE<\/b><\/p>\n<p><img decoding=\"async\" class=\"alignnone size-medium wp-image-7726\" src=\"https:\/\/www.sibo.it\/wp-content\/uploads\/2023\/03\/PR60-CAMP-300x150.jpg\" alt=\"\" width=\"300\" height=\"150\"><\/p>\n\t\t\t\t\t\t\t\t<\/div>\n\t\t\t\t<\/div>\n\t\t\t\t<\/div>\n\t\t\t\t<\/div>\n\t\t\t\t<\/div>\n\t\t","protected":false},"excerpt":{"rendered":"<p><strong>AUTOMATISCHE KOPIERFR\u00c4SMASCHINE MIT MAGAZIN MODELL &#8222;PRA\/M60&#8220;<\/strong><\/p>\n<p>Vollautomatische Maschine mit Magazin und beweglichen K\u00f6pfen, die entworfen worden ist, um eine rationale Serienherstellung, eine hohe Produktionsf\u00e4higkeit und die h\u00f6chste Pr\u00e4zision zu erreichen. Die Maschine ist besonders geeignet zur Herstellung von geraden, profilierten St\u00fccken wie: Hammer-, Axt- u. Werkzeugstiele aber auch kleine S\u00e4ulen, M\u00f6belf\u00fc\u00dfe, Tisch- u. Stuhlbeine, runden, ovalen oder kantigen Schnittes.<\/p>\n<p><strong>Die Maschine kann ausgestattet sein mit:<\/strong><\/p>\n<ul>\n<li><span style=\"font-size: 16px;\">Anlage um gleichzeitig, die runde auf viereckigen und oktagonal F\u00fcssen oder um eine Ende zu sto\u03b2en, zu machen.<\/span><\/li>\n<\/ul>\n","protected":false},"featured_media":7717,"comment_status":"closed","ping_status":"closed","template":"","meta":{"_acf_changed":false},"product_brand":[],"product_cat":[135,311],"product_tag":[],"class_list":{"0":"post-11194","1":"product","2":"type-product","3":"status-publish","4":"has-post-thumbnail","6":"product_cat-holzmaschinen","7":"product_cat-kopier-konturfrasmaschinen","8":"pa_applicazioni-hammerstiele","10":"first","11":"instock","12":"shipping-taxable","13":"product-type-simple"},"acf":[],"_links":{"self":[{"href":"https:\/\/www.sibo.it\/de\/wp-json\/wp\/v2\/product\/11194","targetHints":{"allow":["GET"]}}],"collection":[{"href":"https:\/\/www.sibo.it\/de\/wp-json\/wp\/v2\/product"}],"about":[{"href":"https:\/\/www.sibo.it\/de\/wp-json\/wp\/v2\/types\/product"}],"replies":[{"embeddable":true,"href":"https:\/\/www.sibo.it\/de\/wp-json\/wp\/v2\/comments?post=11194"}],"version-history":[{"count":8,"href":"https:\/\/www.sibo.it\/de\/wp-json\/wp\/v2\/product\/11194\/revisions"}],"predecessor-version":[{"id":15520,"href":"https:\/\/www.sibo.it\/de\/wp-json\/wp\/v2\/product\/11194\/revisions\/15520"}],"wp:featuredmedia":[{"embeddable":true,"href":"https:\/\/www.sibo.it\/de\/wp-json\/wp\/v2\/media\/7717"}],"wp:attachment":[{"href":"https:\/\/www.sibo.it\/de\/wp-json\/wp\/v2\/media?parent=11194"}],"wp:term":[{"taxonomy":"product_brand","embeddable":true,"href":"https:\/\/www.sibo.it\/de\/wp-json\/wp\/v2\/product_brand?post=11194"},{"taxonomy":"product_cat","embeddable":true,"href":"https:\/\/www.sibo.it\/de\/wp-json\/wp\/v2\/product_cat?post=11194"},{"taxonomy":"product_tag","embeddable":true,"href":"https:\/\/www.sibo.it\/de\/wp-json\/wp\/v2\/product_tag?post=11194"}],"curies":[{"name":"wp","href":"https:\/\/api.w.org\/{rel}","templated":true}]}}