{"id":11172,"date":"2023-08-09T12:41:43","date_gmt":"2023-08-09T11:41:43","guid":{"rendered":"https:\/\/www.sibo.it\/prodotto\/pra-m15\/"},"modified":"2024-01-23T11:10:30","modified_gmt":"2024-01-23T10:10:30","slug":"pra-m15","status":"publish","type":"product","link":"https:\/\/www.sibo.it\/de\/Produkt\/pra-m15\/","title":{"rendered":"PRA\/M15"},"content":{"rendered":"\t\t<div data-elementor-type=\"product-post\" data-elementor-id=\"11172\" class=\"elementor elementor-11172 elementor-10400\" data-elementor-post-type=\"product\">\n\t\t\t\t<div class=\"elementor-element elementor-element-cf1f3ba e-con-full e-flex e-con e-parent\" data-id=\"cf1f3ba\" data-element_type=\"container\" data-e-type=\"container\">\r\n\t\t<div class=\"elementor-element elementor-element-6d430be e-con-full e-flex e-con e-child\" data-id=\"6d430be\" data-element_type=\"container\" data-e-type=\"container\">\r\n\t\t\t\t<div class=\"elementor-element elementor-element-ddd2f7f elementor-widget elementor-widget-text-editor\" data-id=\"ddd2f7f\" data-element_type=\"widget\" data-e-type=\"widget\" data-widget_type=\"text-editor.default\">\n\t\t\t\t<div class=\"elementor-widget-container\">\n\t\t\t\t\t\t\t\t\t<table border=\"0\" cellspacing=\"0\" cellpadding=\"0\">\n<tbody>\n<tr>\n<td>Max. Arbeitsl\u00e4nge<\/td>\n<td><strong>150 mm.<\/strong><\/td>\n<\/tr>\n<tr>\n<td>Min. Arbeitsbreite<\/td>\n<td><strong> 30 mm.<\/strong><\/td>\n<\/tr>\n<tr>\n<td>Min. Durchmesser<\/td>\n<td><strong>10 mm.<\/strong><\/td>\n<\/tr>\n<tr>\n<td>Max. Durchmesser<\/td>\n<td><strong>50 mm.<\/strong><\/td>\n<\/tr>\n<tr>\n<td>Ver\u00e4nderliche Herstellung <\/td>\n<td><strong>180\u00f7350 Stk.\/h.<\/strong><\/td>\n<\/tr>\n<\/tbody>\n<\/table>\n<p style=\"text-align: left;\"><b>EXTRA AUSR\u00dcSTUNG<\/b><\/p>\n<p style=\"text-align: left;\"><img fetchpriority=\"high\" decoding=\"async\" class=\"alignnone size-medium wp-image-14985\" src=\"https:\/\/www.sibo.it\/wp-content\/uploads\/2024\/01\/Vibratore-PRA-M15-sito-300x300.jpg\" alt=\"\" width=\"300\" height=\"300\"><\/p>\n\t\t\t\t\t\t\t\t<\/div>\n\t\t\t\t<\/div>\n\t\t\t\t<\/div>\n\t\t<div class=\"elementor-element elementor-element-8616444 e-con-full e-flex e-con e-child\" data-id=\"8616444\" data-element_type=\"container\" data-e-type=\"container\">\r\n\t\t\t\t<div class=\"elementor-element elementor-element-e1de2a1 elementor-widget elementor-widget-text-editor\" data-id=\"e1de2a1\" data-element_type=\"widget\" data-e-type=\"widget\" data-widget_type=\"text-editor.default\">\n\t\t\t\t<div class=\"elementor-widget-container\">\n\t\t\t\t\t\t\t\t\t<p><b>EINIGE HERSTELLABARE PRODUKTE<\/b><\/p>\n<p><img decoding=\"async\" class=\"alignnone size-medium wp-image-7662\" src=\"https:\/\/www.sibo.it\/wp-content\/uploads\/2023\/03\/Example-of-samples-produced-pram15-300x150.jpg\" alt=\"\" width=\"300\" height=\"150\"><\/p>\n\t\t\t\t\t\t\t\t<\/div>\n\t\t\t\t<\/div>\n\t\t\t\t<\/div>\n\t\t\t\t<\/div>\n\t\t\t\t<\/div>\n\t\t","protected":false},"excerpt":{"rendered":"<p class=\"h3desc\"><strong>AUTOMATISCHE KOPIERFR\u00c4SMASCHINE MIT MAGAZIN MODELL &#8222;PRA\/M15&#8220;<\/strong><\/p>\n<p>Die Maschine ist geeignet f\u00fcr die Herstellung von kleinen Holzst\u00fccken wie D\u00fcbeln, Pinsel-und Feile-Griffe, usw. Der Querschnitt kann oval, rund, quadratisch, achteckig oder sechseckig sein. Das Profil kann zylindrisch, konisch, usw. sein. Komplett automatische und universale Maschine mit drei selbstst\u00e4ndige Stellen, die zusammen arbeiten. Die erste Stelle verladet der St\u00fcck, der zwischen die Gegenspitze und die Ziehspitze blockiert wird. Danach erreicht der St\u00fcck die zweite Stelle, wo eine fassonierte Fr\u00e4se der St\u00fcck verarbeitet, inszwieschenzeit wird auf die erste Stelle einen neuen St\u00fcck verladet. Dann erreicht der St\u00fcck die dritte Stelle und da wird er automatisch ausgeladen. Die andere St\u00fccke folgen den gleichen Weg.<\/p>\n<p><strong>Die Maschine kann ausgestattet sein mit:<\/strong><\/p>\n<ul>\n<li><span style=\"font-size: 16px;\">Vibrator zum Laden der Teile<\/span><\/li>\n<\/ul>\n","protected":false},"featured_media":14942,"comment_status":"closed","ping_status":"closed","template":"","meta":{"_acf_changed":false},"product_brand":[],"product_cat":[135,311],"product_tag":[],"class_list":{"0":"post-11172","1":"product","2":"type-product","3":"status-publish","4":"has-post-thumbnail","6":"product_cat-holzmaschinen","7":"product_cat-kopier-konturfrasmaschinen","8":"pa_applicazioni-runde-pinseln","10":"first","11":"instock","12":"shipping-taxable","13":"product-type-simple"},"acf":[],"_links":{"self":[{"href":"https:\/\/www.sibo.it\/de\/wp-json\/wp\/v2\/product\/11172","targetHints":{"allow":["GET"]}}],"collection":[{"href":"https:\/\/www.sibo.it\/de\/wp-json\/wp\/v2\/product"}],"about":[{"href":"https:\/\/www.sibo.it\/de\/wp-json\/wp\/v2\/types\/product"}],"replies":[{"embeddable":true,"href":"https:\/\/www.sibo.it\/de\/wp-json\/wp\/v2\/comments?post=11172"}],"version-history":[{"count":8,"href":"https:\/\/www.sibo.it\/de\/wp-json\/wp\/v2\/product\/11172\/revisions"}],"predecessor-version":[{"id":15519,"href":"https:\/\/www.sibo.it\/de\/wp-json\/wp\/v2\/product\/11172\/revisions\/15519"}],"wp:featuredmedia":[{"embeddable":true,"href":"https:\/\/www.sibo.it\/de\/wp-json\/wp\/v2\/media\/14942"}],"wp:attachment":[{"href":"https:\/\/www.sibo.it\/de\/wp-json\/wp\/v2\/media?parent=11172"}],"wp:term":[{"taxonomy":"product_brand","embeddable":true,"href":"https:\/\/www.sibo.it\/de\/wp-json\/wp\/v2\/product_brand?post=11172"},{"taxonomy":"product_cat","embeddable":true,"href":"https:\/\/www.sibo.it\/de\/wp-json\/wp\/v2\/product_cat?post=11172"},{"taxonomy":"product_tag","embeddable":true,"href":"https:\/\/www.sibo.it\/de\/wp-json\/wp\/v2\/product_tag?post=11172"}],"curies":[{"name":"wp","href":"https:\/\/api.w.org\/{rel}","templated":true}]}}