{"id":11164,"date":"2023-08-09T09:43:38","date_gmt":"2023-08-09T08:43:38","guid":{"rendered":"https:\/\/www.sibo.it\/prodotto\/dcs-f\/"},"modified":"2023-11-04T13:43:34","modified_gmt":"2023-11-04T12:43:34","slug":"dcs-f","status":"publish","type":"product","link":"https:\/\/www.sibo.it\/de\/Produkt\/dcs-f\/","title":{"rendered":"DCS\/F"},"content":{"rendered":"\t\t<div data-elementor-type=\"product-post\" data-elementor-id=\"11164\" class=\"elementor elementor-11164 elementor-10356\" data-elementor-post-type=\"product\">\n\t\t\t\t<div class=\"elementor-element elementor-element-cf1f3ba e-con-full e-flex e-con e-parent\" data-id=\"cf1f3ba\" data-element_type=\"container\" data-e-type=\"container\">\r\n\t\t<div class=\"elementor-element elementor-element-6d430be e-con-full e-flex e-con e-child\" data-id=\"6d430be\" data-element_type=\"container\" data-e-type=\"container\">\r\n\t\t\t\t<div class=\"elementor-element elementor-element-ddd2f7f elementor-widget elementor-widget-text-editor\" data-id=\"ddd2f7f\" data-element_type=\"widget\" data-e-type=\"widget\" data-widget_type=\"text-editor.default\">\n\t\t\t\t<div class=\"elementor-widget-container\">\n\t\t\t\t\t\t\t\t\t<table border=\"0\" cellspacing=\"0\" cellpadding=\"0\">\n<tbody>\n<tr>\n<td>Max. L\u00e4nge des Stuckes<\/td>\n<td><strong>400&nbsp;mm.<\/strong><\/td>\n<\/tr>\n<tr>\n<td>Max. Breite des Stuckes<\/td>\n<td><strong>&nbsp;100&nbsp;mm.<\/strong><\/td>\n<\/tr>\n<tr>\n<td>Max. H\u00f6he des Stuckes<\/td>\n<td><strong>25&nbsp;mm.<\/strong><\/td>\n<\/tr>\n<tr>\n<td>feste Fr\u00e4serdrehung<\/td>\n<td><strong>12.000 RPM<\/strong><\/td>\n<\/tr>\n<tr>\n<td>Spindel Durchmesser<\/td>\n<td><strong>20&nbsp;mm.<\/strong><\/td>\n<\/tr>\n<tr>\n<td>ver\u00e4nderliche Herstellung&nbsp;<\/td>\n<td><strong>150\u00f7500 Stk.\/h.<\/strong><\/td>\n<\/tr>\n<\/tbody>\n<\/table>\n<p style=\"text-align: left;\"><b>&nbsp;<\/b><\/p>\n<p style=\"text-align: left;\"><b>EXTRA AUSR\u00dcSTUNG<\/b><\/p>\n<p style=\"text-align: left;\">\n<\/p>\t\t\t\t\t\t\t\t<\/div>\n\t\t\t\t<\/div>\n\t\t\t\t<\/div>\n\t\t<div class=\"elementor-element elementor-element-8616444 e-con-full e-flex e-con e-child\" data-id=\"8616444\" data-element_type=\"container\" data-e-type=\"container\">\r\n\t\t\t\t<div class=\"elementor-element elementor-element-e1de2a1 elementor-widget elementor-widget-text-editor\" data-id=\"e1de2a1\" data-element_type=\"widget\" data-e-type=\"widget\" data-widget_type=\"text-editor.default\">\n\t\t\t\t<div class=\"elementor-widget-container\">\n\t\t\t\t\t\t\t\t\t<p><b>EINIGE HERSTELLABARE PRODUKTE<\/b><\/p>\n<p><img decoding=\"async\" class=\"alignnone size-medium wp-image-10276\" src=\"https:\/\/www.sibo.it\/wp-content\/uploads\/2023\/08\/Example-of-samples-produced-300x150.jpg\" alt=\"\" width=\"300\" height=\"150\"><\/p>\n\t\t\t\t\t\t\t\t<\/div>\n\t\t\t\t<\/div>\n\t\t\t\t<\/div>\n\t\t\t\t<\/div>\n\t\t\t\t<\/div>\n\t\t","protected":false},"excerpt":{"rendered":"<p><strong>KOPIERFR\u00c4SMASCHINE MODELL &#8222;DCS\/F&#8220;<\/strong><\/p>\n<p>Automatische Maschine mit hydraulischem Vorschubantrieb. Diese Maschine ist besonders geeignet, um flache Pinselgriffe und Messergriffe herzustellen, aber auch zur Ausf\u00fchrung der Au\u00dfenprofilierung der L\u00f6ffel, der B\u00fcrsten, usw. Sie arbeitet gleichzeitig mit zwei Fr\u00e4sen, die von einen Schablonen gesteuert sind. Nach dem Fr\u00e4svorgang, die St\u00fccke sind automatisch ausgeworfen. Die Arbeitsgeschwindigkeit ist, dank der neuen Ausr\u00fcstung, von 0 bis zu 16 m.\/Min. regelbar. Au\u00dferdem ist ein neues automatisches System entworfen worden, das erm\u00f6glicht, die Fr\u00e4sengeschwindigkeit in den besondern schweren Stellen weiter zu erniedrigen; danach beginnt die Maschine an die vorherige programmierte Geschwindigkeit weiter zu arbeiten.<\/p>\n","protected":false},"featured_media":7511,"comment_status":"closed","ping_status":"closed","template":"","meta":{"_acf_changed":false},"product_brand":[],"product_cat":[135,310],"product_tag":[],"class_list":{"0":"post-11164","1":"product","2":"type-product","3":"status-publish","4":"has-post-thumbnail","6":"product_cat-holzmaschinen","7":"product_cat-linear-kopierfrasmaschinen","8":"pa_applicazioni-besen-und-bursten","10":"first","11":"instock","12":"shipping-taxable","13":"product-type-simple"},"acf":[],"_links":{"self":[{"href":"https:\/\/www.sibo.it\/de\/wp-json\/wp\/v2\/product\/11164","targetHints":{"allow":["GET"]}}],"collection":[{"href":"https:\/\/www.sibo.it\/de\/wp-json\/wp\/v2\/product"}],"about":[{"href":"https:\/\/www.sibo.it\/de\/wp-json\/wp\/v2\/types\/product"}],"replies":[{"embeddable":true,"href":"https:\/\/www.sibo.it\/de\/wp-json\/wp\/v2\/comments?post=11164"}],"version-history":[{"count":4,"href":"https:\/\/www.sibo.it\/de\/wp-json\/wp\/v2\/product\/11164\/revisions"}],"predecessor-version":[{"id":14303,"href":"https:\/\/www.sibo.it\/de\/wp-json\/wp\/v2\/product\/11164\/revisions\/14303"}],"wp:featuredmedia":[{"embeddable":true,"href":"https:\/\/www.sibo.it\/de\/wp-json\/wp\/v2\/media\/7511"}],"wp:attachment":[{"href":"https:\/\/www.sibo.it\/de\/wp-json\/wp\/v2\/media?parent=11164"}],"wp:term":[{"taxonomy":"product_brand","embeddable":true,"href":"https:\/\/www.sibo.it\/de\/wp-json\/wp\/v2\/product_brand?post=11164"},{"taxonomy":"product_cat","embeddable":true,"href":"https:\/\/www.sibo.it\/de\/wp-json\/wp\/v2\/product_cat?post=11164"},{"taxonomy":"product_tag","embeddable":true,"href":"https:\/\/www.sibo.it\/de\/wp-json\/wp\/v2\/product_tag?post=11164"}],"curies":[{"name":"wp","href":"https:\/\/api.w.org\/{rel}","templated":true}]}}