{"id":11073,"date":"2023-08-10T13:47:27","date_gmt":"2023-08-10T12:47:27","guid":{"rendered":"https:\/\/www.sibo.it\/prodotto\/lbe-2000\/"},"modified":"2024-01-25T10:36:31","modified_gmt":"2024-01-25T09:36:31","slug":"lbe-2000","status":"publish","type":"product","link":"https:\/\/www.sibo.it\/de\/Produkt\/lbe-2000\/","title":{"rendered":"LBE\/2000"},"content":{"rendered":"\t\t<div data-elementor-type=\"product-post\" data-elementor-id=\"11073\" class=\"elementor elementor-11073 elementor-10721\" data-elementor-post-type=\"product\">\n\t\t\t\t<div class=\"elementor-element elementor-element-cf1f3ba e-con-full e-flex e-con e-parent\" data-id=\"cf1f3ba\" data-element_type=\"container\" data-e-type=\"container\">\r\n\t\t<div class=\"elementor-element elementor-element-6d430be e-con-full e-flex e-con e-child\" data-id=\"6d430be\" data-element_type=\"container\" data-e-type=\"container\">\r\n\t\t\t\t<div class=\"elementor-element elementor-element-ddd2f7f elementor-widget elementor-widget-text-editor\" data-id=\"ddd2f7f\" data-element_type=\"widget\" data-e-type=\"widget\" data-widget_type=\"text-editor.default\">\n\t\t\t\t<div class=\"elementor-widget-container\">\n\t\t\t\t\t\t\t\t\t<table border=\"0\" cellspacing=\"0\" cellpadding=\"0\">\n<tbody>\n<tr>\n<td>\n<table border=\"0\" cellspacing=\"0\" cellpadding=\"0\">\n<tbody>\n<tr>\n<td><span style=\"font-size: 16px;\">Min. Durchmesser<\/span><\/td>\n<td><span style=\"font-size: 16px;\"><strong>10 mm.<\/strong><\/span><\/td>\n<\/tr>\n<tr>\n<td><span style=\"font-size: 16px;\">Max. Durchmesser<\/span><\/td>\n<td><span style=\"font-size: 16px;\"><strong>60 mm.<\/strong><\/span><\/td>\n<\/tr>\n<tr>\n<td><span style=\"font-size: 16px;\">Min. L\u00e4nge<\/span><\/td>\n<td><span style=\"font-size: 16px;\"><strong>600 mm.<\/strong><\/span><\/td>\n<\/tr>\n<tr>\n<td><span style=\"font-size: 16px;\">Max. L\u00e4nge<\/span><\/td>\n<td><span style=\"font-size: 16px;\"><strong>2000 mm.<\/strong><\/span><\/td>\n<\/tr>\n<tr>\n<td><span style=\"font-size: 16px;\">Herstellung mit verstellbare Fr\u00e4skopf<\/span><\/td>\n<td><span style=\"font-size: 16px;\"><strong>5-10 mt.\/min.<\/strong><\/span><\/td>\n<\/tr>\n<\/tbody>\n<\/table>\n<\/td>\n<td> <\/td>\n<\/tr>\n<\/tbody>\n<\/table>\n<p style=\"text-align: left;\">\n\t\t\t\t\t\t\t\t<\/div>\n\t\t\t\t<\/div>\n\t\t\t\t<\/div>\n\t\t<div class=\"elementor-element elementor-element-8616444 e-con-full e-flex e-con e-child\" data-id=\"8616444\" data-element_type=\"container\" data-e-type=\"container\">\r\n\t\t\t\t<div class=\"elementor-element elementor-element-e1de2a1 elementor-widget elementor-widget-text-editor\" data-id=\"e1de2a1\" data-element_type=\"widget\" data-e-type=\"widget\" data-widget_type=\"text-editor.default\">\n\t\t\t\t<div class=\"elementor-widget-container\">\n\t\t\t\t\t\t\t\t\t<p><b>EINIGE HERSTELLABARE PRODUKTE<\/b><\/p>\n<p><img decoding=\"async\" class=\"alignnone size-medium wp-image-10723\" src=\"https:\/\/www.sibo.it\/wp-content\/uploads\/2023\/08\/CAMP_LBE2000-300x150.jpg\" alt=\"\" width=\"300\" height=\"150\"><\/p>\n\t\t\t\t\t\t\t\t<\/div>\n\t\t\t\t<\/div>\n\t\t\t\t<\/div>\n\t\t\t\t<\/div>\n\t\t\t\t<\/div>\n\t\t","protected":false},"excerpt":{"rendered":"<p><strong>AUTOMATISCHE LINIE F\u00dcR DIE PRODUKTION VON BESENSTILEN MODELL &#8222;LBE\/2000&#8220;<\/strong><\/p>\n<p>Automatische Linie zur Herstellung von Besenstielen mit rundem Ende, Gewinde, Loch und Etikett. Die Linie besteht aus: Doppelschneideinheit mit Magazin, einer Rundstabfr\u00e4smaschine Modell &#8222;TAU\/60&#8220; einer Schleifmaschine Modell &#8222;2LU\/100&#8220;, einer Rollenbahn zum Herausziehen der Stiele, Doppelendfr\u00e4smaschine Modell &#8222;2TS\/P&#8220;, eine Bohreinheit und eine Etikettier Maschine. Zu Beginn des Zyklus werden die Vierkantstangen manuell in den Magazin eingef\u00fchrt, der sie hintereinander zu den beiden Kreismessern f\u00fchrt, wo sie alle auf die gleiche L\u00e4nge geschnitten. Werden Bei diesem Vorgang wird jedes St\u00fcck automatisch in die Rundfr\u00e4smaschine geladen, dann in die Schleifmaschine dann in die Bohreinheit, wo der Griff gebohrt wird, und schlie\u00dflich in die Fr\u00e4smaschine wo die Stielen auf einer Seite halbrund gefr\u00e4st und auf der anderen Seite eingef\u00e4delt werden. In der letzten Passage werden die Etiketten angebracht und der Stiel wird automatisch entladen.<\/p>\n","protected":false},"featured_media":9307,"comment_status":"closed","ping_status":"closed","template":"","meta":{"_acf_changed":false},"product_brand":[],"product_cat":[318,135],"product_tag":[],"class_list":{"0":"post-11073","1":"product","2":"type-product","3":"status-publish","4":"has-post-thumbnail","6":"product_cat-automatische-linien","7":"product_cat-holzmaschinen","8":"pa_applicazioni-rund-stock","10":"first","11":"instock","12":"shipping-taxable","13":"product-type-simple"},"acf":[],"_links":{"self":[{"href":"https:\/\/www.sibo.it\/de\/wp-json\/wp\/v2\/product\/11073","targetHints":{"allow":["GET"]}}],"collection":[{"href":"https:\/\/www.sibo.it\/de\/wp-json\/wp\/v2\/product"}],"about":[{"href":"https:\/\/www.sibo.it\/de\/wp-json\/wp\/v2\/types\/product"}],"replies":[{"embeddable":true,"href":"https:\/\/www.sibo.it\/de\/wp-json\/wp\/v2\/comments?post=11073"}],"version-history":[{"count":4,"href":"https:\/\/www.sibo.it\/de\/wp-json\/wp\/v2\/product\/11073\/revisions"}],"predecessor-version":[{"id":15972,"href":"https:\/\/www.sibo.it\/de\/wp-json\/wp\/v2\/product\/11073\/revisions\/15972"}],"wp:featuredmedia":[{"embeddable":true,"href":"https:\/\/www.sibo.it\/de\/wp-json\/wp\/v2\/media\/9307"}],"wp:attachment":[{"href":"https:\/\/www.sibo.it\/de\/wp-json\/wp\/v2\/media?parent=11073"}],"wp:term":[{"taxonomy":"product_brand","embeddable":true,"href":"https:\/\/www.sibo.it\/de\/wp-json\/wp\/v2\/product_brand?post=11073"},{"taxonomy":"product_cat","embeddable":true,"href":"https:\/\/www.sibo.it\/de\/wp-json\/wp\/v2\/product_cat?post=11073"},{"taxonomy":"product_tag","embeddable":true,"href":"https:\/\/www.sibo.it\/de\/wp-json\/wp\/v2\/product_tag?post=11073"}],"curies":[{"name":"wp","href":"https:\/\/api.w.org\/{rel}","templated":true}]}}