{"id":11059,"date":"2023-08-10T13:52:56","date_gmt":"2023-08-10T12:52:56","guid":{"rendered":"https:\/\/www.sibo.it\/prodotto\/tts-180\/"},"modified":"2024-02-28T11:58:56","modified_gmt":"2024-02-28T10:58:56","slug":"tts-180","status":"publish","type":"product","link":"https:\/\/www.sibo.it\/de\/Produkt\/tts-180\/","title":{"rendered":"TTS\/180"},"content":{"rendered":"\t\t<div data-elementor-type=\"product-post\" data-elementor-id=\"11059\" class=\"elementor elementor-11059 elementor-10732\" data-elementor-post-type=\"product\">\n\t\t\t\t<div class=\"elementor-element elementor-element-cf1f3ba e-con-full e-flex e-con e-parent\" data-id=\"cf1f3ba\" data-element_type=\"container\" data-e-type=\"container\">\r\n\t\t<div class=\"elementor-element elementor-element-6d430be e-con-full e-flex e-con e-child\" data-id=\"6d430be\" data-element_type=\"container\" data-e-type=\"container\">\r\n\t\t\t\t<div class=\"elementor-element elementor-element-ddd2f7f elementor-widget elementor-widget-text-editor\" data-id=\"ddd2f7f\" data-element_type=\"widget\" data-e-type=\"widget\" data-widget_type=\"text-editor.default\">\n\t\t\t\t<div class=\"elementor-widget-container\">\n\t\t\t\t\t\t\t\t\t<table border=\"0\" cellspacing=\"0\" cellpadding=\"0\">\n<tbody>\n<tr>\n<td>\n<table border=\"0\" cellspacing=\"0\" cellpadding=\"0\">\n<tbody>\n<tr>\n<td><span style=\"font-size: 16px;\">Min. Durchmesser<\/span><\/td>\n<td><span style=\"font-size: 16px;\"><strong>&nbsp;18&nbsp;mm.<\/strong><\/span><\/td>\n<\/tr>\n<tr>\n<td><span style=\"font-size: 16px;\">Max. Durchmesser<\/span><\/td>\n<td><span style=\"font-size: 16px;\"><strong>&nbsp;63&nbsp;mm.<\/strong><\/span><\/td>\n<\/tr>\n<tr>\n<td><span style=\"font-size: 16px;\">Min. Arbeitsl\u00e4nge<\/span><\/td>\n<td><span style=\"font-size: 16px;\"><strong>&nbsp;470&nbsp;mm.<\/strong><\/span><\/td>\n<\/tr>\n<tr>\n<td><span style=\"font-size: 16px;\">Max. Arbeitsl\u00e4nge<\/span><\/td>\n<td><span style=\"font-size: 16px;\"><strong>1800 mm.<\/strong><\/span><\/td>\n<\/tr>\n<tr>\n<td><span style=\"font-size: 16px;\">Herstellung<\/span><\/td>\n<td><span style=\"font-size: 16px;\"><strong>5-10 mt.\/min.<\/strong><\/span><\/td>\n<\/tr>\n<\/tbody>\n<\/table>\n<\/td>\n<td>&nbsp;<\/td>\n<\/tr>\n<\/tbody>\n<\/table>\n<p style=\"text-align: left;\">\n<\/p>\t\t\t\t\t\t\t\t<\/div>\n\t\t\t\t<\/div>\n\t\t\t\t<\/div>\n\t\t<div class=\"elementor-element elementor-element-8616444 e-con-full e-flex e-con e-child\" data-id=\"8616444\" data-element_type=\"container\" data-e-type=\"container\">\r\n\t\t\t\t<div class=\"elementor-element elementor-element-e1de2a1 elementor-widget elementor-widget-text-editor\" data-id=\"e1de2a1\" data-element_type=\"widget\" data-e-type=\"widget\" data-widget_type=\"text-editor.default\">\n\t\t\t\t<div class=\"elementor-widget-container\">\n\t\t\t\t\t\t\t\t\t<p><b>EINIGE HERSTELLABARE PRODUKTE<\/b><\/p>\n<p><img decoding=\"async\" class=\"alignnone size-medium wp-image-9343\" src=\"https:\/\/www.sibo.it\/wp-content\/uploads\/2023\/03\/TTS180-CAMP-300x150.jpg\" alt=\"\" width=\"300\" height=\"150\"><\/p>\n\t\t\t\t\t\t\t\t<\/div>\n\t\t\t\t<\/div>\n\t\t\t\t<\/div>\n\t\t\t\t<\/div>\n\t\t\t\t<\/div>\n\t\t","protected":false},"excerpt":{"rendered":"<p><strong>AUTOMATISCHE LINIE F\u00dcR DIE PRODUKTION VON GEBOGENEN SCHAUFELNGRIFFEN MODELL &#8222;TTS\/180&#8220;<\/strong><\/p>\n<p>Automatische Linie zur Herstellung von geraden und leicht gebogenen Schaufelgriffen mit variablem Durchmesser. Die Linie besteht aus 3 Maschinen: einer Doppelschneidemaschine und einer CNC-Stabfr\u00e4smaschine mit einer Endformmaschine. Die quadratischen St\u00e4be werden manuell in den Lader gelegt, der ein St\u00fcck hinter den anderen zu den 2 kreisf\u00f6rmigen Klingen f\u00fcttert, die jeden Stab auf die gleiche L\u00e4nge schneiden. Nach diesem Vorgang wird jede Leiste automatisch in die Fr\u00e4smaschine geladen, wo sie entsprechend dem gew\u00e4hlten Programm gefr\u00e4st wird. Dann die Ende bearbeitet werden.<\/p>\n","protected":false},"featured_media":9340,"comment_status":"closed","ping_status":"closed","template":"","meta":{"_acf_changed":false},"product_brand":[],"product_cat":[318,135],"product_tag":[],"class_list":{"0":"post-11059","1":"product","2":"type-product","3":"status-publish","4":"has-post-thumbnail","6":"product_cat-automatische-linien","7":"product_cat-holzmaschinen","8":"pa_applicazioni-schaufelstiele","10":"first","11":"instock","12":"shipping-taxable","13":"product-type-simple"},"acf":[],"_links":{"self":[{"href":"https:\/\/www.sibo.it\/de\/wp-json\/wp\/v2\/product\/11059","targetHints":{"allow":["GET"]}}],"collection":[{"href":"https:\/\/www.sibo.it\/de\/wp-json\/wp\/v2\/product"}],"about":[{"href":"https:\/\/www.sibo.it\/de\/wp-json\/wp\/v2\/types\/product"}],"replies":[{"embeddable":true,"href":"https:\/\/www.sibo.it\/de\/wp-json\/wp\/v2\/comments?post=11059"}],"version-history":[{"count":8,"href":"https:\/\/www.sibo.it\/de\/wp-json\/wp\/v2\/product\/11059\/revisions"}],"predecessor-version":[{"id":15956,"href":"https:\/\/www.sibo.it\/de\/wp-json\/wp\/v2\/product\/11059\/revisions\/15956"}],"wp:featuredmedia":[{"embeddable":true,"href":"https:\/\/www.sibo.it\/de\/wp-json\/wp\/v2\/media\/9340"}],"wp:attachment":[{"href":"https:\/\/www.sibo.it\/de\/wp-json\/wp\/v2\/media?parent=11059"}],"wp:term":[{"taxonomy":"product_brand","embeddable":true,"href":"https:\/\/www.sibo.it\/de\/wp-json\/wp\/v2\/product_brand?post=11059"},{"taxonomy":"product_cat","embeddable":true,"href":"https:\/\/www.sibo.it\/de\/wp-json\/wp\/v2\/product_cat?post=11059"},{"taxonomy":"product_tag","embeddable":true,"href":"https:\/\/www.sibo.it\/de\/wp-json\/wp\/v2\/product_tag?post=11059"}],"curies":[{"name":"wp","href":"https:\/\/api.w.org\/{rel}","templated":true}]}}