{"id":11046,"date":"2023-08-10T14:02:15","date_gmt":"2023-08-10T13:02:15","guid":{"rendered":"https:\/\/www.sibo.it\/prodotto\/ttl-180\/"},"modified":"2024-01-25T09:41:33","modified_gmt":"2024-01-25T08:41:33","slug":"ttl-180","status":"publish","type":"product","link":"https:\/\/www.sibo.it\/de\/Produkt\/ttl-180\/","title":{"rendered":"TTL\/180"},"content":{"rendered":"\t\t<div data-elementor-type=\"product-post\" data-elementor-id=\"11046\" class=\"elementor elementor-11046 elementor-10739\" data-elementor-post-type=\"product\">\n\t\t\t\t<div class=\"elementor-element elementor-element-cf1f3ba e-con-full e-flex e-con e-parent\" data-id=\"cf1f3ba\" data-element_type=\"container\" data-e-type=\"container\">\r\n\t\t<div class=\"elementor-element elementor-element-6d430be e-con-full e-flex e-con e-child\" data-id=\"6d430be\" data-element_type=\"container\" data-e-type=\"container\">\r\n\t\t\t\t<div class=\"elementor-element elementor-element-ddd2f7f elementor-widget elementor-widget-text-editor\" data-id=\"ddd2f7f\" data-element_type=\"widget\" data-e-type=\"widget\" data-widget_type=\"text-editor.default\">\n\t\t\t\t<div class=\"elementor-widget-container\">\n\t\t\t\t\t\t\t\t\t<table border=\"0\" cellspacing=\"0\" cellpadding=\"0\">\n<tbody>\n<tr>\n<td>\n<table border=\"0\" cellspacing=\"0\" cellpadding=\"0\">\n<tbody>\n<tr>\n<td><span style=\"font-size: 16px;\">Min. Durchmesser<\/span><\/td>\n<td><span style=\"font-size: 16px;\"><strong>15 mm.<\/strong><\/span><\/td>\n<\/tr>\n<tr>\n<td><span style=\"font-size: 16px;\">Max. Durchmesser<\/span><\/td>\n<td><span style=\"font-size: 16px;\"><strong>60 mm.<\/strong><\/span><\/td>\n<\/tr>\n<tr>\n<td><span style=\"font-size: 16px;\">Min. L\u00e4nge<\/span><\/td>\n<td><span style=\"font-size: 16px;\"><strong>450 mm.<\/strong><\/span><\/td>\n<\/tr>\n<tr>\n<td><span style=\"font-size: 16px;\">Max. L\u00e4nge<\/span><\/td>\n<td><span style=\"font-size: 16px;\"><strong>1800 mm.<\/strong><\/span><\/td>\n<\/tr>\n<tr>\n<td><span style=\"font-size: 16px;\">Herstellung mit verstellbare Fr\u00e4skopf<\/span><\/td>\n<td><span style=\"font-size: 16px;\"><strong>5-25 mt.\/min.<\/strong><\/span><\/td>\n<\/tr>\n<\/tbody>\n<\/table>\n<\/td>\n<td> <\/td>\n<\/tr>\n<\/tbody>\n<\/table>\n<p style=\"text-align: left;\">\n\t\t\t\t\t\t\t\t<\/div>\n\t\t\t\t<\/div>\n\t\t\t\t<\/div>\n\t\t<div class=\"elementor-element elementor-element-8616444 e-con-full e-flex e-con e-child\" data-id=\"8616444\" data-element_type=\"container\" data-e-type=\"container\">\r\n\t\t\t\t<div class=\"elementor-element elementor-element-e1de2a1 elementor-widget elementor-widget-text-editor\" data-id=\"e1de2a1\" data-element_type=\"widget\" data-e-type=\"widget\" data-widget_type=\"text-editor.default\">\n\t\t\t\t<div class=\"elementor-widget-container\">\n\t\t\t\t\t\t\t\t\t<p><b>EINIGE HERSTELLABARE PRODUKTE<\/b><\/p>\n<p><img decoding=\"async\" class=\"alignnone size-medium wp-image-9370\" src=\"https:\/\/www.sibo.it\/wp-content\/uploads\/2023\/03\/TTL_180-CAMP-300x150.jpg\" alt=\"\" width=\"300\" height=\"150\"><\/p>\n\t\t\t\t\t\t\t\t<\/div>\n\t\t\t\t<\/div>\n\t\t\t\t<\/div>\n\t\t\t\t<\/div>\n\t\t\t\t<\/div>\n\t\t","protected":false},"excerpt":{"rendered":"<p><strong>AUTOMATISCHE LINIE F\u00dcR RUNDE ST\u00d6CKE MODELL &#8218;TTL\/180&#8216;<\/strong><\/p>\n<p>Automatische Linie f\u00fcr die Herstellung von geraden runden St\u00f6cken wie Schaufelgriffe, Besengriffe, Vorhangstangen, Stuhlbeine, Handl\u00e4ufe, Tischbeine, Regenschirm und Spazierst\u00f6cke.<\/p>\n<p>Die Linie besteht aus 2 Maschinen: eine Doppelschneidemaschine, eine Rundstange Fr\u00e4s-\/Schleifmaschine. Die quadratischen St\u00e4be werden manuell in den Lader gelegt, der ein St\u00fcck hinter den anderen zu den 2 kreisf\u00f6rmigen Klingen f\u00fcttert, die jeden Stab auf die gleiche L\u00e4nge schneiden. Nach dieser Vorgehensweise wird jeder Stab automatisch in die Fr\u00e4s- \/ Schleifmaschine geladen, wo die St\u00e4be rund gefr\u00e4st und geschliffen werden.<\/p>\n","protected":false},"featured_media":9367,"comment_status":"closed","ping_status":"closed","template":"","meta":{"_acf_changed":false},"product_brand":[],"product_cat":[318,135],"product_tag":[],"class_list":{"0":"post-11046","1":"product","2":"type-product","3":"status-publish","4":"has-post-thumbnail","6":"product_cat-automatische-linien","7":"product_cat-holzmaschinen","8":"pa_applicazioni-rund-stock","10":"first","11":"instock","12":"shipping-taxable","13":"product-type-simple"},"acf":[],"_links":{"self":[{"href":"https:\/\/www.sibo.it\/de\/wp-json\/wp\/v2\/product\/11046","targetHints":{"allow":["GET"]}}],"collection":[{"href":"https:\/\/www.sibo.it\/de\/wp-json\/wp\/v2\/product"}],"about":[{"href":"https:\/\/www.sibo.it\/de\/wp-json\/wp\/v2\/types\/product"}],"replies":[{"embeddable":true,"href":"https:\/\/www.sibo.it\/de\/wp-json\/wp\/v2\/comments?post=11046"}],"version-history":[{"count":2,"href":"https:\/\/www.sibo.it\/de\/wp-json\/wp\/v2\/product\/11046\/revisions"}],"predecessor-version":[{"id":15942,"href":"https:\/\/www.sibo.it\/de\/wp-json\/wp\/v2\/product\/11046\/revisions\/15942"}],"wp:featuredmedia":[{"embeddable":true,"href":"https:\/\/www.sibo.it\/de\/wp-json\/wp\/v2\/media\/9367"}],"wp:attachment":[{"href":"https:\/\/www.sibo.it\/de\/wp-json\/wp\/v2\/media?parent=11046"}],"wp:term":[{"taxonomy":"product_brand","embeddable":true,"href":"https:\/\/www.sibo.it\/de\/wp-json\/wp\/v2\/product_brand?post=11046"},{"taxonomy":"product_cat","embeddable":true,"href":"https:\/\/www.sibo.it\/de\/wp-json\/wp\/v2\/product_cat?post=11046"},{"taxonomy":"product_tag","embeddable":true,"href":"https:\/\/www.sibo.it\/de\/wp-json\/wp\/v2\/product_tag?post=11046"}],"curies":[{"name":"wp","href":"https:\/\/api.w.org\/{rel}","templated":true}]}}