{"id":11033,"date":"2023-08-10T14:08:21","date_gmt":"2023-08-10T13:08:21","guid":{"rendered":"https:\/\/www.sibo.it\/prodotto\/lc-500\/"},"modified":"2024-02-28T11:15:06","modified_gmt":"2024-02-28T10:15:06","slug":"lc-500","status":"publish","type":"product","link":"https:\/\/www.sibo.it\/de\/Produkt\/lc-500\/","title":{"rendered":"LC\/500"},"content":{"rendered":"\t\t<div data-elementor-type=\"product-post\" data-elementor-id=\"11033\" class=\"elementor elementor-11033 elementor-10744\" data-elementor-post-type=\"product\">\n\t\t\t\t<div class=\"elementor-element elementor-element-cf1f3ba e-con-full e-flex e-con e-parent\" data-id=\"cf1f3ba\" data-element_type=\"container\" data-e-type=\"container\">\r\n\t\t<div class=\"elementor-element elementor-element-6d430be e-con-full e-flex e-con e-child\" data-id=\"6d430be\" data-element_type=\"container\" data-e-type=\"container\">\r\n\t\t\t\t<div class=\"elementor-element elementor-element-ddd2f7f elementor-widget elementor-widget-text-editor\" data-id=\"ddd2f7f\" data-element_type=\"widget\" data-e-type=\"widget\" data-widget_type=\"text-editor.default\">\n\t\t\t\t<div class=\"elementor-widget-container\">\n\t\t\t\t\t\t\t\t\t<table border=\"0\" cellspacing=\"0\" cellpadding=\"0\">\n<tbody>\n<tr>\n<td>\n<table border=\"0\" cellspacing=\"0\" cellpadding=\"0\">\n<tbody>\n<tr>\n<td><span style=\"font-size: 16px;\">Max. L\u00e4nge der L\u00f6ffel<\/span><\/td>\n<td><span style=\"font-size: 16px;\"><strong>500 mm. <\/strong><\/span><\/td>\n<\/tr>\n<tr>\n<td><span style=\"font-size: 16px;\">Min. L\u00e4nge der L\u00f6ffel<\/span><\/td>\n<td><span style=\"font-size: 16px;\"><strong>200 mm. <\/strong><\/span><\/td>\n<\/tr>\n<tr>\n<td><span style=\"font-size: 16px;\">Herstellung<\/span><\/td>\n<td><span style=\"font-size: 16px;\"><strong>12 Stk.\/min.<\/strong><\/span><\/td>\n<\/tr>\n<\/tbody>\n<\/table>\n<\/td>\n<td> <\/td>\n<\/tr>\n<\/tbody>\n<\/table>\n<p style=\"text-align: left;\">\n\t\t\t\t\t\t\t\t<\/div>\n\t\t\t\t<\/div>\n\t\t\t\t<\/div>\n\t\t<div class=\"elementor-element elementor-element-8616444 e-con-full e-flex e-con e-child\" data-id=\"8616444\" data-element_type=\"container\" data-e-type=\"container\">\r\n\t\t\t\t<div class=\"elementor-element elementor-element-e1de2a1 elementor-widget elementor-widget-text-editor\" data-id=\"e1de2a1\" data-element_type=\"widget\" data-e-type=\"widget\" data-widget_type=\"text-editor.default\">\n\t\t\t\t<div class=\"elementor-widget-container\">\n\t\t\t\t\t\t\t\t\t<p><b>EINIGE HERSTELLABARE PRODUKTE<\/b><\/p>\n<p><img decoding=\"async\" class=\"alignnone size-medium wp-image-9397\" src=\"https:\/\/www.sibo.it\/wp-content\/uploads\/2023\/03\/CUCCHIAI-300x150.jpg\" alt=\"\" width=\"300\" height=\"150\"><\/p>\n\t\t\t\t\t\t\t\t<\/div>\n\t\t\t\t<\/div>\n\t\t\t\t<\/div>\n\t\t\t\t<\/div>\n\t\t\t\t<\/div>\n\t\t","protected":false},"excerpt":{"rendered":"<p><strong>AUTOMATISCHE LINIE F\u00dcR L\u00d6FFELS MODELL &#8222;LC\/500&#8220;<\/strong><\/p>\n<p>Neue automatische Linie f\u00fcr die Herstellung von Holzl\u00f6ffel. Die Linie besteht aus drei Maschinen: einer Fr\u00e4smaschine zum Fr\u00e4sen des Au\u00dfenprofils, einer Formmaschine f\u00fcr die Bearbeitung der runden Griffen und einer Fr\u00e4s-\/Schleifmaschine, um die konkaven und konvexen Seiten der L\u00f6ffeln zu bearbeiten.<\/p>\n<p>Am Anfang des Zyklus werden die Rohlinge von Hand in die Ladeeinrichtung geladen, die 6 St\u00fcck gleichzeitig auf die Fr\u00e4smaschine l\u00e4dt, wo sie eingeklemmt werden. An dieser Stelle 4 Schneider (2 Schruppen und 2 Schlichten) arbeiten das Au\u00dfenprofil des L\u00f6ffels. Am Ende dieser Operation die L\u00f6ffel werden automatisch von einem Greifer entladen und in der Doppelformmaschine geladen. Dank eines zweiten Greifers 2 L\u00f6ffel zu einer Zeit auf einer Hochpr\u00e4zisionsdrehtisch geladen sind und vor den 2 Formk\u00f6pfen getragen, wobei die runden Markierungen werden bearbeitet. Am Ende dieses Prozesses wird jeder L\u00f6ffel auf der letzten Maschine, wo sie gemahlt und auf den konkaven und konvexen Seiten geschliffen werden.<\/p>\n<p>Der gesamte Prozess wird durch eine SPS geschafft, in dem es m\u00f6glich wird, die Anzahl derWerkst\u00fccken und die Fr\u00e4sgeschwindigkeit zu stellen.<\/p>\n","protected":false},"featured_media":9394,"comment_status":"closed","ping_status":"closed","template":"","meta":{"_acf_changed":false},"product_brand":[],"product_cat":[318,135],"product_tag":[],"class_list":{"0":"post-11033","1":"product","2":"type-product","3":"status-publish","4":"has-post-thumbnail","6":"product_cat-automatische-linien","7":"product_cat-holzmaschinen","8":"pa_applicazioni-loffel-und-gabeln","10":"first","11":"instock","12":"shipping-taxable","13":"product-type-simple"},"acf":[],"_links":{"self":[{"href":"https:\/\/www.sibo.it\/de\/wp-json\/wp\/v2\/product\/11033","targetHints":{"allow":["GET"]}}],"collection":[{"href":"https:\/\/www.sibo.it\/de\/wp-json\/wp\/v2\/product"}],"about":[{"href":"https:\/\/www.sibo.it\/de\/wp-json\/wp\/v2\/types\/product"}],"replies":[{"embeddable":true,"href":"https:\/\/www.sibo.it\/de\/wp-json\/wp\/v2\/comments?post=11033"}],"version-history":[{"count":10,"href":"https:\/\/www.sibo.it\/de\/wp-json\/wp\/v2\/product\/11033\/revisions"}],"predecessor-version":[{"id":15930,"href":"https:\/\/www.sibo.it\/de\/wp-json\/wp\/v2\/product\/11033\/revisions\/15930"}],"wp:featuredmedia":[{"embeddable":true,"href":"https:\/\/www.sibo.it\/de\/wp-json\/wp\/v2\/media\/9394"}],"wp:attachment":[{"href":"https:\/\/www.sibo.it\/de\/wp-json\/wp\/v2\/media?parent=11033"}],"wp:term":[{"taxonomy":"product_brand","embeddable":true,"href":"https:\/\/www.sibo.it\/de\/wp-json\/wp\/v2\/product_brand?post=11033"},{"taxonomy":"product_cat","embeddable":true,"href":"https:\/\/www.sibo.it\/de\/wp-json\/wp\/v2\/product_cat?post=11033"},{"taxonomy":"product_tag","embeddable":true,"href":"https:\/\/www.sibo.it\/de\/wp-json\/wp\/v2\/product_tag?post=11033"}],"curies":[{"name":"wp","href":"https:\/\/api.w.org\/{rel}","templated":true}]}}