{"id":11019,"date":"2023-08-10T14:12:24","date_gmt":"2023-08-10T13:12:24","guid":{"rendered":"https:\/\/www.sibo.it\/prodotto\/lib\/"},"modified":"2024-01-24T18:11:09","modified_gmt":"2024-01-24T17:11:09","slug":"lib","status":"publish","type":"product","link":"https:\/\/www.sibo.it\/de\/Produkt\/lib\/","title":{"rendered":"LIB"},"content":{"rendered":"\t\t<div data-elementor-type=\"product-post\" data-elementor-id=\"11019\" class=\"elementor elementor-11019 elementor-10749\" data-elementor-post-type=\"product\">\n\t\t\t\t<div class=\"elementor-element elementor-element-cf1f3ba e-con-full e-flex e-con e-parent\" data-id=\"cf1f3ba\" data-element_type=\"container\" data-e-type=\"container\">\r\n\t\t<div class=\"elementor-element elementor-element-6d430be e-con-full e-flex e-con e-child\" data-id=\"6d430be\" data-element_type=\"container\" data-e-type=\"container\">\r\n\t\t\t\t<div class=\"elementor-element elementor-element-ddd2f7f elementor-widget elementor-widget-text-editor\" data-id=\"ddd2f7f\" data-element_type=\"widget\" data-e-type=\"widget\" data-widget_type=\"text-editor.default\">\n\t\t\t\t<div class=\"elementor-widget-container\">\n\t\t\t\t\t\t\t\t\t<table border=\"0\" cellspacing=\"0\" cellpadding=\"0\">\n<tbody>\n<tr>\n<td>\n<table border=\"0\" cellspacing=\"0\" cellpadding=\"0\">\n<tbody>\n<tr>\n<td><span style=\"font-size: 16px;\">Min. St\u00fcckesl\u00e4nge<\/span><\/td>\n<td><span style=\"font-size: 16px;\"><strong>350 mm.<\/strong><\/span><\/td>\n<\/tr>\n<tr>\n<td><span style=\"font-size: 16px;\">Max. St\u00fcckesl\u00e4nge<\/span><\/td>\n<td><span style=\"font-size: 16px;\"><strong>1800 mm.<\/strong><\/span><\/td>\n<\/tr>\n<tr>\n<td><span style=\"font-size: 16px;\">Max. St\u00fcckesl\u00e4nge<\/span><\/td>\n<td><span style=\"font-size: 16px;\"><strong>30 mm.<\/strong><\/span><\/td>\n<\/tr>\n<\/tbody>\n<\/table>\n<\/td>\n<td> <\/td>\n<\/tr>\n<\/tbody>\n<\/table>\n<p style=\"text-align: left;\">\n\t\t\t\t\t\t\t\t<\/div>\n\t\t\t\t<\/div>\n\t\t\t\t<\/div>\n\t\t<div class=\"elementor-element elementor-element-8616444 e-con-full e-flex e-con e-child\" data-id=\"8616444\" data-element_type=\"container\" data-e-type=\"container\">\r\n\t\t\t\t<div class=\"elementor-element elementor-element-e1de2a1 elementor-widget elementor-widget-text-editor\" data-id=\"e1de2a1\" data-element_type=\"widget\" data-e-type=\"widget\" data-widget_type=\"text-editor.default\">\n\t\t\t\t<div class=\"elementor-widget-container\">\n\t\t\t\t\t\t\t\t\t<p><b>EINIGE HERSTELLABARE PRODUKTE<\/b><\/p>\n<p><img decoding=\"async\" class=\"alignnone size-medium wp-image-8752\" src=\"https:\/\/www.sibo.it\/wp-content\/uploads\/2023\/03\/2TSP-CAMP-300x150.jpg\" alt=\"\" width=\"300\" height=\"150\"><\/p>\n\t\t\t\t\t\t\t\t<\/div>\n\t\t\t\t<\/div>\n\t\t\t\t<\/div>\n\t\t\t\t<\/div>\n\t\t\t\t<\/div>\n\t\t","protected":false},"excerpt":{"rendered":"<p><strong>AUTOMATISCHE LINIE F\u00dcR DAS ANK\u00d6PFEN VON BEIDEN ENDEN MODELL &#8222;LIB&#8220;<\/strong><\/p>\n<p>Automatische Linie f\u00fcr das gleichzeitige Ank\u00f6pfen von den beiden Enden auf runde St\u00f6cke, um eine oder mehrere Bohrungen auf den St\u00f6cke zu machen, und f\u00fcr das Schleifen. Die St\u00f6cke werden manuell in dem Magazin gelegt, das, ein St\u00fcck zu einer Zeit in dem selbstzentrierenden Greifer, bringt. Das St\u00fcck wird zentriert, festgeklemmt, und in die Arbeitsstelle gebracht, wo zwei Werkzeuge, einen f\u00fcr jeden Ende, machen die Bearbeitung. Wenn diese Bearbeitung beendet ist, wird der St\u00f6cke in die zweite Arbeitsstelle gebracht, wo die Bohrung gemacht wird, und dann wird in die Schleifmaschine gebracht, f\u00fcr das Schleifen.<\/p>\n<p><span style=\"font-size: 16px;\"><strong>Die Maschine kann mit folgenden Zubeh\u00f6rteilen ausstattet werden<\/strong>:<\/span><\/p>\n<ul>\n<li><span style=\"font-size: 16px;\">Automatische Rundstabfr\u00e4smaschine Modell &#8222;TAU&#8220;<\/span><br \/>\n<span style=\"font-size: 16px;\">innen Gewindewerkzeug<\/span><br \/>\n<span style=\"font-size: 16px;\">au\u03b2en Gewindewerkzeug<\/span><br \/>\n<span style=\"font-size: 16px;\">Werkzeug f\u00fcr halbrund<\/span><br \/>\n<span style=\"font-size: 16px;\">Wekzeug f\u00fcr Bohren<\/span><\/li>\n<\/ul>\n","protected":false},"featured_media":9424,"comment_status":"closed","ping_status":"closed","template":"","meta":{"_acf_changed":false},"product_brand":[],"product_cat":[318,135],"product_tag":[],"class_list":{"0":"post-11019","1":"product","2":"type-product","3":"status-publish","4":"has-post-thumbnail","6":"product_cat-automatische-linien","7":"product_cat-holzmaschinen","8":"pa_applicazioni-rund-stock","10":"first","11":"instock","12":"shipping-taxable","13":"product-type-simple"},"acf":[],"_links":{"self":[{"href":"https:\/\/www.sibo.it\/de\/wp-json\/wp\/v2\/product\/11019","targetHints":{"allow":["GET"]}}],"collection":[{"href":"https:\/\/www.sibo.it\/de\/wp-json\/wp\/v2\/product"}],"about":[{"href":"https:\/\/www.sibo.it\/de\/wp-json\/wp\/v2\/types\/product"}],"replies":[{"embeddable":true,"href":"https:\/\/www.sibo.it\/de\/wp-json\/wp\/v2\/comments?post=11019"}],"version-history":[{"count":3,"href":"https:\/\/www.sibo.it\/de\/wp-json\/wp\/v2\/product\/11019\/revisions"}],"predecessor-version":[{"id":15912,"href":"https:\/\/www.sibo.it\/de\/wp-json\/wp\/v2\/product\/11019\/revisions\/15912"}],"wp:featuredmedia":[{"embeddable":true,"href":"https:\/\/www.sibo.it\/de\/wp-json\/wp\/v2\/media\/9424"}],"wp:attachment":[{"href":"https:\/\/www.sibo.it\/de\/wp-json\/wp\/v2\/media?parent=11019"}],"wp:term":[{"taxonomy":"product_brand","embeddable":true,"href":"https:\/\/www.sibo.it\/de\/wp-json\/wp\/v2\/product_brand?post=11019"},{"taxonomy":"product_cat","embeddable":true,"href":"https:\/\/www.sibo.it\/de\/wp-json\/wp\/v2\/product_cat?post=11019"},{"taxonomy":"product_tag","embeddable":true,"href":"https:\/\/www.sibo.it\/de\/wp-json\/wp\/v2\/product_tag?post=11019"}],"curies":[{"name":"wp","href":"https:\/\/api.w.org\/{rel}","templated":true}]}}