{"id":11011,"date":"2023-08-10T14:19:16","date_gmt":"2023-08-10T13:19:16","guid":{"rendered":"https:\/\/www.sibo.it\/prodotto\/lmb\/"},"modified":"2024-01-24T17:57:25","modified_gmt":"2024-01-24T16:57:25","slug":"lmb","status":"publish","type":"product","link":"https:\/\/www.sibo.it\/de\/Produkt\/lmb\/","title":{"rendered":"LMB"},"content":{"rendered":"\t\t<div data-elementor-type=\"product-post\" data-elementor-id=\"11011\" class=\"elementor elementor-11011 elementor-10754\" data-elementor-post-type=\"product\">\n\t\t\t\t<div class=\"elementor-element elementor-element-cf1f3ba e-con-full e-flex e-con e-parent\" data-id=\"cf1f3ba\" data-element_type=\"container\" data-e-type=\"container\">\r\n\t\t<div class=\"elementor-element elementor-element-6d430be e-con-full e-flex e-con e-child\" data-id=\"6d430be\" data-element_type=\"container\" data-e-type=\"container\">\r\n\t\t\t\t<div class=\"elementor-element elementor-element-ddd2f7f elementor-widget elementor-widget-text-editor\" data-id=\"ddd2f7f\" data-element_type=\"widget\" data-e-type=\"widget\" data-widget_type=\"text-editor.default\">\n\t\t\t\t<div class=\"elementor-widget-container\">\n\t\t\t\t\t\t\t\t\t<table border=\"0\" cellspacing=\"0\" cellpadding=\"0\">\n<tbody>\n<tr>\n<td>\n<table border=\"0\" cellspacing=\"0\" cellpadding=\"0\">\n<tbody>\n<tr>\n<td><span style=\"font-size: 16px;\">Min. Durchmesser<\/span><\/td>\n<td><span style=\"font-size: 16px;\"><strong>20 mm.<\/strong><\/span><\/td>\n<\/tr>\n<tr>\n<td><span style=\"font-size: 16px;\">Max. Durchmesser<\/span><\/td>\n<td><span style=\"font-size: 16px;\"><strong>63 mm.<\/strong><\/span><\/td>\n<\/tr>\n<tr>\n<td><span style=\"font-size: 16px;\">Durchmesser nach Wunsch<\/span><\/td>\n<td><span style=\"font-size: 16px;\"><strong>10-40 mm.<\/strong><\/span><\/td>\n<\/tr>\n<tr>\n<td><span style=\"font-size: 16px;\">Min. Arbeitsl\u00e4nge<\/span><\/td>\n<td><span style=\"font-size: 16px;\"><strong>470 mm.<\/strong><\/span><\/td>\n<\/tr>\n<tr>\n<td><span style=\"font-size: 16px;\">variable Vorschubgeschwindigkeit<\/span><\/td>\n<td><span style=\"font-size: 16px;\"><strong>0-16 mt.\/min.<\/strong><\/span><\/td>\n<\/tr>\n<\/tbody>\n<\/table>\n<\/td>\n<td> <\/td>\n<\/tr>\n<\/tbody>\n<\/table>\n<p style=\"text-align: left;\">\n\t\t\t\t\t\t\t\t<\/div>\n\t\t\t\t<\/div>\n\t\t\t\t<\/div>\n\t\t<div class=\"elementor-element elementor-element-8616444 e-con-full e-flex e-con e-child\" data-id=\"8616444\" data-element_type=\"container\" data-e-type=\"container\">\r\n\t\t\t\t<div class=\"elementor-element elementor-element-e1de2a1 elementor-widget elementor-widget-text-editor\" data-id=\"e1de2a1\" data-element_type=\"widget\" data-e-type=\"widget\" data-widget_type=\"text-editor.default\">\n\t\t\t\t<div class=\"elementor-widget-container\">\n\t\t\t\t\t\t\t\t\t<p><b>EINIGE HERSTELLABARE PRODUKTE<\/b><\/p>\n<p><img decoding=\"async\" class=\"alignnone size-medium wp-image-9343\" src=\"https:\/\/www.sibo.it\/wp-content\/uploads\/2023\/03\/TTS180-CAMP-300x150.jpg\" alt=\"\" width=\"300\" height=\"150\"><\/p>\n\t\t\t\t\t\t\t\t<\/div>\n\t\t\t\t<\/div>\n\t\t\t\t<\/div>\n\t\t\t\t<\/div>\n\t\t\t\t<\/div>\n\t\t","protected":false},"excerpt":{"rendered":"<p><strong>AUTOMATISCHE LINIE F\u00dcR DIE PRODUKTION VON GEBOGENEN SCHAUFELNGRIFFEN MODELL &#8222;LMB&#8220;<\/strong><\/p>\n<p>Automatische Linie zur Herstellung von geraden und leicht gebogenen Schaufelgriffen mit variablem Durchmesser. Die Linie besteht aus den folgenden Maschinen: Doppelstirnfr\u00e4se mit Kettenlader zum Scheiden der St\u00fccke auf die gleiche L\u00e4nge, geeignet sowohl f\u00fcr gerade als auch f\u00fcr gebogene St\u00fccke, CNC Fr\u00e4s- und Formmaschine Modell&#8220;TAUS 2 \u00bd&#8220; , F\u00f6rderband f\u00fcr die F\u00f6rderung der Griffe, Doppelstirnfr\u00e4se Modell &#8222;2TSP&#8220; mit Kettenlader, zur gleichzeitigen Verarbeitung der 2 Griffenden, und die Poliermaschine Typ &#8222;2LU\/100&#8220; zum Schleifen der Griffe.<\/p>\n<p><span style=\"font-size: 16px;\"><strong>Die Maschine kann it folgenden Zubeh\u00f6rteilen ausstattet werden:<\/strong><\/span><\/p>\n<ul>\n<li><span style=\"font-size: 16px;\">elektropneumatisches Magazin f\u00fcr St\u00fcckes mit einer max. L\u00e4nge von 1400 mm.<\/span><\/li>\n<\/ul>\n","protected":false},"featured_media":9445,"comment_status":"closed","ping_status":"closed","template":"","meta":{"_acf_changed":false},"product_brand":[],"product_cat":[318,135],"product_tag":[],"class_list":{"0":"post-11011","1":"product","2":"type-product","3":"status-publish","4":"has-post-thumbnail","6":"product_cat-automatische-linien","7":"product_cat-holzmaschinen","8":"pa_applicazioni-schaufelstiele","10":"first","11":"instock","12":"shipping-taxable","13":"product-type-simple"},"acf":[],"_links":{"self":[{"href":"https:\/\/www.sibo.it\/de\/wp-json\/wp\/v2\/product\/11011","targetHints":{"allow":["GET"]}}],"collection":[{"href":"https:\/\/www.sibo.it\/de\/wp-json\/wp\/v2\/product"}],"about":[{"href":"https:\/\/www.sibo.it\/de\/wp-json\/wp\/v2\/types\/product"}],"replies":[{"embeddable":true,"href":"https:\/\/www.sibo.it\/de\/wp-json\/wp\/v2\/comments?post=11011"}],"version-history":[{"count":3,"href":"https:\/\/www.sibo.it\/de\/wp-json\/wp\/v2\/product\/11011\/revisions"}],"predecessor-version":[{"id":15898,"href":"https:\/\/www.sibo.it\/de\/wp-json\/wp\/v2\/product\/11011\/revisions\/15898"}],"wp:featuredmedia":[{"embeddable":true,"href":"https:\/\/www.sibo.it\/de\/wp-json\/wp\/v2\/media\/9445"}],"wp:attachment":[{"href":"https:\/\/www.sibo.it\/de\/wp-json\/wp\/v2\/media?parent=11011"}],"wp:term":[{"taxonomy":"product_brand","embeddable":true,"href":"https:\/\/www.sibo.it\/de\/wp-json\/wp\/v2\/product_brand?post=11011"},{"taxonomy":"product_cat","embeddable":true,"href":"https:\/\/www.sibo.it\/de\/wp-json\/wp\/v2\/product_cat?post=11011"},{"taxonomy":"product_tag","embeddable":true,"href":"https:\/\/www.sibo.it\/de\/wp-json\/wp\/v2\/product_tag?post=11011"}],"curies":[{"name":"wp","href":"https:\/\/api.w.org\/{rel}","templated":true}]}}