{"id":10963,"date":"2023-08-11T15:42:35","date_gmt":"2023-08-11T14:42:35","guid":{"rendered":"https:\/\/www.sibo.it\/prodotto\/fam\/"},"modified":"2024-01-25T15:59:31","modified_gmt":"2024-01-25T14:59:31","slug":"fam","status":"publish","type":"product","link":"https:\/\/www.sibo.it\/de\/Produkt\/fam\/","title":{"rendered":"FAM"},"content":{"rendered":"\t\t<div data-elementor-type=\"product-post\" data-elementor-id=\"10963\" class=\"elementor elementor-10963 elementor-10887\" data-elementor-post-type=\"product\">\n\t\t\t\t<div class=\"elementor-element elementor-element-cf1f3ba e-con-full e-flex e-con e-parent\" data-id=\"cf1f3ba\" data-element_type=\"container\" data-e-type=\"container\">\r\n\t\t<div class=\"elementor-element elementor-element-6d430be e-con-full e-flex e-con e-parent\" data-id=\"6d430be\" data-element_type=\"container\" data-e-type=\"container\">\r\n\t\t\t\t<div class=\"elementor-element elementor-element-ddd2f7f elementor-widget elementor-widget-text-editor\" data-id=\"ddd2f7f\" data-element_type=\"widget\" data-e-type=\"widget\" data-widget_type=\"text-editor.default\">\n\t\t\t\t<div class=\"elementor-widget-container\">\n\t\t\t\t\t\t\t\t\t<table border=\"0\" cellspacing=\"0\" cellpadding=\"0\">\n<tbody>\n<tr>\n<td>lL\u00e4nge des Stuckes<\/td>\n<td><strong>210 mm.<\/strong><\/td>\n<\/tr>\n<tr>\n<td>Dicke des Stuckes<\/td>\n<td><strong>3.5 mm.<\/strong><\/td>\n<\/tr>\n<tr>\n<td>Breite des Stuckes<\/td>\n<td><strong>16.5 mm.<\/strong><\/td>\n<\/tr>\n<tr>\n<td>Herstellung <\/td>\n<td><strong>1100 Stk.\/h.<\/strong><\/td>\n<\/tr>\n<\/tbody>\n<\/table>\n<p style=\"text-align: left;\"><b>EXTRA AUSR\u00dcSTUNG<\/b><\/p>\n<p style=\"text-align: left;\">\n\t\t\t\t\t\t\t\t<\/div>\n\t\t\t\t<\/div>\n\t\t\t\t<\/div>\n\t\t<div class=\"elementor-element elementor-element-8616444 e-con-full e-flex e-con e-parent\" data-id=\"8616444\" data-element_type=\"container\" data-e-type=\"container\">\r\n\t\t\t\t<div class=\"elementor-element elementor-element-e1de2a1 elementor-widget elementor-widget-text-editor\" data-id=\"e1de2a1\" data-element_type=\"widget\" data-e-type=\"widget\" data-widget_type=\"text-editor.default\">\n\t\t\t\t<div class=\"elementor-widget-container\">\n\t\t\t\t\t\t\t\t\t<p><b>EINIGE HERSTELLABARE PRODUKTE<\/b><\/p>\n<p><img decoding=\"async\" class=\"alignnone size-medium wp-image-9199\" src=\"https:\/\/www.sibo.it\/wp-content\/uploads\/2023\/03\/FAM-CAMP-300x150.jpg\" alt=\"\" width=\"300\" height=\"150\"><\/p>\n\t\t\t\t\t\t\t\t<\/div>\n\t\t\t\t<\/div>\n\t\t\t\t<\/div>\n\t\t\t\t<\/div>\n\t\t\t\t<\/div>\n\t\t","protected":false},"excerpt":{"rendered":"<p><strong>FR\u00c4SMASCHINE F\u00dcR METER MODELL &#8222;FAM&#8220;<\/strong><\/p>\n<p>Automatische Fr\u00e4smaschine zur erstellung von 2 Rillen und 2 L\u00f6chern auf Ma\u00dfst\u00e4be. Die bereits auf das richtige Ma\u00df gefr\u00e4ste St\u00e4be werden in den Lader gef\u00fchrt. Die Maschine besteht aus 4 oberen und 4 unteren Elektrospindeln, die das Loch und die herabgesetzte Fr\u00e4sung auf 2 Seiten durchf\u00fchren. Sowohl das vollst\u00e4ndige Zuf\u00fchren der Verriegelung des Werkst\u00fccks als auch der Betrieb der Elektrospindeln werden durch ein komplexes Nockensystem durchgef\u00fchrt, wobei die Nocken miteinander verbunden und von einem einzigen Motor gesteuert sind. Auf diese Weise ist es m\u00f6glich gewesen, ein perfektes Synchronismus und eine hohe Produktivit\u00e4t zu erreichen.<\/p>\n","protected":false},"featured_media":9196,"comment_status":"closed","ping_status":"closed","template":"","meta":{"_acf_changed":false},"product_brand":[],"product_cat":[135,317],"product_tag":[],"class_list":{"0":"post-10963","1":"product","2":"type-product","3":"status-publish","4":"has-post-thumbnail","6":"product_cat-holzmaschinen","7":"product_cat-spezialanwendungen","8":"pa_applicazioni-spezial-maschinen","10":"first","11":"instock","12":"shipping-taxable","13":"product-type-simple"},"acf":[],"_links":{"self":[{"href":"https:\/\/www.sibo.it\/de\/wp-json\/wp\/v2\/product\/10963","targetHints":{"allow":["GET"]}}],"collection":[{"href":"https:\/\/www.sibo.it\/de\/wp-json\/wp\/v2\/product"}],"about":[{"href":"https:\/\/www.sibo.it\/de\/wp-json\/wp\/v2\/types\/product"}],"replies":[{"embeddable":true,"href":"https:\/\/www.sibo.it\/de\/wp-json\/wp\/v2\/comments?post=10963"}],"version-history":[{"count":6,"href":"https:\/\/www.sibo.it\/de\/wp-json\/wp\/v2\/product\/10963\/revisions"}],"predecessor-version":[{"id":16036,"href":"https:\/\/www.sibo.it\/de\/wp-json\/wp\/v2\/product\/10963\/revisions\/16036"}],"wp:featuredmedia":[{"embeddable":true,"href":"https:\/\/www.sibo.it\/de\/wp-json\/wp\/v2\/media\/9196"}],"wp:attachment":[{"href":"https:\/\/www.sibo.it\/de\/wp-json\/wp\/v2\/media?parent=10963"}],"wp:term":[{"taxonomy":"product_brand","embeddable":true,"href":"https:\/\/www.sibo.it\/de\/wp-json\/wp\/v2\/product_brand?post=10963"},{"taxonomy":"product_cat","embeddable":true,"href":"https:\/\/www.sibo.it\/de\/wp-json\/wp\/v2\/product_cat?post=10963"},{"taxonomy":"product_tag","embeddable":true,"href":"https:\/\/www.sibo.it\/de\/wp-json\/wp\/v2\/product_tag?post=10963"}],"curies":[{"name":"wp","href":"https:\/\/api.w.org\/{rel}","templated":true}]}}