{"id":10950,"date":"2023-08-11T15:50:10","date_gmt":"2023-08-11T14:50:10","guid":{"rendered":"https:\/\/www.sibo.it\/prodotto\/tp-c\/"},"modified":"2024-01-25T15:57:08","modified_gmt":"2024-01-25T14:57:08","slug":"tp-c","status":"publish","type":"product","link":"https:\/\/www.sibo.it\/de\/Produkt\/tp-c\/","title":{"rendered":"TP\/C"},"content":{"rendered":"\t\t<div data-elementor-type=\"product-post\" data-elementor-id=\"10950\" class=\"elementor elementor-10950 elementor-10894\" data-elementor-post-type=\"product\">\n\t\t\t\t<div class=\"elementor-element elementor-element-cf1f3ba e-con-full e-flex e-con e-parent\" data-id=\"cf1f3ba\" data-element_type=\"container\" data-e-type=\"container\">\r\n\t\t<div class=\"elementor-element elementor-element-6d430be e-con-full e-flex e-con e-parent\" data-id=\"6d430be\" data-element_type=\"container\" data-e-type=\"container\">\r\n\t\t\t\t<div class=\"elementor-element elementor-element-ddd2f7f elementor-widget elementor-widget-text-editor\" data-id=\"ddd2f7f\" data-element_type=\"widget\" data-e-type=\"widget\" data-widget_type=\"text-editor.default\">\n\t\t\t\t<div class=\"elementor-widget-container\">\n\t\t\t\t\t\t\t\t\t<table border=\"0\" cellspacing=\"0\" cellpadding=\"0\">\n<tbody>\n<tr>\n<td>Max. Arbeitsl\u00e4nge<\/td>\n<td><strong>250 mm.<\/strong><\/td>\n<\/tr>\n<tr>\n<td>Max. Arbeitsbreite<\/td>\n<td><strong>100 mm.<\/strong><\/td>\n<\/tr>\n<tr>\n<td>Max. Arbeitsh\u00f6he<\/td>\n<td><strong>30 mm.<\/strong><\/td>\n<\/tr>\n<tr>\n<td>Produktivit\u00e4t<\/td>\n<td><strong>6 Stk.\/min.<\/strong><\/td>\n<\/tr>\n<\/tbody>\n<\/table>\n<p style=\"text-align: left;\"><b>EXTRA AUSR\u00dcSTUNG<\/b><\/p>\n<p style=\"text-align: left;\">\n\t\t\t\t\t\t\t\t<\/div>\n\t\t\t\t<\/div>\n\t\t\t\t<\/div>\n\t\t<div class=\"elementor-element elementor-element-8616444 e-con-full e-flex e-con e-parent\" data-id=\"8616444\" data-element_type=\"container\" data-e-type=\"container\">\r\n\t\t\t\t<div class=\"elementor-element elementor-element-e1de2a1 elementor-widget elementor-widget-text-editor\" data-id=\"e1de2a1\" data-element_type=\"widget\" data-e-type=\"widget\" data-widget_type=\"text-editor.default\">\n\t\t\t\t<div class=\"elementor-widget-container\">\n\t\t\t\t\t\t\t\t\t<p><b>EINIGE HERSTELLABARE PRODUKTE<\/b><\/p>\n<p><img decoding=\"async\" class=\"alignnone size-medium wp-image-9227\" src=\"https:\/\/www.sibo.it\/wp-content\/uploads\/2023\/03\/TAGLIERINA_TP-CAMP-300x150.jpg\" alt=\"\" width=\"300\" height=\"150\"><\/p>\n\t\t\t\t\t\t\t\t<\/div>\n\t\t\t\t<\/div>\n\t\t\t\t<\/div>\n\t\t\t\t<\/div>\n\t\t\t\t<\/div>\n\t\t","protected":false},"excerpt":{"rendered":"<p><strong>AUTOMATISCHE SCHNEIDEMASCHINE ZUR TEILUNG VON LATTEN IN 3 ST\u00dcCKEN MODELL &#8222;TP\/C&#8220;<\/strong><\/p>\n<p>Automatische schneidemaschine zur teilung von latten in 3 st\u00fccken. Die Latten werden manuell aufden Lader gelegt, welcher sie eine nach der anderen in der Arbeitsstellung l\u00e4dt, wo sie verriegelt werden. Zwei Rundschreiben schlitzen die Leiste auf in der L\u00e4ngsrichtung, w\u00e4hrend zwei andere in der Seitenrichtung. Wenn es ist fertig, die Leiste wird automatisch heruntergeladen.<\/p>\n","protected":false},"featured_media":9224,"comment_status":"closed","ping_status":"closed","template":"","meta":{"_acf_changed":false},"product_brand":[],"product_cat":[135,317],"product_tag":[],"class_list":{"0":"post-10950","1":"product","2":"type-product","3":"status-publish","4":"has-post-thumbnail","6":"product_cat-holzmaschinen","7":"product_cat-spezialanwendungen","8":"pa_applicazioni-spezial-maschinen","10":"first","11":"instock","12":"shipping-taxable","13":"product-type-simple"},"acf":[],"_links":{"self":[{"href":"https:\/\/www.sibo.it\/de\/wp-json\/wp\/v2\/product\/10950","targetHints":{"allow":["GET"]}}],"collection":[{"href":"https:\/\/www.sibo.it\/de\/wp-json\/wp\/v2\/product"}],"about":[{"href":"https:\/\/www.sibo.it\/de\/wp-json\/wp\/v2\/types\/product"}],"replies":[{"embeddable":true,"href":"https:\/\/www.sibo.it\/de\/wp-json\/wp\/v2\/comments?post=10950"}],"version-history":[{"count":6,"href":"https:\/\/www.sibo.it\/de\/wp-json\/wp\/v2\/product\/10950\/revisions"}],"predecessor-version":[{"id":16035,"href":"https:\/\/www.sibo.it\/de\/wp-json\/wp\/v2\/product\/10950\/revisions\/16035"}],"wp:featuredmedia":[{"embeddable":true,"href":"https:\/\/www.sibo.it\/de\/wp-json\/wp\/v2\/media\/9224"}],"wp:attachment":[{"href":"https:\/\/www.sibo.it\/de\/wp-json\/wp\/v2\/media?parent=10950"}],"wp:term":[{"taxonomy":"product_brand","embeddable":true,"href":"https:\/\/www.sibo.it\/de\/wp-json\/wp\/v2\/product_brand?post=10950"},{"taxonomy":"product_cat","embeddable":true,"href":"https:\/\/www.sibo.it\/de\/wp-json\/wp\/v2\/product_cat?post=10950"},{"taxonomy":"product_tag","embeddable":true,"href":"https:\/\/www.sibo.it\/de\/wp-json\/wp\/v2\/product_tag?post=10950"}],"curies":[{"name":"wp","href":"https:\/\/api.w.org\/{rel}","templated":true}]}}