{"id":10940,"date":"2023-08-11T15:54:53","date_gmt":"2023-08-11T14:54:53","guid":{"rendered":"https:\/\/www.sibo.it\/prodotto\/ttc-cnc\/"},"modified":"2024-01-25T15:22:44","modified_gmt":"2024-01-25T14:22:44","slug":"ttc-cnc","status":"publish","type":"product","link":"https:\/\/www.sibo.it\/de\/Produkt\/ttc-cnc\/","title":{"rendered":"TTC\/CNC"},"content":{"rendered":"\t\t<div data-elementor-type=\"product-post\" data-elementor-id=\"10940\" class=\"elementor elementor-10940 elementor-10899\" data-elementor-post-type=\"product\">\n\t\t\t\t<div class=\"elementor-element elementor-element-cf1f3ba e-con-full e-flex e-con e-parent\" data-id=\"cf1f3ba\" data-element_type=\"container\" data-e-type=\"container\">\r\n\t\t<div class=\"elementor-element elementor-element-6d430be e-con-full e-flex e-con e-parent\" data-id=\"6d430be\" data-element_type=\"container\" data-e-type=\"container\">\r\n\t\t\t\t<div class=\"elementor-element elementor-element-ddd2f7f elementor-widget elementor-widget-text-editor\" data-id=\"ddd2f7f\" data-element_type=\"widget\" data-e-type=\"widget\" data-widget_type=\"text-editor.default\">\n\t\t\t\t<div class=\"elementor-widget-container\">\n\t\t\t\t\t\t\t\t\t<table border=\"0\" cellspacing=\"0\" cellpadding=\"0\">\n<tbody>\n<tr>\n<td>Min. Rohrdurchmesser<\/td>\n<td><strong>55 <\/strong> <strong>mm.<\/strong><\/td>\n<\/tr>\n<tr>\n<td>Max. Rohrdurchmesser<\/td>\n<td><strong>640<\/strong> <strong>mm.<\/strong><\/td>\n<\/tr>\n<tr>\n<td>Min.Schnittl\u00e4nge<\/td>\n<td><strong>500<\/strong> <strong>mm.<\/strong><\/td>\n<\/tr>\n<tr>\n<td>Durchmesser des Kreiss\u00e4ge<\/td>\n<td><strong>125<\/strong> <strong>mm.<\/strong><\/td>\n<\/tr>\n<\/tbody>\n<\/table>\n<p style=\"text-align: left;\"><b>EXTRA AUSR\u00dcSTUNG<\/b><\/p>\n<p style=\"text-align: left;\">\n\t\t\t\t\t\t\t\t<\/div>\n\t\t\t\t<\/div>\n\t\t\t\t<\/div>\n\t\t<div class=\"elementor-element elementor-element-8616444 e-con-full e-flex e-con e-parent\" data-id=\"8616444\" data-element_type=\"container\" data-e-type=\"container\">\r\n\t\t\t\t<div class=\"elementor-element elementor-element-e1de2a1 elementor-widget elementor-widget-text-editor\" data-id=\"e1de2a1\" data-element_type=\"widget\" data-e-type=\"widget\" data-widget_type=\"text-editor.default\">\n\t\t\t\t<div class=\"elementor-widget-container\">\n\t\t\t\t\t\t\t\t\t<p><b>EINIGE HERSTELLABARE PRODUKTE<\/b><\/p>\n<p><img decoding=\"async\" class=\"alignnone size-medium wp-image-9268\" src=\"https:\/\/www.sibo.it\/wp-content\/uploads\/2023\/03\/ttc-cnc-CAMP-300x150.jpg\" alt=\"\" width=\"300\" height=\"150\"><\/p>\n\t\t\t\t\t\t\t\t<\/div>\n\t\t\t\t<\/div>\n\t\t\t\t<\/div>\n\t\t\t\t<\/div>\n\t\t\t\t<\/div>\n\t\t","protected":false},"excerpt":{"rendered":"<p><strong>AUTOMATISCHE SCHNEIDEMASCHINE MODELL TTC\/CNC&#8220;<\/strong><\/p>\n<p>Automatische CNC Schneidemaschine zur teilung der kartonrohre. Nachdem in der Cn das Rohrdurchmesser, die Papierbreite und die Schnittl\u00e4nge eingestellt worden sind, ist die Maschine betriebsbereit. Durch Dr\u00fccken der Start-Taste, f\u00fchren 2 gegen\u00fcberliegende Klingen den Rohranlauf durch, der von der Einwickelmaschine gebildet wird; anschlie\u00dfend fahren sie in die Ausgangsposition zur\u00fcck und warten bis die programmierte L\u00e4nge erreicht wird. Bei jedem Arbeitszyklus starten die Klingen parallel zu demRohr, bis siedie gleiche Geschwindigkeitdes Rohreserreichen, und erst dann wird der Schnitt durchgef\u00fchrt.<\/p>\n","protected":false},"featured_media":9265,"comment_status":"closed","ping_status":"closed","template":"","meta":{"_acf_changed":false},"product_brand":[],"product_cat":[135,317],"product_tag":[],"class_list":{"0":"post-10940","1":"product","2":"type-product","3":"status-publish","4":"has-post-thumbnail","6":"product_cat-holzmaschinen","7":"product_cat-spezialanwendungen","8":"pa_applicazioni-spezial-maschinen","10":"first","11":"instock","12":"shipping-taxable","13":"product-type-simple"},"acf":[],"_links":{"self":[{"href":"https:\/\/www.sibo.it\/de\/wp-json\/wp\/v2\/product\/10940","targetHints":{"allow":["GET"]}}],"collection":[{"href":"https:\/\/www.sibo.it\/de\/wp-json\/wp\/v2\/product"}],"about":[{"href":"https:\/\/www.sibo.it\/de\/wp-json\/wp\/v2\/types\/product"}],"replies":[{"embeddable":true,"href":"https:\/\/www.sibo.it\/de\/wp-json\/wp\/v2\/comments?post=10940"}],"version-history":[{"count":2,"href":"https:\/\/www.sibo.it\/de\/wp-json\/wp\/v2\/product\/10940\/revisions"}],"predecessor-version":[{"id":16034,"href":"https:\/\/www.sibo.it\/de\/wp-json\/wp\/v2\/product\/10940\/revisions\/16034"}],"wp:featuredmedia":[{"embeddable":true,"href":"https:\/\/www.sibo.it\/de\/wp-json\/wp\/v2\/media\/9265"}],"wp:attachment":[{"href":"https:\/\/www.sibo.it\/de\/wp-json\/wp\/v2\/media?parent=10940"}],"wp:term":[{"taxonomy":"product_brand","embeddable":true,"href":"https:\/\/www.sibo.it\/de\/wp-json\/wp\/v2\/product_brand?post=10940"},{"taxonomy":"product_cat","embeddable":true,"href":"https:\/\/www.sibo.it\/de\/wp-json\/wp\/v2\/product_cat?post=10940"},{"taxonomy":"product_tag","embeddable":true,"href":"https:\/\/www.sibo.it\/de\/wp-json\/wp\/v2\/product_tag?post=10940"}],"curies":[{"name":"wp","href":"https:\/\/api.w.org\/{rel}","templated":true}]}}