{"id":10932,"date":"2023-08-11T16:00:15","date_gmt":"2023-08-11T15:00:15","guid":{"rendered":"https:\/\/www.sibo.it\/prodotto\/ftf-c\/"},"modified":"2024-01-25T14:55:42","modified_gmt":"2024-01-25T13:55:42","slug":"ftf-c","status":"publish","type":"product","link":"https:\/\/www.sibo.it\/de\/Produkt\/ftf-c\/","title":{"rendered":"FTF\/C"},"content":{"rendered":"\t\t<div data-elementor-type=\"product-post\" data-elementor-id=\"10932\" class=\"elementor elementor-10932 elementor-10906\" data-elementor-post-type=\"product\">\n\t\t\t\t<div class=\"elementor-element elementor-element-cf1f3ba e-con-full e-flex e-con e-parent\" data-id=\"cf1f3ba\" data-element_type=\"container\" data-e-type=\"container\">\r\n\t\t<div class=\"elementor-element elementor-element-6d430be e-con-full e-flex e-con e-child\" data-id=\"6d430be\" data-element_type=\"container\" data-e-type=\"container\">\r\n\t\t\t\t<div class=\"elementor-element elementor-element-ddd2f7f elementor-widget elementor-widget-text-editor\" data-id=\"ddd2f7f\" data-element_type=\"widget\" data-e-type=\"widget\" data-widget_type=\"text-editor.default\">\n\t\t\t\t<div class=\"elementor-widget-container\">\n\t\t\t\t\t\t\t\t\t<table border=\"0\" cellspacing=\"0\" cellpadding=\"0\">\n<tbody>\n<tr>\n<td><span style=\"font-size: 16px;\">Min. Arbeitsdurchmesser<\/span><\/td>\n<td><span style=\"font-size: 16px;\"><strong>10 mm.<\/strong><\/span><\/td>\n<\/tr>\n<tr>\n<td><span style=\"font-size: 16px;\">Max. Arbeitsdurchmesser<\/span><\/td>\n<td><span style=\"font-size: 16px;\"><strong>90 mm.<\/strong><\/span><\/td>\n<\/tr>\n<tr>\n<td><span style=\"font-size: 16px;\">Min. St\u00fcckesl\u00e4nge<\/span><\/td>\n<td><span style=\"font-size: 16px;\"><strong>8 mm.<\/strong><\/span><\/td>\n<\/tr>\n<tr>\n<td><span style=\"font-size: 16px;\">Max. St\u00fcckesl\u00e4nge<\/span><\/td>\n<td><span style=\"font-size: 16px;\"><strong>150 mm.<\/strong><\/span><\/td>\n<\/tr>\n<tr>\n<td><span style=\"font-size: 16px;\">Max. Bohrdurchmesser<\/span><\/td>\n<td><span style=\"font-size: 16px;\"><strong>30 mm.<\/strong><\/span><\/td>\n<\/tr>\n<tr>\n<td><span style=\"font-size: 16px;\">Min. Produktion<\/span><\/td>\n<td><span style=\"font-size: 16px;\"><strong> 300 Stk.\/h.<\/strong><\/span><\/td>\n<\/tr>\n<\/tbody>\n<\/table>\n<p style=\"text-align: left;\">\n<p style=\"text-align: left;\">\n\t\t\t\t\t\t\t\t<\/div>\n\t\t\t\t<\/div>\n\t\t\t\t<\/div>\n\t\t<div class=\"elementor-element elementor-element-8616444 e-con-full e-flex e-con e-child\" data-id=\"8616444\" data-element_type=\"container\" data-e-type=\"container\">\r\n\t\t\t\t<div class=\"elementor-element elementor-element-e1de2a1 elementor-widget elementor-widget-text-editor\" data-id=\"e1de2a1\" data-element_type=\"widget\" data-e-type=\"widget\" data-widget_type=\"text-editor.default\">\n\t\t\t\t<div class=\"elementor-widget-container\">\n\t\t\t\t\t\t\t\t\t<p><b>EINIGE HERSTELLABARE PRODUKTE<\/b><\/p>\n<p><img decoding=\"async\" class=\"alignnone size-medium wp-image-10916\" src=\"https:\/\/www.sibo.it\/wp-content\/uploads\/2023\/08\/campioni_FTFC-300x150.jpg\" alt=\"\" width=\"300\" height=\"150\"><\/p>\n\t\t\t\t\t\t\t\t<\/div>\n\t\t\t\t<\/div>\n\t\t\t\t<\/div>\n\t\t\t\t<\/div>\n\t\t\t\t<\/div>\n\t\t","protected":false},"excerpt":{"rendered":"<p><strong>AUTOMATIK TRANSFER MODELL &#8222;FTF\/C&#8220;<\/strong><\/p>\n<p>Automatische Transfer, um verschnitten, durchgebohrene und abgefr\u00e4st St\u00fccke mit der gew\u00fcnschten Durchmesser und L\u00e4nge, zu erhalten. Die auf einer L\u00e4nge von 1 Meter ges\u00e4gten und geschnittenen Leisten werden in den Transferlader zugef\u00fchrt. Eine pneumatische Verriegelung nimmt die viereckige Leiste und f\u00e4hrt sie auf die gew\u00fcnschte L\u00e4nge vor. In dieser Position wird die Leiste verriegelt, eine Spitze f\u00fchrt das innere Loch bis zur gew\u00fcnschten Tiefe durch und eine Kreiss\u00e4ge schneidet das St\u00fcck, w\u00e4hrend die pneumatische Verriegelung in die Ausgangsposition zur\u00fcckf\u00e4hrt. Anschlie\u00dfend wird das geschnittene St\u00fcck automatisch in eine Fr\u00e4se zugef\u00fchrt, in der es entsprechend, einfach durch das \u00c4ndern der Form, au\u00dfen verarbeitet wird: rund, oval, achteckig, usw.<\/p>\n","protected":false},"featured_media":10910,"comment_status":"closed","ping_status":"closed","template":"","meta":{"_acf_changed":false},"product_brand":[],"product_cat":[135,317],"product_tag":[],"class_list":{"0":"post-10932","1":"product","2":"type-product","3":"status-publish","4":"has-post-thumbnail","6":"product_cat-holzmaschinen","7":"product_cat-spezialanwendungen","8":"pa_applicazioni-spezial-maschinen","10":"first","11":"instock","12":"shipping-taxable","13":"product-type-simple"},"acf":[],"_links":{"self":[{"href":"https:\/\/www.sibo.it\/de\/wp-json\/wp\/v2\/product\/10932","targetHints":{"allow":["GET"]}}],"collection":[{"href":"https:\/\/www.sibo.it\/de\/wp-json\/wp\/v2\/product"}],"about":[{"href":"https:\/\/www.sibo.it\/de\/wp-json\/wp\/v2\/types\/product"}],"replies":[{"embeddable":true,"href":"https:\/\/www.sibo.it\/de\/wp-json\/wp\/v2\/comments?post=10932"}],"version-history":[{"count":9,"href":"https:\/\/www.sibo.it\/de\/wp-json\/wp\/v2\/product\/10932\/revisions"}],"predecessor-version":[{"id":16031,"href":"https:\/\/www.sibo.it\/de\/wp-json\/wp\/v2\/product\/10932\/revisions\/16031"}],"wp:featuredmedia":[{"embeddable":true,"href":"https:\/\/www.sibo.it\/de\/wp-json\/wp\/v2\/media\/10910"}],"wp:attachment":[{"href":"https:\/\/www.sibo.it\/de\/wp-json\/wp\/v2\/media?parent=10932"}],"wp:term":[{"taxonomy":"product_brand","embeddable":true,"href":"https:\/\/www.sibo.it\/de\/wp-json\/wp\/v2\/product_brand?post=10932"},{"taxonomy":"product_cat","embeddable":true,"href":"https:\/\/www.sibo.it\/de\/wp-json\/wp\/v2\/product_cat?post=10932"},{"taxonomy":"product_tag","embeddable":true,"href":"https:\/\/www.sibo.it\/de\/wp-json\/wp\/v2\/product_tag?post=10932"}],"curies":[{"name":"wp","href":"https:\/\/api.w.org\/{rel}","templated":true}]}}