{"id":2555,"date":"2020-12-19T10:51:33","date_gmt":"2020-12-19T09:51:33","guid":{"rendered":"https:\/\/www.sibo.it\/about-us\/"},"modified":"2025-07-17T14:41:25","modified_gmt":"2025-07-17T13:41:25","slug":"ueber-uns","status":"publish","type":"page","link":"https:\/\/www.sibo.it\/de\/ueber-uns\/","title":{"rendered":"Firma"},"content":{"rendered":"\t\t<div data-elementor-type=\"wp-page\" data-elementor-id=\"2555\" class=\"elementor elementor-2555 elementor-188\" data-elementor-post-type=\"page\">\n\t\t\t\t\t\t<section class=\"elementor-section elementor-top-section elementor-element elementor-element-8439d52 pc-section-shape-background p-t-xxl p-b-xxl elementor-section-content-middle elementor-section-boxed elementor-section-height-default elementor-section-height-default\" data-id=\"8439d52\" data-element_type=\"section\" data-e-type=\"section\" data-settings=\"{&quot;background_background&quot;:&quot;classic&quot;}\">\r\n\t\t\r\n\t\t\t\t\t\t\t<div class=\"elementor-container elementor-column-gap-default\">\r\n\t\t\t\t\t\t\t\t\t\t\t<div class=\"elementor-column elementor-col-50 elementor-top-column elementor-element elementor-element-cecb7f2 z-index-2 pe-lg-4 my-lg-4\" data-id=\"cecb7f2\" data-element_type=\"column\" data-e-type=\"column\">\r\n\t\t\t\t\t<div class=\"elementor-widget-wrap elementor-element-populated\">\r\n\t\t\t\t\t\t\t\t<div class=\"elementor-element elementor-element-ab92529 mb-0 box-shadow-3 elementor-invisible elementor-widget elementor-widget-image\" data-id=\"ab92529\" data-element_type=\"widget\" data-e-type=\"widget\" data-settings=\"{&quot;_animation&quot;:&quot;fadeInLeft&quot;,&quot;_animation_delay&quot;:200}\" data-widget_type=\"image.default\">\n\t\t\t\t<div class=\"elementor-widget-container\">\n\t\t\t\t\t\t\t\t\t\t\t\t\t\t\t<img decoding=\"async\" src=\"https:\/\/www.sibo.it\/wp-content\/uploads\/2022\/12\/metallo-tubi.jpg\" title=\"\" alt=\"\" loading=\"lazy\" \/>\t\t\t\t\t\t\t\t\t\t\t\t\t\t\t<\/div>\n\t\t\t\t<\/div>\n\t\t\t\t\t<\/div>\r\n\t\t\t\t<\/div>\r\n\t\t\t\t<div class=\"elementor-column elementor-col-50 elementor-top-column elementor-element elementor-element-6896157 z-index-2  my-lg-4 elementor-invisible\" data-id=\"6896157\" data-element_type=\"column\" data-e-type=\"column\" data-settings=\"{&quot;animation&quot;:&quot;fadeInLeft&quot;,&quot;animation_delay&quot;:500}\">\r\n\t\t\t\t\t<div class=\"elementor-widget-wrap elementor-element-populated\">\r\n\t\t\t\t\t\t\t\t<div class=\"elementor-element elementor-element-80efb34 py-2 mb-0 elementor-widget elementor-widget-heading\" data-id=\"80efb34\" data-element_type=\"widget\" data-e-type=\"widget\" data-widget_type=\"heading.default\">\n\t\t\t\t<div class=\"elementor-widget-container\">\n\t\t\t\t\t<h3 class=\"elementor-heading-title elementor-size-default\">SIBO ENGINEERING<\/h3>\t\t\t\t<\/div>\n\t\t\t\t<\/div>\n\t\t\t\t<div class=\"elementor-element elementor-element-f867c3e mb-3 elementor-widget elementor-widget-heading\" data-id=\"f867c3e\" data-element_type=\"widget\" data-e-type=\"widget\" data-widget_type=\"heading.default\">\n\t\t\t\t<div class=\"elementor-widget-container\">\n\t\t\t\t\t<h2 class=\"elementor-heading-title elementor-size-default\">Firmenprofil<\/h2>\t\t\t\t<\/div>\n\t\t\t\t<\/div>\n\t\t\t\t<div class=\"elementor-element elementor-element-f1e9071 pb-3 mb-4 custom-font1 elementor-widget elementor-widget-heading\" data-id=\"f1e9071\" data-element_type=\"widget\" data-e-type=\"widget\" data-widget_type=\"heading.default\">\n\t\t\t\t<div class=\"elementor-widget-container\">\n\t\t\t\t\t<p class=\"elementor-heading-title elementor-size-default\"><span style=\"font-size: 19.6px\">SIBO Engineering f\u00fchrt die glorreiche Tradition des Firmengr\u00fcnders GRAZIANO BRUSA fort, der das Unternehmen 1830 ins Leben rief.<\/span><\/p>\t\t\t\t<\/div>\n\t\t\t\t<\/div>\n\t\t\t\t<div class=\"elementor-element elementor-element-e61e8c9 elementor-widget elementor-widget-heading\" data-id=\"e61e8c9\" data-element_type=\"widget\" data-e-type=\"widget\" data-widget_type=\"heading.default\">\n\t\t\t\t<div class=\"elementor-widget-container\">\n\t\t\t\t\t<p class=\"elementor-heading-title elementor-size-default\">SIBO Engineering, die Societ\u00e0 Industriegesellschaft Brusa Ornavasso, die heute von Alberto Brusa und seinem Sohn Graziano geleitet wird, wurde vor kurzem als eines der 150 \u00e4ltesten Unternehmen Italiens ausgezeichnet, das die italienische Geschichte mitgeschrieben hat, und steht nach wie vor f\u00fcr Qualit\u00e4t, Zuverl\u00e4ssigkeit und Innovation. Vorsprung, Fortschritt, Erfolg. 100% aus italienischem Know-how. Vorsprung, Fortschritt, Erfolg. 100% aus italienischem Know-how.<\/p>\t\t\t\t<\/div>\n\t\t\t\t<\/div>\n\t\t\t\t\t<\/div>\r\n\t\t\t\t<\/div>\r\n\t\t\t\t\t<\/div>\r\n\t\t\t\t<\/section>\r\n\t\t\t\t<section class=\"elementor-section elementor-top-section elementor-element elementor-element-f773bde pc-section-shape-background shape-reverse p-t-xxl p-b-xxl elementor-section-content-middle elementor-section-boxed elementor-section-height-default elementor-section-height-default\" data-id=\"f773bde\" data-element_type=\"section\" data-e-type=\"section\" data-settings=\"{&quot;background_background&quot;:&quot;classic&quot;}\">\r\n\t\t\r\n\t\t\t\t\t\t\t<div class=\"elementor-container elementor-column-gap-default\">\r\n\t\t\t\t\t\t\t\t\t\t\t<div class=\"elementor-column elementor-col-50 elementor-top-column elementor-element elementor-element-ac30027 z-index-2 ps-lg-4 my-lg-4 order-lg-2\" data-id=\"ac30027\" data-element_type=\"column\" data-e-type=\"column\">\r\n\t\t\t\t\t<div class=\"elementor-widget-wrap elementor-element-populated\">\r\n\t\t\t\t\t\t\t\t<div class=\"elementor-element elementor-element-97dfc99 mb-0 box-shadow-3 elementor-invisible elementor-widget elementor-widget-image\" data-id=\"97dfc99\" data-element_type=\"widget\" data-e-type=\"widget\" data-settings=\"{&quot;_animation&quot;:&quot;fadeInRight&quot;,&quot;_animation_delay&quot;:500}\" data-widget_type=\"image.default\">\n\t\t\t\t<div class=\"elementor-widget-container\">\n\t\t\t\t\t\t\t\t\t\t\t\t\t\t\t<img fetchpriority=\"high\" decoding=\"async\" width=\"524\" height=\"464\" src=\"https:\/\/www.sibo.it\/wp-content\/uploads\/2022\/12\/legno-giochi.jpg\" class=\"attachment-full size-full wp-image-2132\" alt=\"\" srcset=\"https:\/\/www.sibo.it\/wp-content\/uploads\/2022\/12\/legno-giochi.jpg 524w, https:\/\/www.sibo.it\/wp-content\/uploads\/2022\/12\/legno-giochi-400x354.jpg 400w\" sizes=\"(max-width: 524px) 100vw, 524px\" \/>\t\t\t\t\t\t\t\t\t\t\t\t\t\t\t<\/div>\n\t\t\t\t<\/div>\n\t\t\t\t\t<\/div>\r\n\t\t\t\t<\/div>\r\n\t\t\t\t<div class=\"elementor-column elementor-col-50 elementor-top-column elementor-element elementor-element-da16fdc z-index-2  my-lg-4 elementor-invisible\" data-id=\"da16fdc\" data-element_type=\"column\" data-e-type=\"column\" data-settings=\"{&quot;animation&quot;:&quot;fadeInRight&quot;,&quot;animation_delay&quot;:200}\">\r\n\t\t\t\t\t<div class=\"elementor-widget-wrap elementor-element-populated\">\r\n\t\t\t\t\t\t\t\t<div class=\"elementor-element elementor-element-96fb1d7 mb-3 elementor-widget elementor-widget-heading\" data-id=\"96fb1d7\" data-element_type=\"widget\" data-e-type=\"widget\" data-widget_type=\"heading.default\">\n\t\t\t\t<div class=\"elementor-widget-container\">\n\t\t\t\t\t<h2 class=\"elementor-heading-title elementor-size-default\">Wer Wir Sind<\/h2>\t\t\t\t<\/div>\n\t\t\t\t<\/div>\n\t\t\t\t<div class=\"elementor-element elementor-element-4aa71aa elementor-widget elementor-widget-heading\" data-id=\"4aa71aa\" data-element_type=\"widget\" data-e-type=\"widget\" data-widget_type=\"heading.default\">\n\t\t\t\t<div class=\"elementor-widget-container\">\n\t\t\t\t\t<p class=\"elementor-heading-title elementor-size-default\">SIBO Engineering stellt seit den ersten Jahren hochmoderne Holzbearbeitungsmaschinen her, die eine breite Palette von mechanischen, hydraulischen, CNC-Maschinen und automatischen\/halbautomatischen Linien umfassen.<\/p>\t\t\t\t<\/div>\n\t\t\t\t<\/div>\n\t\t\t\t<div class=\"elementor-element elementor-element-b100db1 elementor-widget elementor-widget-heading\" data-id=\"b100db1\" data-element_type=\"widget\" data-e-type=\"widget\" data-widget_type=\"heading.default\">\n\t\t\t\t<div class=\"elementor-widget-container\">\n\t\t\t\t\t<p class=\"elementor-heading-title elementor-size-default\">Fr\u00e4smaschinen, Router und Schleifmaschinen: Maschinen zur Bearbeitung verschiedener Arten von Holzproben wie alle Arten von Pinseln, Besen und landwirtschaftlichen Werkzeugen, Messergriffen, Besenbl\u00f6cken und Besenstilen, Gehst\u00f6cken sowie zugeh\u00f6rigen Griffen und Haltern.<\/p>\t\t\t\t<\/div>\n\t\t\t\t<\/div>\n\t\t\t\t<div class=\"elementor-element elementor-element-a54705a elementor-widget elementor-widget-heading\" data-id=\"a54705a\" data-element_type=\"widget\" data-e-type=\"widget\" data-widget_type=\"heading.default\">\n\t\t\t\t<div class=\"elementor-widget-container\">\n\t\t\t\t\t<p class=\"elementor-heading-title elementor-size-default\">Maschinen f\u00fcr die Oberfl\u00e4chenbearbeitung von Metallen haben in den letzten Jahrzehnten auch in der Produktion von SIBO an Bedeutung gewonnen, um einen immer anspruchsvolleren Markt zu bedienen. Dazu geh\u00f6ren Maschinen zum Schleifen, Satinieren und Polieren von geraden und gebogenen Rohren mit rundem, ovalem oder unregelm\u00e4\u00dfigem Querschnitt sowie von Stangen, Profilen und flachen Oberfl\u00e4chen aus Stahl, Aluminium, Edelstahl, Messing usw., wie z. B. M\u00f6belteile, Betten, Heizk\u00f6rper usw...<\/p>\t\t\t\t<\/div>\n\t\t\t\t<\/div>\n\t\t\t\t<div class=\"elementor-element elementor-element-263a01e elementor-widget elementor-widget-heading\" data-id=\"263a01e\" data-element_type=\"widget\" data-e-type=\"widget\" data-widget_type=\"heading.default\">\n\t\t\t\t<div class=\"elementor-widget-container\">\n\t\t\t\t\t<p class=\"elementor-heading-title elementor-size-default\">Die fundierte Erfahrung im Ingenieurwesen gepaart mit modernsten Designtechnologien verschafft SIBO Engineering die Spitzenposition bei der Entwicklung individueller L\u00f6sungen, ma\u00dfgeschneidert auf die Bed\u00fcrfnisse jedes Kunden.<\/p>\t\t\t\t<\/div>\n\t\t\t\t<\/div>\n\t\t\t\t\t<\/div>\r\n\t\t\t\t<\/div>\r\n\t\t\t\t\t<\/div>\r\n\t\t\t\t<\/section>\r\n\t\t\t\t<section class=\"elementor-section elementor-top-section elementor-element elementor-element-b9a1310 px-gutter elementor-section-boxed elementor-section-height-default elementor-section-height-default\" data-id=\"b9a1310\" data-element_type=\"section\" data-e-type=\"section\" data-settings=\"{&quot;background_background&quot;:&quot;classic&quot;}\">\r\n\t\t\r\n\t\t\t\t\t\t\t<div class=\"elementor-container elementor-column-gap-default\">\r\n\t\t\t\t\t\t\t\t\t\t\t<div class=\"elementor-column elementor-col-100 elementor-top-column elementor-element elementor-element-175415a\" data-id=\"175415a\" data-element_type=\"column\" data-e-type=\"column\">\r\n\t\t\t\t\t<div class=\"elementor-widget-wrap elementor-element-populated\">\r\n\t\t\t\t\t\t\t\t<div class=\"elementor-element elementor-element-3ac54f3 mb-3 elementor-invisible elementor-widget elementor-widget-heading\" data-id=\"3ac54f3\" data-element_type=\"widget\" data-e-type=\"widget\" data-settings=\"{&quot;_animation_delay&quot;:400,&quot;_animation&quot;:&quot;fadeInUp&quot;}\" data-widget_type=\"heading.default\">\n\t\t\t\t<div class=\"elementor-widget-container\">\n\t\t\t\t\t<h2 class=\"elementor-heading-title elementor-size-default\">UNSERE GESCHICHTE\n<\/h2>\t\t\t\t<\/div>\n\t\t\t\t<\/div>\n\t\t\t\t<div class=\"elementor-element elementor-element-3d1997b py-2 mb-0 elementor-invisible elementor-widget elementor-widget-heading\" data-id=\"3d1997b\" data-element_type=\"widget\" data-e-type=\"widget\" data-settings=\"{&quot;_animation_delay&quot;:200,&quot;_animation&quot;:&quot;fadeInUp&quot;}\" data-widget_type=\"heading.default\">\n\t\t\t\t<div class=\"elementor-widget-container\">\n\t\t\t\t\t<h3 class=\"elementor-heading-title elementor-size-default\"><span>eine der 150 \u00e4ltesten Gesellschaften Italiens<\/span><\/h3>\t\t\t\t<\/div>\n\t\t\t\t<\/div>\n\t\t\t\t<div class=\"elementor-element elementor-element-fac7c76 py-2 mb-0 elementor-invisible elementor-widget elementor-widget-heading\" data-id=\"fac7c76\" data-element_type=\"widget\" data-e-type=\"widget\" data-settings=\"{&quot;_animation_delay&quot;:200,&quot;_animation&quot;:&quot;fadeInUp&quot;}\" data-widget_type=\"heading.default\">\n\t\t\t\t<div class=\"elementor-widget-container\">\n\t\t\t\t\t<h3 class=\"elementor-heading-title elementor-size-default\">SEIT 1830<\/h3>\t\t\t\t<\/div>\n\t\t\t\t<\/div>\n\t\t\t\t<div class=\"elementor-element elementor-element-52ef764 elementor-tabs-view-vertical elementor-widget elementor-widget-tabs\" data-id=\"52ef764\" data-element_type=\"widget\" data-e-type=\"widget\" data-widget_type=\"tabs.default\">\n\t\t\t\t<div class=\"elementor-widget-container\">\n\t\t\t\t\t\t\t<div class=\"elementor-tabs\">\n\t\t\t<div class=\"elementor-tabs-wrapper\" role=\"tablist\" >\n\t\t\t\t\t\t\t\t\t<div id=\"elementor-tab-title-8691\" class=\"elementor-tab-title elementor-tab-desktop-title\" aria-selected=\"true\" data-tab=\"1\" role=\"tab\" tabindex=\"0\" aria-controls=\"elementor-tab-content-8691\" aria-expanded=\"false\">1830<\/div>\n\t\t\t\t\t\t\t\t\t<div id=\"elementor-tab-title-8692\" class=\"elementor-tab-title elementor-tab-desktop-title\" aria-selected=\"false\" data-tab=\"2\" role=\"tab\" tabindex=\"-1\" aria-controls=\"elementor-tab-content-8692\" aria-expanded=\"false\">1968<\/div>\n\t\t\t\t\t\t\t\t\t<div id=\"elementor-tab-title-8693\" class=\"elementor-tab-title elementor-tab-desktop-title\" aria-selected=\"false\" data-tab=\"3\" role=\"tab\" tabindex=\"-1\" aria-controls=\"elementor-tab-content-8693\" aria-expanded=\"false\">1999<\/div>\n\t\t\t\t\t\t\t\t\t<div id=\"elementor-tab-title-8694\" class=\"elementor-tab-title elementor-tab-desktop-title\" aria-selected=\"false\" data-tab=\"4\" role=\"tab\" tabindex=\"-1\" aria-controls=\"elementor-tab-content-8694\" aria-expanded=\"false\">2016<\/div>\n\t\t\t\t\t\t\t\t\t<div id=\"elementor-tab-title-8695\" class=\"elementor-tab-title elementor-tab-desktop-title\" aria-selected=\"false\" data-tab=\"5\" role=\"tab\" tabindex=\"-1\" aria-controls=\"elementor-tab-content-8695\" aria-expanded=\"false\">2019<\/div>\n\t\t\t\t\t\t\t\t\t<div id=\"elementor-tab-title-8696\" class=\"elementor-tab-title elementor-tab-desktop-title\" aria-selected=\"false\" data-tab=\"6\" role=\"tab\" tabindex=\"-1\" aria-controls=\"elementor-tab-content-8696\" aria-expanded=\"false\">2019<\/div>\n\t\t\t\t\t\t\t\t\t<div id=\"elementor-tab-title-8697\" class=\"elementor-tab-title elementor-tab-desktop-title\" aria-selected=\"false\" data-tab=\"7\" role=\"tab\" tabindex=\"-1\" aria-controls=\"elementor-tab-content-8697\" aria-expanded=\"false\">2021<\/div>\n\t\t\t\t\t\t\t<\/div>\n\t\t\t<div class=\"elementor-tabs-content-wrapper\" role=\"tablist\" aria-orientation=\"vertical\">\n\t\t\t\t\t\t\t\t\t<div class=\"elementor-tab-title elementor-tab-mobile-title\" aria-selected=\"true\" data-tab=\"1\" role=\"tab\" tabindex=\"0\" aria-controls=\"elementor-tab-content-8691\" aria-expanded=\"false\">1830<\/div>\n\t\t\t\t\t<div id=\"elementor-tab-content-8691\" class=\"elementor-tab-content elementor-clearfix\" data-tab=\"1\" role=\"tabpanel\" aria-labelledby=\"elementor-tab-title-8691\" tabindex=\"0\" hidden=\"false\"><h4>Gr\u00fcndung<\/h4>\n<p>Graziano Brusa Antonini gr\u00fcndete das Unternehmen <strong>Graziano Brusa Costruzioni Meccaniche&#8220;<\/strong>. Die Geschichte beginnt.<\/p>\n<p><img decoding=\"async\" class=\"immagine tonda css: float-start img-fluid rounded-circle me-4 mb-4 alignnone wp-image-3010 size-medium\" src=\"https:\/\/www.sibo.it\/wp-content\/uploads\/2023\/02\/1830-Fondazione-300x300.jpg\" alt=\"1830-Fondazione\" width=\"300\" height=\"300\"><\/p>\n<\/div>\n\t\t\t\t\t\t\t\t\t<div class=\"elementor-tab-title elementor-tab-mobile-title\" aria-selected=\"false\" data-tab=\"2\" role=\"tab\" tabindex=\"-1\" aria-controls=\"elementor-tab-content-8692\" aria-expanded=\"false\">1968<\/div>\n\t\t\t\t\t<div id=\"elementor-tab-content-8692\" class=\"elementor-tab-content elementor-clearfix\" data-tab=\"2\" role=\"tabpanel\" aria-labelledby=\"elementor-tab-title-8692\" tabindex=\"0\" hidden=\"hidden\"><h4>SIBO<\/h4>\n<p><strong>Alberto Brusa Antonini<\/strong> benennt das Unternehmen in <strong>SIBO<\/strong>, <strong>S<\/strong>ociet\u00e0 <strong>I<\/strong>ndustrial <strong>B<\/strong>rusa <strong>O<\/strong>rnavasso, um und frischt damit das Image des Unternehmens auf, das heute eine bedeutende Industrieanlage in seiner Heimatstadt Ornavasso (Verbania) ist.<\/p>\n<p><img decoding=\"async\" class=\"immagine tonda css: float-start img-fluid rounded-circle me-4 mb-4 alignnone wp-image-3004 size-full\" src=\"https:\/\/www.sibo.it\/wp-content\/uploads\/2023\/02\/1968-sibo.jpg\" alt=\"1968-SIBO\" width=\"299\" height=\"300\"><\/p>\n<\/div>\n\t\t\t\t\t\t\t\t\t<div class=\"elementor-tab-title elementor-tab-mobile-title\" aria-selected=\"false\" data-tab=\"3\" role=\"tab\" tabindex=\"-1\" aria-controls=\"elementor-tab-content-8693\" aria-expanded=\"false\">1999<\/div>\n\t\t\t\t\t<div id=\"elementor-tab-content-8693\" class=\"elementor-tab-content elementor-clearfix\" data-tab=\"3\" role=\"tabpanel\" aria-labelledby=\"elementor-tab-title-8693\" tabindex=\"0\" hidden=\"hidden\"><h4>Wissen<\/h4>\n<p><strong>Wissen ist wichtig.<\/strong> Auf der Grundlage langj\u00e4hriger Erfahrung und angewandter Technologie wurde <strong>SIBO Engineering<\/strong> k\u00fcrzlich mit dem renommierten internationalen Preis &#8222;<strong>ERCOLE D&#8217;ORO<\/strong>&#8220; der Akademie der Wissenschaften in Rom ausgezeichnet.<\/p>\n<\/p>\n<p><img loading=\"lazy\" decoding=\"async\" class=\"immagine tonda css: float-start img-fluid rounded-circle me-4 mb-4 alignnone wp-image-2998 size-medium\" src=\"https:\/\/www.sibo.it\/wp-content\/uploads\/2023\/02\/1999-Conoscenza-300x300.jpg\" alt=\"1999-Wissen\" width=\"300\" height=\"300\"><\/p>\n<\/div>\n\t\t\t\t\t\t\t\t\t<div class=\"elementor-tab-title elementor-tab-mobile-title\" aria-selected=\"false\" data-tab=\"4\" role=\"tab\" tabindex=\"-1\" aria-controls=\"elementor-tab-content-8694\" aria-expanded=\"false\">2016<\/div>\n\t\t\t\t\t<div id=\"elementor-tab-content-8694\" class=\"elementor-tab-content elementor-clearfix\" data-tab=\"4\" role=\"tabpanel\" aria-labelledby=\"elementor-tab-title-8694\" tabindex=\"0\" hidden=\"hidden\"><h4>SIBO Engineering<\/h4>\n<p>Neben den mechanischen, hydraulischen, automatischen, halbautomatischen und CNC-Maschinen und -Anlagen f\u00fcr die Bearbeitung von Holz, Kork, Kunststoff und Metall stellt <strong>SIBO Engineering<\/strong> nach den Regeln des Probleml\u00f6sungskonzepts Spezialmaschinen her, die eigens entwickelt wurden, um den <strong>spezifischen Anforderungen<\/strong> der Kunden gerecht zu werden, die sich t\u00e4glich einem anspruchsvollen Markt stellen m\u00fcssen.<\/p>\n<p>Werte, auf die wir stolz sind, wie Kompetenz, Seriosit\u00e4t, Korrektheit, Service, Liebe zum Detail, Sorge um die Anforderungen der Kunden und Fachwissen bei der Probleml\u00f6sung, zeichnen unsere <strong>Arbeit<\/strong> und unser <strong>Verhalten<\/strong> aus, was durch die Treue und Vorliebe vieler internationaler Kunden best\u00e4tigt wird, die in <strong>SIBO Engineering <\/strong>den <strong>idealen Partner<\/strong> finden, auf den sie sich verlassen k\u00f6nnen.<\/p>\n<p><img loading=\"lazy\" decoding=\"async\" class=\"alignnone size-full wp-image-3022\" src=\"https:\/\/www.sibo.it\/wp-content\/uploads\/2023\/02\/2016-SIBO-Engineering.png\" alt=\"2016-SIBO Engineering\" width=\"277\" height=\"104\"><\/p>\n<\/div>\n\t\t\t\t\t\t\t\t\t<div class=\"elementor-tab-title elementor-tab-mobile-title\" aria-selected=\"false\" data-tab=\"5\" role=\"tab\" tabindex=\"-1\" aria-controls=\"elementor-tab-content-8695\" aria-expanded=\"false\">2019<\/div>\n\t\t\t\t\t<div id=\"elementor-tab-content-8695\" class=\"elementor-tab-content elementor-clearfix\" data-tab=\"5\" role=\"tabpanel\" aria-labelledby=\"elementor-tab-title-8695\" tabindex=\"0\" hidden=\"hidden\"><h4>Unternehmenspreis &#8222;Women Value Company-Intesa Sanpaolo&#8220;<\/h4>\n<p>Unser Unternehmen wurde unter den Finalisten f\u00fcr die prestigetr\u00e4chtige Auszeichnung \u201eWomen Value Company\u201c ausgew\u00e4hlt, die kleine und mittlere Unternehmen in Italien auszeichnet, die sich f\u00fcr die F\u00f6rderung der Gleichstellung und die Ber\u00fccksichtigung der Stellung von Frauen und des Wohlergehens ihrer Mitarbeiter einsetzen.<\/p>\n<p><img loading=\"lazy\" decoding=\"async\" class=\"immagine tonda css: float-start img-fluid rounded-circle me-4 mb-4 alignnone wp-image-3016 size-full\" src=\"https:\/\/www.sibo.it\/wp-content\/uploads\/2023\/02\/2019-Premio-Women.jpg\" alt=\"2019-Premio Women\" width=\"300\" height=\"299\"><\/p>\n<\/div>\n\t\t\t\t\t\t\t\t\t<div class=\"elementor-tab-title elementor-tab-mobile-title\" aria-selected=\"false\" data-tab=\"6\" role=\"tab\" tabindex=\"-1\" aria-controls=\"elementor-tab-content-8696\" aria-expanded=\"false\">2019<\/div>\n\t\t\t\t\t<div id=\"elementor-tab-content-8696\" class=\"elementor-tab-content elementor-clearfix\" data-tab=\"6\" role=\"tabpanel\" aria-labelledby=\"elementor-tab-title-8696\" tabindex=\"0\" hidden=\"hidden\"><h4>Forbes<\/h4>\n<p>Das renommierte Wirtschaftsmagazin <strong>FORBES<\/strong> hat die Rangliste der <strong>100 erfolgreichsten italienische Frauen des Jahres 2019<\/strong> erstellt. In dieser renommierten Rangliste wurde <strong>Frau Maria Castelnovo<\/strong>, Verwaltungsdirektorin von SIBO Engineering, unter Filmstars, Wissenschaftlern, Sportikonen und erfolgreichen Managern ausgew\u00e4hlt von gro\u00dfen Unternehmen und kleinen Familienunternehmen. Eine sehr gute Wahl, denn sie ist eine Frau, die seit 1971 mit gro\u00dfer Professionalit\u00e4t und Diskretion das Verwaltungsb\u00fcro von SIBO Engineering leitet, ohne dabei ihre Rolle als Ehefrau und Mutter zu vergessen. Alle Mitarbeiter von Sibo Engineering sind sich der gro\u00dfen Bedeutung von Frau Castelnovo f\u00fcr das Unternehmen bewusst und sind sehr stolz auf die verdiente Anerkennung, die sie in diesem Jahr erhalten hat.<\/p>\n<p><img loading=\"lazy\" decoding=\"async\" class=\"immagine tonda css: float-start img-fluid rounded-circle me-4 mb-4 alignnone wp-image-3034 size-medium\" src=\"https:\/\/www.sibo.it\/wp-content\/uploads\/2023\/02\/2019-Forbes-300x300.jpg\" alt=\"2019-Forbes\" width=\"300\" height=\"300\"><\/p>\n<\/div>\n\t\t\t\t\t\t\t\t\t<div class=\"elementor-tab-title elementor-tab-mobile-title\" aria-selected=\"false\" data-tab=\"7\" role=\"tab\" tabindex=\"-1\" aria-controls=\"elementor-tab-content-8697\" aria-expanded=\"false\">2021<\/div>\n\t\t\t\t\t<div id=\"elementor-tab-content-8697\" class=\"elementor-tab-content elementor-clearfix\" data-tab=\"7\" role=\"tabpanel\" aria-labelledby=\"elementor-tab-title-8697\" tabindex=\"0\" hidden=\"hidden\"><h4>CONTROVENTO<\/h4>\n<p>Im Jahr <strong>2020\/2021<\/strong> hat <strong>SIBO Engineering<\/strong> trotz der Krise aufgrund der Pandemie nicht nur nie aufgeh\u00f6rt zu arbeiten, sondern seine Produktion erh\u00f6ht und durch die Entwicklung neuer Maschinen weiterhin Innovationen entwickelt. Aus diesem Grund haben <strong>CRIBIS und Nomisma<\/strong> unserem Unternehmen besondere Anerkennung f\u00fcr seine F\u00e4higkeit verliehen, &#8222;<strong>Schiffen gegen Winden<\/strong>&#8222;.<\/p>\n<p><img loading=\"lazy\" decoding=\"async\" class=\"immagine tonda css: float-start img-fluid rounded-circle me-4 mb-4 alignnone wp-image-3028 size-medium\" src=\"https:\/\/www.sibo.it\/wp-content\/uploads\/2023\/02\/2021-Controvento-300x300.jpg\" alt=\"\" width=\"300\" height=\"300\"><\/p>\n<\/div>\n\t\t\t\t\t\t\t<\/div>\n\t\t<\/div>\n\t\t\t\t\t\t<\/div>\n\t\t\t\t<\/div>\n\t\t\t\t\t<\/div>\r\n\t\t\t\t<\/div>\r\n\t\t\t\t\t<\/div>\r\n\t\t\t\t<\/section>\r\n\t\t\t\t<section class=\"elementor-section elementor-top-section elementor-element elementor-element-4488200 elementor-section-content-middle overlay-primary elementor-section-boxed elementor-section-height-default elementor-section-height-default\" data-id=\"4488200\" data-element_type=\"section\" data-e-type=\"section\" data-settings=\"{&quot;background_background&quot;:&quot;classic&quot;}\">\r\n\t\t\r\n\t\t\t\t\t\t\t<div class=\"elementor-container elementor-column-gap-default\">\r\n\t\t\t\t\t\t\t\t\t\t\t<div class=\"elementor-column elementor-col-50 elementor-top-column elementor-element elementor-element-acbcaf3\" data-id=\"acbcaf3\" data-element_type=\"column\" data-e-type=\"column\">\r\n\t\t\t\t\t<div class=\"elementor-widget-wrap elementor-element-populated\">\r\n\t\t\t\t\t\t\t\t<div class=\"elementor-element elementor-element-5c03716 elementor-widget elementor-widget-heading\" data-id=\"5c03716\" data-element_type=\"widget\" data-e-type=\"widget\" data-widget_type=\"heading.default\">\n\t\t\t\t<div class=\"elementor-widget-container\">\n\t\t\t\t\t<h2 class=\"elementor-heading-title elementor-size-default\"><h2 class=\"elementor-heading-title elementor-size-default\">Nach W\u00fcnsch<\/h2><\/h2>\t\t\t\t<\/div>\n\t\t\t\t<\/div>\n\t\t\t\t\t<\/div>\r\n\t\t\t\t<\/div>\r\n\t\t\t\t<div class=\"elementor-column elementor-col-50 elementor-top-column elementor-element elementor-element-70657b0\" data-id=\"70657b0\" data-element_type=\"column\" data-e-type=\"column\">\r\n\t\t\t\t\t<div class=\"elementor-widget-wrap elementor-element-populated\">\r\n\t\t\t\t\t\t\t\t<div class=\"elementor-element elementor-element-de27f5e btn-triangle text-lg-end elementor-widget elementor-widget-porto_button\" data-id=\"de27f5e\" data-element_type=\"widget\" data-e-type=\"widget\" data-widget_type=\"porto_button.default\">\n\t\t\t\t<div class=\"elementor-widget-container\">\n\t\t\t\t\t<a class=\"btn btn-lg btn-light btn-modern\" href=\"https:\/\/www.sibo.it\/de\/kontakt-uns\/\"><span >Infos anfordern<\/span><\/a>\t\t\t\t<\/div>\n\t\t\t\t<\/div>\n\t\t\t\t\t<\/div>\r\n\t\t\t\t<\/div>\r\n\t\t\t\t\t<\/div>\r\n\t\t\t\t<\/section>\r\n\t\t\t\t<\/div>\n\t\t","protected":false},"excerpt":{"rendered":"<p>SIBO ENGINEERING Firmenprofil SIBO Engineering f\u00fchrt die glorreiche Tradition des Firmengr\u00fcnders GRAZIANO BRUSA fort, der das Unternehmen 1830 ins Leben rief. SIBO Engineering, die Societ\u00e0 Industriegesellschaft Brusa Ornavasso, die heute von Alberto Brusa und seinem Sohn Graziano geleitet wird, wurde vor kurzem als eines der 150 \u00e4ltesten Unternehmen Italiens ausgezeichnet, das die italienische Geschichte mitgeschrieben [&hellip;]<\/p>\n","protected":false},"author":3,"featured_media":0,"parent":0,"menu_order":0,"comment_status":"closed","ping_status":"closed","template":"","meta":{"_acf_changed":false,"footnotes":""},"class_list":["post-2555","page","type-page","status-publish","hentry"],"acf":[],"_links":{"self":[{"href":"https:\/\/www.sibo.it\/de\/wp-json\/wp\/v2\/pages\/2555","targetHints":{"allow":["GET"]}}],"collection":[{"href":"https:\/\/www.sibo.it\/de\/wp-json\/wp\/v2\/pages"}],"about":[{"href":"https:\/\/www.sibo.it\/de\/wp-json\/wp\/v2\/types\/page"}],"author":[{"embeddable":true,"href":"https:\/\/www.sibo.it\/de\/wp-json\/wp\/v2\/users\/3"}],"replies":[{"embeddable":true,"href":"https:\/\/www.sibo.it\/de\/wp-json\/wp\/v2\/comments?post=2555"}],"version-history":[{"count":70,"href":"https:\/\/www.sibo.it\/de\/wp-json\/wp\/v2\/pages\/2555\/revisions"}],"predecessor-version":[{"id":20219,"href":"https:\/\/www.sibo.it\/de\/wp-json\/wp\/v2\/pages\/2555\/revisions\/20219"}],"wp:attachment":[{"href":"https:\/\/www.sibo.it\/de\/wp-json\/wp\/v2\/media?parent=2555"}],"curies":[{"name":"wp","href":"https:\/\/api.w.org\/{rel}","templated":true}]}}